{"id":1682,"date":"2020-03-11T11:39:19","date_gmt":"2020-03-11T11:39:19","guid":{"rendered":"https:\/\/pampat.tn\/?page_id=1682"},"modified":"2021-06-01T15:14:39","modified_gmt":"2021-06-01T15:14:39","slug":"harissa-avec-food-quality-label-tunisia","status":"publish","type":"page","link":"https:\/\/pampat.tn\/en\/harissa-avec-food-quality-label-tunisia\/","title":{"rendered":"Harissa with Food Quality Label Tunisia"},"content":{"rendered":"<div data-elementor-type=\"wp-post\" data-elementor-id=\"1682\" class=\"elementor elementor-1682\" data-elementor-settings=\"[]\">\n\t\t\t\t\t\t<div class=\"elementor-inner\">\n\t\t\t\t\t\t\t<div class=\"elementor-section-wrap\">\n\t\t\t\t\t\t\t<section class=\"elementor-section elementor-top-section elementor-element elementor-element-aa6ca57 elementor-section-boxed elementor-section-height-default elementor-section-height-default\" data-id=\"aa6ca57\" data-element_type=\"section\" data-settings=\"{&quot;background_background&quot;:&quot;classic&quot;}\">\n\t\t\t\t\t\t\t<div class=\"elementor-background-overlay\"><\/div>\n\t\t\t\t\t\t\t<div class=\"elementor-container elementor-column-gap-default\">\n\t\t\t\t\t\t\t<div class=\"elementor-row\">\n\t\t\t\t\t<div class=\"elementor-column elementor-col-100 elementor-top-column elementor-element elementor-element-7ec1889\" data-id=\"7ec1889\" data-element_type=\"column\">\n\t\t\t<div class=\"elementor-column-wrap elementor-element-populated\">\n\t\t\t\t\t\t\t<div class=\"elementor-widget-wrap\">\n\t\t\t\t\t\t<div class=\"elementor-element elementor-element-1706a58 elementor-widget elementor-widget-ova_header_breadcrumbs\" data-id=\"1706a58\" data-element_type=\"widget\" data-widget_type=\"ova_header_breadcrumbs.default\">\n\t\t\t\t<div class=\"elementor-widget-container\">\n\t\t\t\t\t \t<!-- Display when you choose background per Post -->\n\t\t \t<div class=\"ova_header_el_bg\">\n\t\t \t\t<div class=\"cover_color\"><\/div>\n\t\t \t<\/div>\n\n\t\t\t<div class=\"ova_header_el\">\n\t\t\t\t\n\t\t\t\t\t\t\t\t\t<h1 class=\"second_font header_title\">\n\t\t\t\t\t\tHarissa with Food Quality Label Tunisia\t\t\t\t\t<\/h1>\n\t\t\t\t\n\n\t\t\t\t\n\t\t\t<\/div>\n\t\t\t\t<\/div>\n\t\t\t\t<\/div>\n\t\t\t\t\t\t<\/div>\n\t\t\t\t\t<\/div>\n\t\t<\/div>\n\t\t\t\t\t\t\t\t<\/div>\n\t\t\t\t\t<\/div>\n\t\t<\/section>\n\t\t\t\t<section class=\"elementor-section elementor-top-section elementor-element elementor-element-e343c2b elementor-section-content-space-between elementor-section-boxed elementor-section-height-default elementor-section-height-default\" data-id=\"e343c2b\" data-element_type=\"section\" data-settings=\"{&quot;background_background&quot;:&quot;classic&quot;}\">\n\t\t\t\t\t\t<div class=\"elementor-container elementor-column-gap-no\">\n\t\t\t\t\t\t\t<div class=\"elementor-row\">\n\t\t\t\t\t<div class=\"elementor-column elementor-col-100 elementor-top-column elementor-element elementor-element-4e1ba92\" data-id=\"4e1ba92\" data-element_type=\"column\">\n\t\t\t<div class=\"elementor-column-wrap elementor-element-populated\">\n\t\t\t\t\t\t\t<div class=\"elementor-widget-wrap\">\n\t\t\t\t\t\t<div class=\"elementor-element elementor-element-5ae039e elementor-widget elementor-widget-image\" data-id=\"5ae039e\" data-element_type=\"widget\" data-widget_type=\"image.default\">\n\t\t\t\t<div class=\"elementor-widget-container\">\n\t\t\t\t\t\t\t\t<div class=\"elementor-image\">\n\t\t\t\t\t\t\t\t\t\t\t\t<img loading=\"lazy\" decoding=\"async\" width=\"150\" height=\"150\" src=\"https:\/\/pampat.tn\/wp-content\/uploads\/2020\/03\/Tunisian-Harissa-01-150x150.png\" class=\"attachment-thumbnail size-thumbnail\" alt=\"\" srcset=\"https:\/\/pampat.tn\/wp-content\/uploads\/2020\/03\/Tunisian-Harissa-01-150x150.png 150w, https:\/\/pampat.tn\/wp-content\/uploads\/2020\/03\/Tunisian-Harissa-01-300x300.png 300w, https:\/\/pampat.tn\/wp-content\/uploads\/2020\/03\/Tunisian-Harissa-01-1024x1024.png 1024w, https:\/\/pampat.tn\/wp-content\/uploads\/2020\/03\/Tunisian-Harissa-01-768x768.png 768w, https:\/\/pampat.tn\/wp-content\/uploads\/2020\/03\/Tunisian-Harissa-01.png 1181w\" sizes=\"auto, (max-width: 150px) 100vw, 150px\" \/>\t\t\t\t\t\t\t\t\t\t\t\t\t\t<\/div>\n\t\t\t\t\t\t<\/div>\n\t\t\t\t<\/div>\n\t\t\t\t\t\t<\/div>\n\t\t\t\t\t<\/div>\n\t\t<\/div>\n\t\t\t\t\t\t\t\t<\/div>\n\t\t\t\t\t<\/div>\n\t\t<\/section>\n\t\t\t\t<section class=\"elementor-section elementor-top-section elementor-element elementor-element-6314e4d elementor-section-boxed elementor-section-height-default elementor-section-height-default\" data-id=\"6314e4d\" data-element_type=\"section\" data-settings=\"{&quot;background_background&quot;:&quot;classic&quot;}\">\n\t\t\t\t\t\t<div class=\"elementor-container elementor-column-gap-default\">\n\t\t\t\t\t\t\t<div class=\"elementor-row\">\n\t\t\t\t\t<div class=\"elementor-column elementor-col-66 elementor-top-column elementor-element elementor-element-9e3ff5f\" data-id=\"9e3ff5f\" data-element_type=\"column\">\n\t\t\t<div class=\"elementor-column-wrap elementor-element-populated\">\n\t\t\t\t\t\t\t<div class=\"elementor-widget-wrap\">\n\t\t\t\t\t\t<div class=\"elementor-element elementor-element-ef9bcdc elementor-drop-cap-yes elementor-drop-cap-view-default elementor-widget elementor-widget-text-editor\" data-id=\"ef9bcdc\" data-element_type=\"widget\" data-settings=\"{&quot;drop_cap&quot;:&quot;yes&quot;}\" data-widget_type=\"text-editor.default\">\n\t\t\t\t<div class=\"elementor-widget-container\">\n\t\t\t\t\t\t\t\t<div class=\"elementor-text-editor elementor-clearfix\">\n\t\t\t\t<p>The Food Quality Label is a distinctive sign owned by the Ministry of Industry to promote products with a specific higher quality such as harissa. When the PAMPAT 1 project started, no product in Tunisia was certified. UNIDO has supported the Ministry of Industry as well as the Tunisian Canned Food Industries Group (GICA) to set up the management and control system for harissa with Food Quality Label Tunisia.\u00a0<\/p><div>UNIDO has also supported harissa companies and over 300 chili pepper suppliers to comply with the label's product specifications. Today, 9 brands representing 50% of the national production are certified in Tunisia. These companies are audited by the National Institute for Standardization and Industrial Property (INNORPI), which will soon be the first accredited body in Tunisia for the certification of labeled harissa.\u00a0<\/div><div>\u00a0<\/div><div>At the same time, a promotional program for \"Tunisian Harissa\" has been set up with GICA and certified companies to make harissa known to the general public in several European countries and the USA.<\/div><div>In this framework several collaborations with gastronomic associations of well-known Tunisian<\/div><div>and foreign chef cooks have been established and have been able to generate increased media interest from different channels such as France 24, Euronews and Al Arabia. Today, harissa and olive oil are the only agro-food products in Tunisia around which a collective promotional program for improved market access has been developed.<\/div>\t\t\t\t\t<\/div>\n\t\t\t\t\t\t<\/div>\n\t\t\t\t<\/div>\n\t\t\t\t\t\t<\/div>\n\t\t\t\t\t<\/div>\n\t\t<\/div>\n\t\t\t\t<div class=\"elementor-column elementor-col-33 elementor-top-column elementor-element elementor-element-117259d\" data-id=\"117259d\" data-element_type=\"column\">\n\t\t\t<div class=\"elementor-column-wrap elementor-element-populated\">\n\t\t\t\t\t\t\t<div class=\"elementor-widget-wrap\">\n\t\t\t\t\t\t<div class=\"elementor-element elementor-element-20a923c elementor-widget elementor-widget-image\" data-id=\"20a923c\" data-element_type=\"widget\" data-widget_type=\"image.default\">\n\t\t\t\t<div class=\"elementor-widget-container\">\n\t\t\t\t\t\t\t\t<div class=\"elementor-image\">\n\t\t\t\t\t\t\t\t\t\t\t\t<img loading=\"lazy\" decoding=\"async\" width=\"680\" height=\"1020\" src=\"https:\/\/pampat.tn\/wp-content\/uploads\/2020\/04\/harissa-1.jpg\" class=\"attachment-large size-large\" alt=\"\" srcset=\"https:\/\/pampat.tn\/wp-content\/uploads\/2020\/04\/harissa-1.jpg 680w, https:\/\/pampat.tn\/wp-content\/uploads\/2020\/04\/harissa-1-200x300.jpg 200w\" sizes=\"auto, (max-width: 680px) 100vw, 680px\" \/>\t\t\t\t\t\t\t\t\t\t\t\t\t\t<\/div>\n\t\t\t\t\t\t<\/div>\n\t\t\t\t<\/div>\n\t\t\t\t\t\t<\/div>\n\t\t\t\t\t<\/div>\n\t\t<\/div>\n\t\t\t\t\t\t\t\t<\/div>\n\t\t\t\t\t<\/div>\n\t\t<\/section>\n\t\t\t\t<section class=\"elementor-section elementor-top-section elementor-element elementor-element-76701d0 elementor-section-boxed elementor-section-height-default elementor-section-height-default\" data-id=\"76701d0\" data-element_type=\"section\" data-settings=\"{&quot;background_background&quot;:&quot;classic&quot;}\">\n\t\t\t\t\t\t<div class=\"elementor-container elementor-column-gap-default\">\n\t\t\t\t\t\t\t<div class=\"elementor-row\">\n\t\t\t\t\t<div class=\"elementor-column elementor-col-33 elementor-top-column elementor-element elementor-element-0c6e184\" data-id=\"0c6e184\" data-element_type=\"column\">\n\t\t\t<div class=\"elementor-column-wrap elementor-element-populated\">\n\t\t\t\t\t\t\t<div class=\"elementor-widget-wrap\">\n\t\t\t\t\t\t<div class=\"elementor-element elementor-element-61cb516 elementor-widget elementor-widget-image\" data-id=\"61cb516\" data-element_type=\"widget\" data-widget_type=\"image.default\">\n\t\t\t\t<div class=\"elementor-widget-container\">\n\t\t\t\t\t\t\t\t<div class=\"elementor-image\">\n\t\t\t\t\t\t\t\t\t\t\t\t<img loading=\"lazy\" decoding=\"async\" width=\"775\" height=\"392\" src=\"https:\/\/pampat.tn\/wp-content\/uploads\/2020\/03\/Ph-harissa-2.jpg\" class=\"attachment-large size-large\" alt=\"\" srcset=\"https:\/\/pampat.tn\/wp-content\/uploads\/2020\/03\/Ph-harissa-2.jpg 775w, https:\/\/pampat.tn\/wp-content\/uploads\/2020\/03\/Ph-harissa-2-300x152.jpg 300w, https:\/\/pampat.tn\/wp-content\/uploads\/2020\/03\/Ph-harissa-2-768x388.jpg 768w\" sizes=\"auto, (max-width: 775px) 100vw, 775px\" \/>\t\t\t\t\t\t\t\t\t\t\t\t\t\t<\/div>\n\t\t\t\t\t\t<\/div>\n\t\t\t\t<\/div>\n\t\t\t\t\t\t<\/div>\n\t\t\t\t\t<\/div>\n\t\t<\/div>\n\t\t\t\t<div class=\"elementor-column elementor-col-66 elementor-top-column elementor-element elementor-element-5b55c64\" data-id=\"5b55c64\" data-element_type=\"column\">\n\t\t\t<div class=\"elementor-column-wrap elementor-element-populated\">\n\t\t\t\t\t\t\t<div class=\"elementor-widget-wrap\">\n\t\t\t\t\t\t<div class=\"elementor-element elementor-element-896021b elementor-drop-cap-yes elementor-drop-cap-view-default elementor-widget elementor-widget-text-editor\" data-id=\"896021b\" data-element_type=\"widget\" data-settings=\"{&quot;drop_cap&quot;:&quot;yes&quot;}\" data-widget_type=\"text-editor.default\">\n\t\t\t\t<div class=\"elementor-widget-container\">\n\t\t\t\t\t\t\t\t<div class=\"elementor-text-editor elementor-clearfix\">\n\t\t\t\t<p>The various promotional activities carried out internationally have enabled labeled harissa companies to increase the number of export markets by five. The approach has also had an impact on farmers, who have seen prices for their high-quality peppers rise by up to 25%.<\/p><div><div>The growing interest in Tunisian harissa has prompted institutions to take further steps to promote the valorization of this Tunisian flagship product. Thus, with the support of PAMPAT, GICA has equipped its laboratory and started the analyses of capsaicin, the active component of chili pepper, which allows to define the level of spiciness of harissa. Manufacturers will thus be able to diversify their product range and to develop harissa with different levels of spiciness in order to better position the product on foreign markets. In this framework PAMPAT has supported GICA to set up a panel of expert tasters for harissa. Tasting panels already existed for internationally prized products such as olive oil, but this is a first for harissa.<\/div><div>Les industriels pourront ainsi diversifier leur gamme de produits et d\u00e9velopper de la harissa avec diff\u00e9rents niveaux de \u00ab piquant \u00bb afin\u00a0 de mieux positionner le produit sur les march\u00e9s \u00e9trangers. C\u2019est dans ce cadre que le PAMPAT a appuy\u00e9 le GICA pour mettre en place un panel d\u2019experts d\u00e9gustateurs pour la harissa. Les panels de d\u00e9gustation\u00a0 existaient d\u00e9j\u00e0 pour des produits tr\u00e8s pris\u00e9s \u00e0 l\u2019international comme l\u2019huile d\u2019olive, mais il s\u2019agit d\u2019une premi\u00e8re pour la harissa, qui se pr\u00e9pare ainsi \u00e0 jouer dans la cour des grands.<\/div><div>\u00a0<\/div><div>The Tunisian flagship product will soon reach further momentum. With the support of PAMPAT, the National Heritage Institute is currently managing the process to ensure that the Tunisian know-how around harissa production can be registered in the UNESCO list of intangible cultural heritage of humanity. This international recognition of harissa will be a great asset to further promote typical Tunisian food products on international markets.<\/div><\/div><div>\u00a0<\/div><div>More\u00a0<a href=\"https:\/\/pampat.tn\/en\/documents-telechargeables-harissa\/\">documents<\/a>\u00a0and\u00a0<a href=\"https:\/\/pampat.tn\/en\/videos-harissa\/\">videos<\/a>\u00a0related to this field are available here.<\/div><div><div>\u00a0<\/div><p><span style=\"font-size: 0.9em;\"><a href=\"https:\/\/www.youtube.com\/watch?v=soinreNVgD8\"><img loading=\"lazy\" decoding=\"async\" class=\"alignnone wp-image-2638\" src=\"https:\/\/pampat.tn\/wp-content\/uploads\/2019\/03\/1384060-300x300.png\" alt=\"\" width=\"45\" height=\"45\" srcset=\"https:\/\/pampat.tn\/wp-content\/uploads\/2019\/03\/1384060-300x300.png 300w, https:\/\/pampat.tn\/wp-content\/uploads\/2019\/03\/1384060-150x150.png 150w, https:\/\/pampat.tn\/wp-content\/uploads\/2019\/03\/1384060-12x12.png 12w, https:\/\/pampat.tn\/wp-content\/uploads\/2019\/03\/1384060.png 512w\" sizes=\"auto, (max-width: 45px) 100vw, 45px\" \/><\/a><\/span>Video about the Tunisian Harissa Food Quality Label<\/p><p><span style=\"font-size: 0.9em;\"><a href=\"\/en\/www.youtube.com\/watch\/?v=soinreNVgD8\" target=\"_blank\" rel=\"noopener\"><img loading=\"lazy\" decoding=\"async\" src=\"https:\/\/image.flaticon.com\/icons\/png\/512\/93\/93618.png\" alt=\"\" width=\"40\" height=\"40\" \/><\/a><\/span>Website of the Tunisian Harissa Food Quality Label<\/p><\/div>\t\t\t\t\t<\/div>\n\t\t\t\t\t\t<\/div>\n\t\t\t\t<\/div>\n\t\t\t\t\t\t<\/div>\n\t\t\t\t\t<\/div>\n\t\t<\/div>\n\t\t\t\t\t\t\t\t<\/div>\n\t\t\t\t\t<\/div>\n\t\t<\/section>\n\t\t\t\t<section class=\"elementor-section elementor-top-section elementor-element elementor-element-b672433 elementor-section-boxed elementor-section-height-default elementor-section-height-default\" data-id=\"b672433\" data-element_type=\"section\" data-settings=\"{&quot;background_background&quot;:&quot;classic&quot;}\">\n\t\t\t\t\t\t<div class=\"elementor-container elementor-column-gap-default\">\n\t\t\t\t\t\t\t<div class=\"elementor-row\">\n\t\t\t\t\t<div class=\"elementor-column elementor-col-50 elementor-top-column elementor-element elementor-element-a5ce13e\" data-id=\"a5ce13e\" data-element_type=\"column\">\n\t\t\t<div class=\"elementor-column-wrap elementor-element-populated\">\n\t\t\t\t\t\t\t<div class=\"elementor-widget-wrap\">\n\t\t\t\t\t\t<div class=\"elementor-element elementor-element-95715d0 elementor-drop-cap-yes elementor-drop-cap-view-default elementor-widget elementor-widget-text-editor\" data-id=\"95715d0\" data-element_type=\"widget\" data-settings=\"{&quot;drop_cap&quot;:&quot;yes&quot;}\" data-widget_type=\"text-editor.default\">\n\t\t\t\t<div class=\"elementor-widget-container\">\n\t\t\t\t\t\t\t\t<div class=\"elementor-text-editor elementor-clearfix\">\n\t\t\t\t<p>PAMPAT 1 has also developed targeted activities to add value to ancestral harissa production practices by supporting three groups of rural women that produce harissa in a traditional way.<\/p><p style=\"text-align: justify;\">The cooperative (SMSA) Tahadi, which groups 164 women in the governorate of Kairouan, is now considered a success story. This cooperative went into production in 2015 with UNIDO\u2019s support and started producing harissa \u201cERRIM\u201d.<br \/>Avec l\u2019appui de l\u2019ONUDI, la SMSA est entr\u00e9e en production en 2015 avec la harissa \u00abERRIM\u00bb.<\/p><p style=\"text-align: justify;\">Tahadi markets its products in Tunisia and has exported to Switzerland and France. Since 2018, the cooperative is producing certified organic harissa to meet market demand.<\/p>\t\t\t\t\t<\/div>\n\t\t\t\t\t\t<\/div>\n\t\t\t\t<\/div>\n\t\t\t\t\t\t<\/div>\n\t\t\t\t\t<\/div>\n\t\t<\/div>\n\t\t\t\t<div class=\"elementor-column elementor-col-50 elementor-top-column elementor-element elementor-element-dfadd4e\" data-id=\"dfadd4e\" data-element_type=\"column\">\n\t\t\t<div class=\"elementor-column-wrap elementor-element-populated\">\n\t\t\t\t\t\t\t<div class=\"elementor-widget-wrap\">\n\t\t\t\t\t\t<div class=\"elementor-element elementor-element-009838e elementor-widget elementor-widget-image\" data-id=\"009838e\" data-element_type=\"widget\" data-widget_type=\"image.default\">\n\t\t\t\t<div class=\"elementor-widget-container\">\n\t\t\t\t\t\t\t\t<div class=\"elementor-image\">\n\t\t\t\t\t\t\t\t\t\t\t\t<img loading=\"lazy\" decoding=\"async\" width=\"851\" height=\"638\" src=\"https:\/\/pampat.tn\/wp-content\/uploads\/2020\/03\/Ph-harissa.jpg\" class=\"attachment-large size-large\" alt=\"\" srcset=\"https:\/\/pampat.tn\/wp-content\/uploads\/2020\/03\/Ph-harissa.jpg 851w, https:\/\/pampat.tn\/wp-content\/uploads\/2020\/03\/Ph-harissa-300x225.jpg 300w, https:\/\/pampat.tn\/wp-content\/uploads\/2020\/03\/Ph-harissa-768x576.jpg 768w\" sizes=\"auto, (max-width: 851px) 100vw, 851px\" \/>\t\t\t\t\t\t\t\t\t\t\t\t\t\t<\/div>\n\t\t\t\t\t\t<\/div>\n\t\t\t\t<\/div>\n\t\t\t\t\t\t<\/div>\n\t\t\t\t\t<\/div>\n\t\t<\/div>\n\t\t\t\t\t\t\t\t<\/div>\n\t\t\t\t\t<\/div>\n\t\t<\/section>\n\t\t\t\t<section class=\"elementor-section elementor-top-section elementor-element elementor-element-20b1717 elementor-section-boxed elementor-section-height-default elementor-section-height-default\" data-id=\"20b1717\" data-element_type=\"section\" data-settings=\"{&quot;background_background&quot;:&quot;classic&quot;}\">\n\t\t\t\t\t\t<div class=\"elementor-container elementor-column-gap-default\">\n\t\t\t\t\t\t\t<div class=\"elementor-row\">\n\t\t\t\t\t<div class=\"elementor-column elementor-col-100 elementor-top-column elementor-element elementor-element-4c1eedb\" data-id=\"4c1eedb\" data-element_type=\"column\">\n\t\t\t<div class=\"elementor-column-wrap elementor-element-populated\">\n\t\t\t\t\t\t\t<div class=\"elementor-widget-wrap\">\n\t\t\t\t\t\t<div class=\"elementor-element elementor-element-d151697 elementor-widget elementor-widget-image\" data-id=\"d151697\" data-element_type=\"widget\" data-widget_type=\"image.default\">\n\t\t\t\t<div class=\"elementor-widget-container\">\n\t\t\t\t\t\t\t\t<div class=\"elementor-image\">\n\t\t\t\t\t\t\t\t\t\t\t\t<img loading=\"lazy\" decoding=\"async\" width=\"700\" height=\"282\" src=\"https:\/\/pampat.tn\/wp-content\/uploads\/2019\/03\/icone2veng.png\" class=\"attachment-large size-large\" alt=\"\" srcset=\"https:\/\/pampat.tn\/wp-content\/uploads\/2019\/03\/icone2veng.png 700w, https:\/\/pampat.tn\/wp-content\/uploads\/2019\/03\/icone2veng-300x121.png 300w, https:\/\/pampat.tn\/wp-content\/uploads\/2019\/03\/icone2veng-16x6.png 16w\" sizes=\"auto, (max-width: 700px) 100vw, 700px\" \/>\t\t\t\t\t\t\t\t\t\t\t\t\t\t<\/div>\n\t\t\t\t\t\t<\/div>\n\t\t\t\t<\/div>\n\t\t\t\t\t\t<\/div>\n\t\t\t\t\t<\/div>\n\t\t<\/div>\n\t\t\t\t\t\t\t\t<\/div>\n\t\t\t\t\t<\/div>\n\t\t<\/section>\n\t\t\t\t\t\t<\/div>\n\t\t\t\t\t\t<\/div>\n\t\t\t\t\t<\/div>","protected":false},"excerpt":{"rendered":"<p>Harissa avec Food Quality Label Tunisia Le Food Quality Label est un signe distinctif du Minist\u00e8re de l\u2019Industrie pour promouvoir les produits de qualit\u00e9 sp\u00e9cifique sup\u00e9rieure telle que la harissa. Quand le projet PAMPAT 1 a d\u00e9marr\u00e9 aucun produit en Tunisie n\u2019\u00e9tait certifi\u00e9. L\u2019ONUDI a appuy\u00e9 le Minist\u00e8re de l\u2019Industrie ainsi que le Groupement des [&hellip;]<\/p>","protected":false},"author":1,"featured_media":0,"parent":0,"menu_order":0,"comment_status":"closed","ping_status":"closed","template":"elementor_header_footer","meta":{"footnotes":""},"class_list":["post-1682","page","type-page","status-publish","hentry"],"_links":{"self":[{"href":"https:\/\/pampat.tn\/en\/wp-json\/wp\/v2\/pages\/1682","targetHints":{"allow":["GET"]}}],"collection":[{"href":"https:\/\/pampat.tn\/en\/wp-json\/wp\/v2\/pages"}],"about":[{"href":"https:\/\/pampat.tn\/en\/wp-json\/wp\/v2\/types\/page"}],"author":[{"embeddable":true,"href":"https:\/\/pampat.tn\/en\/wp-json\/wp\/v2\/users\/1"}],"replies":[{"embeddable":true,"href":"https:\/\/pampat.tn\/en\/wp-json\/wp\/v2\/comments?post=1682"}],"version-history":[{"count":24,"href":"https:\/\/pampat.tn\/en\/wp-json\/wp\/v2\/pages\/1682\/revisions"}],"predecessor-version":[{"id":3470,"href":"https:\/\/pampat.tn\/en\/wp-json\/wp\/v2\/pages\/1682\/revisions\/3470"}],"wp:attachment":[{"href":"https:\/\/pampat.tn\/en\/wp-json\/wp\/v2\/media?parent=1682"}],"curies":[{"name":"wp","href":"https:\/\/api.w.org\/{rel}","templated":true}]}}