{"id":1710,"date":"2020-03-11T12:09:36","date_gmt":"2020-03-11T12:09:36","guid":{"rendered":"https:\/\/pampat.tn\/?page_id=1710"},"modified":"2024-11-15T10:23:00","modified_gmt":"2024-11-15T09:23:00","slug":"concours-tunisien-des-produits-du-terroir","status":"publish","type":"page","link":"https:\/\/pampat.tn\/en\/concours-tunisien-des-produits-du-terroir\/","title":{"rendered":"Tunisian Contest of Typical Food Products"},"content":{"rendered":"<div data-elementor-type=\"wp-post\" data-elementor-id=\"1710\" class=\"elementor elementor-1710\" data-elementor-settings=\"[]\">\n\t\t\t\t\t\t<div class=\"elementor-inner\">\n\t\t\t\t\t\t\t<div class=\"elementor-section-wrap\">\n\t\t\t\t\t\t\t<section class=\"elementor-section elementor-top-section elementor-element elementor-element-aa6ca57 elementor-section-boxed elementor-section-height-default elementor-section-height-default\" data-id=\"aa6ca57\" data-element_type=\"section\" data-settings=\"{&quot;background_background&quot;:&quot;classic&quot;}\">\n\t\t\t\t\t\t\t<div class=\"elementor-background-overlay\"><\/div>\n\t\t\t\t\t\t\t<div class=\"elementor-container elementor-column-gap-default\">\n\t\t\t\t\t\t\t<div class=\"elementor-row\">\n\t\t\t\t\t<div class=\"elementor-column elementor-col-100 elementor-top-column elementor-element elementor-element-7ec1889\" data-id=\"7ec1889\" data-element_type=\"column\">\n\t\t\t<div class=\"elementor-column-wrap elementor-element-populated\">\n\t\t\t\t\t\t\t<div class=\"elementor-widget-wrap\">\n\t\t\t\t\t\t<div class=\"elementor-element elementor-element-1706a58 elementor-widget elementor-widget-ova_header_breadcrumbs\" data-id=\"1706a58\" data-element_type=\"widget\" data-widget_type=\"ova_header_breadcrumbs.default\">\n\t\t\t\t<div class=\"elementor-widget-container\">\n\t\t\t\t\t \t<!-- Display when you choose background per Post -->\n\t\t \t<div class=\"ova_header_el_bg\">\n\t\t \t\t<div class=\"cover_color\"><\/div>\n\t\t \t<\/div>\n\n\t\t\t<div class=\"ova_header_el\">\n\t\t\t\t\n\t\t\t\t\t\t\t\t\t<h1 class=\"second_font header_title\">\n\t\t\t\t\t\tTunisian Contest of Typical Food Products\t\t\t\t\t<\/h1>\n\t\t\t\t\n\n\t\t\t\t\n\t\t\t<\/div>\n\t\t\t\t<\/div>\n\t\t\t\t<\/div>\n\t\t\t\t\t\t<\/div>\n\t\t\t\t\t<\/div>\n\t\t<\/div>\n\t\t\t\t\t\t\t\t<\/div>\n\t\t\t\t\t<\/div>\n\t\t<\/section>\n\t\t\t\t<section class=\"elementor-section elementor-top-section elementor-element elementor-element-60f80ce elementor-section-boxed elementor-section-height-default elementor-section-height-default\" data-id=\"60f80ce\" data-element_type=\"section\" data-settings=\"{&quot;background_background&quot;:&quot;classic&quot;}\">\n\t\t\t\t\t\t<div class=\"elementor-container elementor-column-gap-default\">\n\t\t\t\t\t\t\t<div class=\"elementor-row\">\n\t\t\t\t\t<div class=\"elementor-column elementor-col-100 elementor-top-column elementor-element elementor-element-5c061a7\" data-id=\"5c061a7\" data-element_type=\"column\">\n\t\t\t<div class=\"elementor-column-wrap elementor-element-populated\">\n\t\t\t\t\t\t\t<div class=\"elementor-widget-wrap\">\n\t\t\t\t\t\t<div class=\"elementor-element elementor-element-2d36c62 elementor-widget elementor-widget-text-editor\" data-id=\"2d36c62\" data-element_type=\"widget\" data-widget_type=\"text-editor.default\">\n\t\t\t\t<div class=\"elementor-widget-container\">\n\t\t\t\t\t\t\t\t<div class=\"elementor-text-editor elementor-clearfix\">\n\t\t\t\t<p>La premi\u00e8re \u00e9tape pour l\u2019organisation du Concours Tunisien des Produits du Terroir a consist\u00e9 \u00e0 l\u2019\u00e9laboration d\u2019un <a href=\"https:\/\/pampat.tn\/en\/inventaire-des-produits-de-terroir\/\">inventaire des produits du terroir tunisiens<\/a>.<\/p><p>Avec l\u2019appui du PAMPAT 1, plus de 200 repr\u00e9sentants du secteur public et priv\u00e9 des 24 gouvernorats ont contribu\u00e9 \u00e0 la pr\u00e9paration de cette analyse.<\/p><p>220 produits du terroir ont \u00e9t\u00e9 retenus dans l\u2019inventaire final qui a \u00e9t\u00e9 pr\u00e9sent\u00e9 fin 2016. La liste est devenue aujourd\u2019hui un document de r\u00e9f\u00e9rence pour le Minist\u00e8re de l\u2019Agriculture.<\/p><p style=\"text-align: justify;\">The first step for the organization of the Tunisian Contest of Typical Food Products consisted in the elaboration of a <a href=\"https:\/\/pampat.tn\/en\/inventaire-des-produits-de-terroir\/\"> mapping of Tunisian local food products.<\/a> With the support of PAMPAT 1, more than 200 representatives of the public and private sectors from 24 governorates contributed to the preparation of this analysis. 220 products were finally selected and included in the mapping, which was presented at the end of 2016. The list has now become a reference document for the Ministry of Agriculture.<\/p><p><img loading=\"lazy\" decoding=\"async\" class=\"size-medium wp-image-1717 alignleft\" src=\"https:\/\/pampat.tn\/wp-content\/uploads\/2020\/03\/SIAT-300x200.jpg\" alt=\"\" width=\"300\" height=\"200\" srcset=\"https:\/\/pampat.tn\/wp-content\/uploads\/2020\/03\/SIAT-300x200.jpg 300w, https:\/\/pampat.tn\/wp-content\/uploads\/2020\/03\/SIAT-768x512.jpg 768w, https:\/\/pampat.tn\/wp-content\/uploads\/2020\/03\/SIAT.jpg 1000w\" sizes=\"auto, (max-width: 300px) 100vw, 300px\" \/><\/p><p style=\"text-align: justify;\">During the Contest, hundreds of tasters evaluated more than 200 typically Tunisian products and awarded more than 70 medals.<br \/>The encouraging results obtained during the first contest were largely exceeded during the second edition in 2019.<\/p><p style=\"text-align: justify;\">The number of participants and medals almost tripled.<br \/>645 products such as couscous, bsissa, meloukhia, prickly pear syrup, harissa, floral waters, honey and olive oil were competing and were tasted by 237 tasters.<\/p><p style=\"text-align: justify;\">In total, 196 medals, including 66 gold, 59 silver and 71 bronze medals, were awarded to 115 producers.<br \/>The contest has an undeniable impact on the dynamism of the regional food products sector.<\/p><p style=\"text-align: justify;\">The medal-winning products have been able to record an increase in sales of 30 to 50%. The great success of the Tunisian Contest of Typical Food Products was possible thanks to a large media campaign, which gave the event a nationwide visibility. Furthermore, a national public-private promotion program for the medal-winning products was set up in 2018 with the support of the PAMPAT project.<\/p><p style=\"text-align: justify;\">In this framework, two retail chains have become partners and sponsors of the Contest and do promote the medal-winning products on their shop shelves.<\/p><p><img loading=\"lazy\" decoding=\"async\" class=\"size-medium wp-image-1716 alignleft\" src=\"https:\/\/pampat.tn\/wp-content\/uploads\/2020\/03\/Carrefour-stop-rayon-1-225x300.jpg\" alt=\"\" width=\"225\" height=\"300\" srcset=\"https:\/\/pampat.tn\/wp-content\/uploads\/2020\/03\/Carrefour-stop-rayon-1-225x300.jpg 225w, https:\/\/pampat.tn\/wp-content\/uploads\/2020\/03\/Carrefour-stop-rayon-1.jpg 756w\" sizes=\"auto, (max-width: 225px) 100vw, 225px\" \/><\/p><p style=\"text-align: justify;\">The National Radio channel has dedicated a weekly program to the flagship products of the contest, while higher education institutions teaching tourism, design and food engineering have organized national events and training activities to add value to the medal-winning products.<\/p><p style=\"text-align: justify;\">A collaboration with the National Chamber of Women Entrepreneurs has been established to showcase the contest\u2019s products to the Diplomatic Corps accredited in Tunisia during targeted events.<\/p><p style=\"text-align: justify;\">Thanks to the commitment of several institutions such as APIA, GIFRUITS , CEPEX, the Ministry of Women Affairs, INNORPI, several Tunisian Embassies abroad or different chef cook associations, the medal-winning products have also participated at several food fairs and culinary events in Tunisia, France, Switzerland and Morocco.<\/p><p style=\"text-align: justify;\">The methodology of the Tunisian Contest draws its inspiration from the Swiss Local Food Competition. This event served also as a model for the set-up of the Moroccan Contest, which was supported by UNIDO and the Interjurassic Rural Foundation (FRI).<\/p><p style=\"text-align: justify;\">Today, the Tunisian Contest is part of the International Contests Network and has in turn become a model to be followed. Representatives from six countries participated in the 2nd edition of the contest to draw inspiration from the Tunisian experience.<\/p><p style=\"text-align: justify;\">Egypt and Georgia will set up their own contests with the support of PAMPAT 2.<\/p><p style=\"text-align: justify;\">As announced by APIA, the third edition of the Tunisian Contest of Typical Food Products will be held in 2021.<\/p><p>More\u00a0<a href=\"https:\/\/pampat.tn\/en\/documents-telechargeables-produits-de-terroir\/\">documents<\/a>\u00a0and\u00a0<a href=\"https:\/\/pampat.tn\/en\/videos-produits-de-terroir\/\">videos<\/a> related to this section are available here.<\/p><p><a href=\"\/en\/www.concours-terroir.tn\/\"><img loading=\"lazy\" decoding=\"async\" class=\"alignnone wp-image-2638\" src=\"https:\/\/pampat.tn\/wp-content\/uploads\/2019\/03\/1384060-300x300.png\" alt=\"\" width=\"43\" height=\"43\" srcset=\"https:\/\/pampat.tn\/wp-content\/uploads\/2019\/03\/1384060-300x300.png 300w, https:\/\/pampat.tn\/wp-content\/uploads\/2019\/03\/1384060-150x150.png 150w, https:\/\/pampat.tn\/wp-content\/uploads\/2019\/03\/1384060-12x12.png 12w, https:\/\/pampat.tn\/wp-content\/uploads\/2019\/03\/1384060.png 512w\" sizes=\"auto, (max-width: 43px) 100vw, 43px\" \/><\/a>\u00a0 <a href=\"https:\/\/www.youtube.com\/watch?v=NkK0fwXTCqQ\" target=\"_blank\" rel=\"noopener\">Video\u00a0<\/a><\/p><p><span style=\"font-size: 0.9em;\"><a style=\"font-size: 0.9em;\" href=\"\/en\/www.concours-terroir.org\/\" target=\"_blank\" rel=\"noopener\"><img loading=\"lazy\" decoding=\"async\" src=\"https:\/\/image.flaticon.com\/icons\/png\/512\/93\/93618.png\" alt=\"\" width=\"40\" height=\"40\" \/><\/a>\u00a0<a href=\"http:\/\/www.concours-terroir.tn\/\"> Tunisian Contest of Typical Food Products<\/a><\/span><\/p><p><span style=\"font-size: 0.9em;\"><a style=\"font-size: 0.9em;\" href=\"https:\/\/www.concours-terroir.org\/?LinkID=424\" target=\"_blank\" rel=\"noopener\"><img loading=\"lazy\" decoding=\"async\" class=\"alignnone\" src=\"https:\/\/image.flaticon.com\/icons\/png\/512\/93\/93618.png\" alt=\"\" width=\"40\" height=\"40\" \/><\/a>\u00a0 <a href=\"https:\/\/www.concours-terroir.org\/\" target=\"_blank\" rel=\"noopener\">International Contests Network<\/a><\/span><\/p>\t\t\t\t\t<\/div>\n\t\t\t\t\t\t<\/div>\n\t\t\t\t<\/div>\n\t\t\t\t\t\t<\/div>\n\t\t\t\t\t<\/div>\n\t\t<\/div>\n\t\t\t\t\t\t\t\t<\/div>\n\t\t\t\t\t<\/div>\n\t\t<\/section>\n\t\t\t\t<section class=\"elementor-section elementor-top-section elementor-element elementor-element-c220802 elementor-section-boxed elementor-section-height-default elementor-section-height-default\" data-id=\"c220802\" data-element_type=\"section\" data-settings=\"{&quot;background_background&quot;:&quot;classic&quot;}\">\n\t\t\t\t\t\t<div class=\"elementor-container elementor-column-gap-default\">\n\t\t\t\t\t\t\t<div class=\"elementor-row\">\n\t\t\t\t\t<div class=\"elementor-column elementor-col-100 elementor-top-column elementor-element elementor-element-8da1bdc\" data-id=\"8da1bdc\" data-element_type=\"column\">\n\t\t\t<div class=\"elementor-column-wrap elementor-element-populated\">\n\t\t\t\t\t\t\t<div class=\"elementor-widget-wrap\">\n\t\t\t\t\t\t<div class=\"elementor-element elementor-element-3a97fee elementor-widget elementor-widget-image\" data-id=\"3a97fee\" data-element_type=\"widget\" data-widget_type=\"image.default\">\n\t\t\t\t<div class=\"elementor-widget-container\">\n\t\t\t\t\t\t\t\t<div class=\"elementor-image\">\n\t\t\t\t\t\t\t\t\t\t\t\t<img loading=\"lazy\" decoding=\"async\" width=\"706\" height=\"285\" src=\"https:\/\/pampat.tn\/wp-content\/uploads\/2019\/03\/icone4veng.png\" class=\"attachment-large size-large\" alt=\"\" srcset=\"https:\/\/pampat.tn\/wp-content\/uploads\/2019\/03\/icone4veng.png 706w, https:\/\/pampat.tn\/wp-content\/uploads\/2019\/03\/icone4veng-300x121.png 300w, https:\/\/pampat.tn\/wp-content\/uploads\/2019\/03\/icone4veng-16x6.png 16w\" sizes=\"auto, (max-width: 706px) 100vw, 706px\" \/>\t\t\t\t\t\t\t\t\t\t\t\t\t\t<\/div>\n\t\t\t\t\t\t<\/div>\n\t\t\t\t<\/div>\n\t\t\t\t\t\t<\/div>\n\t\t\t\t\t<\/div>\n\t\t<\/div>\n\t\t\t\t\t\t\t\t<\/div>\n\t\t\t\t\t<\/div>\n\t\t<\/section>\n\t\t\t\t\t\t<\/div>\n\t\t\t\t\t\t<\/div>\n\t\t\t\t\t<\/div>","protected":false},"excerpt":{"rendered":"<p>Concours tunisien des produits du terroir La premi\u00e8re \u00e9tape pour l\u2019organisation du Concours Tunisien des Produits du Terroir a consist\u00e9 \u00e0 l\u2019\u00e9laboration d\u2019un inventaire des produits du terroir tunisiens. Avec l\u2019appui du PAMPAT 1, plus de 200 repr\u00e9sentants du secteur public et priv\u00e9 des 24 gouvernorats ont contribu\u00e9 \u00e0 la pr\u00e9paration de cette analyse. 220 [&hellip;]<\/p>","protected":false},"author":1,"featured_media":0,"parent":0,"menu_order":0,"comment_status":"closed","ping_status":"closed","template":"elementor_header_footer","meta":{"footnotes":""},"class_list":["post-1710","page","type-page","status-publish","hentry"],"_links":{"self":[{"href":"https:\/\/pampat.tn\/en\/wp-json\/wp\/v2\/pages\/1710","targetHints":{"allow":["GET"]}}],"collection":[{"href":"https:\/\/pampat.tn\/en\/wp-json\/wp\/v2\/pages"}],"about":[{"href":"https:\/\/pampat.tn\/en\/wp-json\/wp\/v2\/types\/page"}],"author":[{"embeddable":true,"href":"https:\/\/pampat.tn\/en\/wp-json\/wp\/v2\/users\/1"}],"replies":[{"embeddable":true,"href":"https:\/\/pampat.tn\/en\/wp-json\/wp\/v2\/comments?post=1710"}],"version-history":[{"count":66,"href":"https:\/\/pampat.tn\/en\/wp-json\/wp\/v2\/pages\/1710\/revisions"}],"predecessor-version":[{"id":5219,"href":"https:\/\/pampat.tn\/en\/wp-json\/wp\/v2\/pages\/1710\/revisions\/5219"}],"wp:attachment":[{"href":"https:\/\/pampat.tn\/en\/wp-json\/wp\/v2\/media?parent=1710"}],"curies":[{"name":"wp","href":"https:\/\/api.w.org\/{rel}","templated":true}]}}