{"id":1749,"date":"2020-03-11T13:01:17","date_gmt":"2020-03-11T13:01:17","guid":{"rendered":"https:\/\/pampat.tn\/?page_id=1749"},"modified":"2025-07-15T19:44:37","modified_gmt":"2025-07-15T18:44:37","slug":"partenaires","status":"publish","type":"page","link":"https:\/\/pampat.tn\/en\/partenaires\/","title":{"rendered":"Partners"},"content":{"rendered":"<div data-elementor-type=\"wp-post\" data-elementor-id=\"1749\" class=\"elementor elementor-1749\" data-elementor-settings=\"[]\">\n\t\t\t\t\t\t<div class=\"elementor-inner\">\n\t\t\t\t\t\t\t<div class=\"elementor-section-wrap\">\n\t\t\t\t\t\t\t<section class=\"elementor-section elementor-top-section elementor-element elementor-element-ca9fa6d elementor-section-boxed elementor-section-height-default elementor-section-height-default\" data-id=\"ca9fa6d\" data-element_type=\"section\" data-settings=\"{&quot;background_background&quot;:&quot;classic&quot;}\">\n\t\t\t\t\t\t<div class=\"elementor-container elementor-column-gap-default\">\n\t\t\t\t\t\t\t<div class=\"elementor-row\">\n\t\t\t\t\t<div class=\"elementor-column elementor-col-100 elementor-top-column elementor-element elementor-element-585b07c\" data-id=\"585b07c\" data-element_type=\"column\">\n\t\t\t<div class=\"elementor-column-wrap elementor-element-populated\">\n\t\t\t\t\t\t\t<div class=\"elementor-widget-wrap\">\n\t\t\t\t\t\t<div class=\"elementor-element elementor-element-26e1336 elementor-widget elementor-widget-spacer\" data-id=\"26e1336\" data-element_type=\"widget\" data-widget_type=\"spacer.default\">\n\t\t\t\t<div class=\"elementor-widget-container\">\n\t\t\t\t\t<div class=\"elementor-spacer\">\n\t\t\t<div class=\"elementor-spacer-inner\"><\/div>\n\t\t<\/div>\n\t\t\t\t<\/div>\n\t\t\t\t<\/div>\n\t\t\t\t<div class=\"elementor-element elementor-element-e32c4cb elementor-widget elementor-widget-heading\" data-id=\"e32c4cb\" data-element_type=\"widget\" data-widget_type=\"heading.default\">\n\t\t\t\t<div class=\"elementor-widget-container\">\n\t\t\t<h2 class=\"elementor-heading-title elementor-size-default\">Partners<\/h2>\t\t<\/div>\n\t\t\t\t<\/div>\n\t\t\t\t\t\t<\/div>\n\t\t\t\t\t<\/div>\n\t\t<\/div>\n\t\t\t\t\t\t\t\t<\/div>\n\t\t\t\t\t<\/div>\n\t\t<\/section>\n\t\t\t\t<section class=\"elementor-section elementor-top-section elementor-element elementor-element-92a4518 elementor-section-boxed elementor-section-height-default elementor-section-height-default\" data-id=\"92a4518\" data-element_type=\"section\" data-settings=\"{&quot;background_background&quot;:&quot;classic&quot;}\">\n\t\t\t\t\t\t<div class=\"elementor-container elementor-column-gap-default\">\n\t\t\t\t\t\t\t<div class=\"elementor-row\">\n\t\t\t\t\t<div class=\"elementor-column elementor-col-100 elementor-top-column elementor-element elementor-element-d188686\" data-id=\"d188686\" data-element_type=\"column\">\n\t\t\t<div class=\"elementor-column-wrap elementor-element-populated\">\n\t\t\t\t\t\t\t<div class=\"elementor-widget-wrap\">\n\t\t\t\t\t\t<div class=\"elementor-element elementor-element-717dd26 elementor-widget elementor-widget-text-editor\" data-id=\"717dd26\" data-element_type=\"widget\" data-widget_type=\"text-editor.default\">\n\t\t\t\t<div class=\"elementor-widget-container\">\n\t\t\t\t\t\t\t\t<div class=\"elementor-text-editor elementor-clearfix\">\n\t\t\t\t<p style=\"text-align: center;\">The PAMPAT project is being implemented by the United Nations Industrial Development Organization \u2013 UNIDO<\/p><p style=\"text-align: center;\">and is funded by the State Secretariat for Economic Affairs of the Swiss Confederation - SECO<\/p><p style=\"text-align: center;\">in cooperation with the following Tunisian and Swiss partners:<\/p><p><span data-olk-copy-source=\"MessageBody\">Minist\u00e8re de l\u2019\u00c9conomie et de la Planification (MEP)<\/span><\/p><p>Minist\u00e8re du D\u00e9veloppement, de l\u2019Investissement et de la Coop\u00e9ration Internationale (MDCI)<\/p><p>Minist\u00e8re de l\u2019Agriculture, des Ressources Hydrauliques et de la P\u00eache (MARHP)<\/p><p>Direction G\u00e9n\u00e9rale de la Production Agricole (DGPA)<\/p><p>Minist\u00e8re de l\u2019Industrie, de l\u2019\u00c9nergie et des Mines<\/p><p>Direction G\u00e9n\u00e9rale des Industries Agroalimentaires (DGIA)<\/p><p>Agence de Promotion des Investissements Agricoles (APIA)<\/p><p>Groupement des Industries des Conserves Alimentaires (GICA)<\/p><p>Groupement Interprofessionnel des Dattes (GID)<\/p><p>Groupement Interprofessionnel des Fruits (GIFRUITS)<\/p><p>Centre de Promotion des Exportations (CEPEX)<\/p><p>Institut National de la Normalisation et de la Propri\u00e9t\u00e9 Industrielle (INNORPI)<\/p><p>Swiss Import Promotion Programme (SIPPO)<\/p><p>Institut F\u00e9d\u00e9ral de la Propri\u00e9t\u00e9 Intellectuelle (IPI \u2013 Suisse)<\/p>\t\t\t\t\t<\/div>\n\t\t\t\t\t\t<\/div>\n\t\t\t\t<\/div>\n\t\t\t\t\t\t<\/div>\n\t\t\t\t\t<\/div>\n\t\t<\/div>\n\t\t\t\t\t\t\t\t<\/div>\n\t\t\t\t\t<\/div>\n\t\t<\/section>\n\t\t\t\t<section class=\"elementor-section elementor-top-section elementor-element elementor-element-251bc28 elementor-section-boxed elementor-section-height-default elementor-section-height-default\" data-id=\"251bc28\" data-element_type=\"section\" data-settings=\"{&quot;background_background&quot;:&quot;classic&quot;}\">\n\t\t\t\t\t\t<div class=\"elementor-container elementor-column-gap-default\">\n\t\t\t\t\t\t\t<div class=\"elementor-row\">\n\t\t\t\t\t<div class=\"elementor-column elementor-col-33 elementor-top-column elementor-element elementor-element-a1e0836\" data-id=\"a1e0836\" data-element_type=\"column\">\n\t\t\t<div class=\"elementor-column-wrap elementor-element-populated\">\n\t\t\t\t\t\t\t<div class=\"elementor-widget-wrap\">\n\t\t\t\t\t\t\t\t<\/div>\n\t\t\t\t\t<\/div>\n\t\t<\/div>\n\t\t\t\t<div class=\"elementor-column elementor-col-33 elementor-top-column elementor-element elementor-element-117bc56\" data-id=\"117bc56\" data-element_type=\"column\">\n\t\t\t<div class=\"elementor-column-wrap elementor-element-populated\">\n\t\t\t\t\t\t\t<div class=\"elementor-widget-wrap\">\n\t\t\t\t\t\t\t\t<\/div>\n\t\t\t\t\t<\/div>\n\t\t<\/div>\n\t\t\t\t<div class=\"elementor-column elementor-col-33 elementor-top-column elementor-element elementor-element-f1d6dff\" data-id=\"f1d6dff\" data-element_type=\"column\">\n\t\t\t<div class=\"elementor-column-wrap elementor-element-populated\">\n\t\t\t\t\t\t\t<div class=\"elementor-widget-wrap\">\n\t\t\t\t\t\t\t\t<\/div>\n\t\t\t\t\t<\/div>\n\t\t<\/div>\n\t\t\t\t\t\t\t\t<\/div>\n\t\t\t\t\t<\/div>\n\t\t<\/section>\n\t\t\t\t\t\t<\/div>\n\t\t\t\t\t\t<\/div>\n\t\t\t\t\t<\/div>","protected":false},"excerpt":{"rendered":"<p>Partenaires Le projet PAMPAT est mis en oeuvre par l&rsquo;Organisation des Nations -Unies pour le D\u00e9veloppement Industriel &#8211; ONUDI et financ\u00e9 par le Secr\u00e9tariat d&rsquo;Etat \u00e0 l&rsquo;Economie de la Conf\u00e9d\u00e9ration Suisse &#8211; SECO Nos partenaires sont : Minist\u00e8re de l\u2019\u00c9conomie et de la Planification (MEP) Minist\u00e8re du D\u00e9veloppement, de l\u2019Investissement et de la Coop\u00e9ration Internationale [&hellip;]<\/p>","protected":false},"author":1,"featured_media":0,"parent":0,"menu_order":0,"comment_status":"closed","ping_status":"closed","template":"elementor_header_footer","meta":{"footnotes":""},"class_list":["post-1749","page","type-page","status-publish","hentry"],"_links":{"self":[{"href":"https:\/\/pampat.tn\/en\/wp-json\/wp\/v2\/pages\/1749","targetHints":{"allow":["GET"]}}],"collection":[{"href":"https:\/\/pampat.tn\/en\/wp-json\/wp\/v2\/pages"}],"about":[{"href":"https:\/\/pampat.tn\/en\/wp-json\/wp\/v2\/types\/page"}],"author":[{"embeddable":true,"href":"https:\/\/pampat.tn\/en\/wp-json\/wp\/v2\/users\/1"}],"replies":[{"embeddable":true,"href":"https:\/\/pampat.tn\/en\/wp-json\/wp\/v2\/comments?post=1749"}],"version-history":[{"count":36,"href":"https:\/\/pampat.tn\/en\/wp-json\/wp\/v2\/pages\/1749\/revisions"}],"predecessor-version":[{"id":5872,"href":"https:\/\/pampat.tn\/en\/wp-json\/wp\/v2\/pages\/1749\/revisions\/5872"}],"wp:attachment":[{"href":"https:\/\/pampat.tn\/en\/wp-json\/wp\/v2\/media?parent=1749"}],"curies":[{"name":"wp","href":"https:\/\/api.w.org\/{rel}","templated":true}]}}