{"id":1834,"date":"2020-05-07T12:05:36","date_gmt":"2020-05-07T12:05:36","guid":{"rendered":"https:\/\/pampat.tn\/?page_id=1834"},"modified":"2025-07-15T12:31:43","modified_gmt":"2025-07-15T11:31:43","slug":"presentation-de-la-filiere-tomates-sechees","status":"publish","type":"page","link":"https:\/\/pampat.tn\/en\/presentation-de-la-filiere-tomates-sechees\/","title":{"rendered":"Presentation of the dried tomatoes value chain in Tunisia"},"content":{"rendered":"<div data-elementor-type=\"wp-post\" data-elementor-id=\"1834\" class=\"elementor elementor-1834\" data-elementor-settings=\"[]\">\n\t\t\t\t\t\t<div class=\"elementor-inner\">\n\t\t\t\t\t\t\t<div class=\"elementor-section-wrap\">\n\t\t\t\t\t\t\t<section class=\"elementor-section elementor-top-section elementor-element elementor-element-cd16211 elementor-section-boxed elementor-section-height-default elementor-section-height-default\" data-id=\"cd16211\" data-element_type=\"section\" data-settings=\"{&quot;background_background&quot;:&quot;classic&quot;}\">\n\t\t\t\t\t\t\t<div class=\"elementor-background-overlay\"><\/div>\n\t\t\t\t\t\t\t<div class=\"elementor-container elementor-column-gap-default\">\n\t\t\t\t\t\t\t<div class=\"elementor-row\">\n\t\t\t\t\t<div class=\"elementor-column elementor-col-100 elementor-top-column elementor-element elementor-element-01f50ff\" data-id=\"01f50ff\" data-element_type=\"column\">\n\t\t\t<div class=\"elementor-column-wrap elementor-element-populated\">\n\t\t\t\t\t\t\t<div class=\"elementor-widget-wrap\">\n\t\t\t\t\t\t<div class=\"elementor-element elementor-element-6398655 elementor-widget elementor-widget-heading\" data-id=\"6398655\" data-element_type=\"widget\" data-widget_type=\"heading.default\">\n\t\t\t\t<div class=\"elementor-widget-container\">\n\t\t\t<h2 class=\"elementor-heading-title elementor-size-default\">Presentation of the <br>Tomates S\u00e9ch\u00e9es <\/h2>\t\t<\/div>\n\t\t\t\t<\/div>\n\t\t\t\t\t\t<\/div>\n\t\t\t\t\t<\/div>\n\t\t<\/div>\n\t\t\t\t\t\t\t\t<\/div>\n\t\t\t\t\t<\/div>\n\t\t<\/section>\n\t\t\t\t<section class=\"elementor-section elementor-top-section elementor-element elementor-element-5437a86 elementor-section-boxed elementor-section-height-default elementor-section-height-default\" data-id=\"5437a86\" data-element_type=\"section\" data-settings=\"{&quot;background_background&quot;:&quot;classic&quot;}\">\n\t\t\t\t\t\t<div class=\"elementor-container elementor-column-gap-default\">\n\t\t\t\t\t\t\t<div class=\"elementor-row\">\n\t\t\t\t\t<div class=\"elementor-column elementor-col-100 elementor-top-column elementor-element elementor-element-970a104\" data-id=\"970a104\" data-element_type=\"column\">\n\t\t\t<div class=\"elementor-column-wrap elementor-element-populated\">\n\t\t\t\t\t\t\t<div class=\"elementor-widget-wrap\">\n\t\t\t\t\t\t<div class=\"elementor-element elementor-element-6cfb26f elementor-widget elementor-widget-spacer\" data-id=\"6cfb26f\" data-element_type=\"widget\" data-widget_type=\"spacer.default\">\n\t\t\t\t<div class=\"elementor-widget-container\">\n\t\t\t\t\t<div class=\"elementor-spacer\">\n\t\t\t<div class=\"elementor-spacer-inner\"><\/div>\n\t\t<\/div>\n\t\t\t\t<\/div>\n\t\t\t\t<\/div>\n\t\t\t\t\t\t<\/div>\n\t\t\t\t\t<\/div>\n\t\t<\/div>\n\t\t\t\t\t\t\t\t<\/div>\n\t\t\t\t\t<\/div>\n\t\t<\/section>\n\t\t\t\t<section class=\"elementor-section elementor-top-section elementor-element elementor-element-95ead93 elementor-section-boxed elementor-section-height-default elementor-section-height-default\" data-id=\"95ead93\" data-element_type=\"section\" data-settings=\"{&quot;background_background&quot;:&quot;classic&quot;}\">\n\t\t\t\t\t\t<div class=\"elementor-container elementor-column-gap-default\">\n\t\t\t\t\t\t\t<div class=\"elementor-row\">\n\t\t\t\t\t<div class=\"elementor-column elementor-col-50 elementor-top-column elementor-element elementor-element-5855959\" data-id=\"5855959\" data-element_type=\"column\">\n\t\t\t<div class=\"elementor-column-wrap elementor-element-populated\">\n\t\t\t\t\t\t\t<div class=\"elementor-widget-wrap\">\n\t\t\t\t\t\t<div class=\"elementor-element elementor-element-fa48ca6 elementor-widget elementor-widget-text-editor\" data-id=\"fa48ca6\" data-element_type=\"widget\" data-widget_type=\"text-editor.default\">\n\t\t\t\t<div class=\"elementor-widget-container\">\n\t\t\t\t\t\t\t\t<div class=\"elementor-text-editor elementor-clearfix\">\n\t\t\t\t<p>Tomato production and processing represents a very important agri-food sector in Tunisia. In terms of production, Tunisia is ranked among the top 10 tomato processing countries in the world. The tomato sector employs around 10,000 farmers and covers an area of 20,000 hectares. The production of dried tomatoes is rapidly developing in Tunisia and shows a great dynamism. Industrial drying is a rather recent economic activity, but it has been expanding quickly and has seen its annual production rise to an average of 6,000 tonnes in recent years.<\/p>\t\t\t\t\t<\/div>\n\t\t\t\t\t\t<\/div>\n\t\t\t\t<\/div>\n\t\t\t\t\t\t<\/div>\n\t\t\t\t\t<\/div>\n\t\t<\/div>\n\t\t\t\t<div class=\"elementor-column elementor-col-50 elementor-top-column elementor-element elementor-element-b200b4a\" data-id=\"b200b4a\" data-element_type=\"column\">\n\t\t\t<div class=\"elementor-column-wrap elementor-element-populated\">\n\t\t\t\t\t\t\t<div class=\"elementor-widget-wrap\">\n\t\t\t\t\t\t<div class=\"elementor-element elementor-element-980a570 elementor-widget elementor-widget-text-editor\" data-id=\"980a570\" data-element_type=\"widget\" data-widget_type=\"text-editor.default\">\n\t\t\t\t<div class=\"elementor-widget-container\">\n\t\t\t\t\t\t\t\t<div class=\"elementor-text-editor elementor-clearfix\">\n\t\t\t\t<p><img loading=\"lazy\" decoding=\"async\" class=\"wp-image-2983 aligncenter\" src=\"https:\/\/pampat.tn\/wp-content\/uploads\/2019\/03\/LOGO-225x300.jpg\" alt=\"\" width=\"87\" height=\"116\" srcset=\"https:\/\/pampat.tn\/wp-content\/uploads\/2019\/03\/LOGO-225x300.jpg 225w, https:\/\/pampat.tn\/wp-content\/uploads\/2019\/03\/LOGO-9x12.jpg 9w, https:\/\/pampat.tn\/wp-content\/uploads\/2019\/03\/LOGO.jpg 527w\" sizes=\"auto, (max-width: 87px) 100vw, 87px\" \/><\/p>\t\t\t\t\t<\/div>\n\t\t\t\t\t\t<\/div>\n\t\t\t\t<\/div>\n\t\t\t\t\t\t<\/div>\n\t\t\t\t\t<\/div>\n\t\t<\/div>\n\t\t\t\t\t\t\t\t<\/div>\n\t\t\t\t\t<\/div>\n\t\t<\/section>\n\t\t\t\t<section class=\"elementor-section elementor-top-section elementor-element elementor-element-1886597 elementor-section-boxed elementor-section-height-default elementor-section-height-default\" data-id=\"1886597\" data-element_type=\"section\" data-settings=\"{&quot;background_background&quot;:&quot;classic&quot;}\">\n\t\t\t\t\t\t<div class=\"elementor-container elementor-column-gap-default\">\n\t\t\t\t\t\t\t<div class=\"elementor-row\">\n\t\t\t\t\t<div class=\"elementor-column elementor-col-50 elementor-top-column elementor-element elementor-element-e1f5400\" data-id=\"e1f5400\" data-element_type=\"column\">\n\t\t\t<div class=\"elementor-column-wrap elementor-element-populated\">\n\t\t\t\t\t\t\t<div class=\"elementor-widget-wrap\">\n\t\t\t\t\t\t<div class=\"elementor-element elementor-element-c4a01d6 elementor-widget elementor-widget-image\" data-id=\"c4a01d6\" data-element_type=\"widget\" data-widget_type=\"image.default\">\n\t\t\t\t<div class=\"elementor-widget-container\">\n\t\t\t\t\t\t\t\t<div class=\"elementor-image\">\n\t\t\t\t\t\t\t\t\t\t\t\t<img decoding=\"async\" src=\"https:\/\/pampat.tn\/wp-content\/uploads\/elementor\/thumbs\/tomates-s\u00e9chees-oq87li7mvz32680xt2hduk760u6mcot1ppqbje1xzm.jpg\" title=\"tomates s\u00e9chees\" alt=\"tomates s\u00e9chees\" \/>\t\t\t\t\t\t\t\t\t\t\t\t\t\t<\/div>\n\t\t\t\t\t\t<\/div>\n\t\t\t\t<\/div>\n\t\t\t\t\t\t<\/div>\n\t\t\t\t\t<\/div>\n\t\t<\/div>\n\t\t\t\t<div class=\"elementor-column elementor-col-50 elementor-top-column elementor-element elementor-element-b2d7c49\" data-id=\"b2d7c49\" data-element_type=\"column\">\n\t\t\t<div class=\"elementor-column-wrap elementor-element-populated\">\n\t\t\t\t\t\t\t<div class=\"elementor-widget-wrap\">\n\t\t\t\t\t\t<div class=\"elementor-element elementor-element-3cff742 elementor-widget elementor-widget-text-editor\" data-id=\"3cff742\" data-element_type=\"widget\" data-widget_type=\"text-editor.default\">\n\t\t\t\t<div class=\"elementor-widget-container\">\n\t\t\t\t\t\t\t\t<div class=\"elementor-text-editor elementor-clearfix\">\n\t\t\t\t<p>In Tunisia there are more than twenty structured enterprises and a large number of production facilities that belong to the informal sector.<br><br>\nDried tomatoes rank 3rd among the most important products in the Tunisian canned food sector, after tomato concentrate and harissa. Today, processing of dried tomatoes is an export-oriented activity. This implies that the entire sector remains very dependent on international demand, the supply of competing countries and the prices set each year by importers. This dependence is accentuated by the fact that 80% of production is exported to one single country, namely Italy.<\/p>\t\t\t\t\t<\/div>\n\t\t\t\t\t\t<\/div>\n\t\t\t\t<\/div>\n\t\t\t\t\t\t<\/div>\n\t\t\t\t\t<\/div>\n\t\t<\/div>\n\t\t\t\t\t\t\t\t<\/div>\n\t\t\t\t\t<\/div>\n\t\t<\/section>\n\t\t\t\t<section class=\"elementor-section elementor-top-section elementor-element elementor-element-4630152 elementor-section-boxed elementor-section-height-default elementor-section-height-default\" data-id=\"4630152\" data-element_type=\"section\" data-settings=\"{&quot;background_background&quot;:&quot;classic&quot;}\">\n\t\t\t\t\t\t<div class=\"elementor-container elementor-column-gap-default\">\n\t\t\t\t\t\t\t<div class=\"elementor-row\">\n\t\t\t\t\t<div class=\"elementor-column elementor-col-100 elementor-top-column elementor-element elementor-element-5386129\" data-id=\"5386129\" data-element_type=\"column\">\n\t\t\t<div class=\"elementor-column-wrap elementor-element-populated\">\n\t\t\t\t\t\t\t<div class=\"elementor-widget-wrap\">\n\t\t\t\t\t\t<div class=\"elementor-element elementor-element-bf93a55 elementor-widget elementor-widget-text-editor\" data-id=\"bf93a55\" data-element_type=\"widget\" data-widget_type=\"text-editor.default\">\n\t\t\t\t<div class=\"elementor-widget-container\">\n\t\t\t\t\t\t\t\t<div class=\"elementor-text-editor elementor-clearfix\">\n\t\t\t\t<p class=\"MsoNormal\" style=\"margin: 0cm 0cm 0.0001pt; line-height: normal;\"><span style=\"font-size: 11pt; text-align: justify;\">\u00a0<\/span><\/p><p>Moreover, dried tomatoes are mostly sold in bulk. After being packaged abroad, the value of the product can increase by up to 500%.<br><br> \nTherefore, the objective is to develop finished products and position Tunisia as a producer of high quality dried tomatoes. Indeed, Tunisia has a long tradition in this area. For a long time, sun-dried tomatoes were part of the local culinary habits. But over the decades the way of life has changed; and today sun-dried tomatoes are rarely used in the kitchen. However, recently with the increased demand for typical local products, sun-dried tomatoes are experiencing a certain revival. 20% of national production is now sold on the local market. Demand and opportunities exist, but they can only be seized if the sector focuses on quality, diversification, marketing and the search for new markets. The PAMPAT 2 project works closely with the Ministry of Industry and the Group of Canned Food Industries (GICA) to support the development of the dried tomatoes value chain in Tunisia.<\/p><p>En effet, la Tunisie dispose d\u2019une longue tradition dans ce sens. Pendant long temps, les tomates s\u00e9ch\u00e9es au soleil faisaient partie des habitudes culinaires autochtones. Mais au cours des d\u00e9cennies les coutumes ont chang\u00e9s\u00a0; la tomate s\u00e9ch\u00e9e est aujourd\u2019hui peu utilis\u00e9e dans la cuisine. N\u00e9anmoins, r\u00e9cemment avec l\u2019augmentation de la demande pour les produits de terroir, la tomate s\u00e9ch\u00e9e au soleil est en train d\u2019exp\u00e9rimenter un certain \u00ab\u00a0revival\u00a0\u00bb. 20% de la production national est d\u00e9sormais destin\u00e9 au march\u00e9 local.<\/p><p>Demand and opportunities exist, but they can only be seized if the sector focuses on quality, diversification, marketing and the search for new markets. <a href=\"https:\/\/pampat.tn\/en\/presentation-generale\/\">PAMPAT 2 project<\/a> works closely with the Ministry of Industry and the Group of Canned Food Industries (GICA) to support the development of the dried tomatoes value chain in Tunisia.<\/p><p><strong>More\u00a0<a href=\"https:\/\/pampat.tn\/en\/documents-telechargeables-tomates-sechees\/\">documents<\/a>\u00a0and\u00a0<a href=\"https:\/\/pampat.tn\/en\/videos-tomates-sechees\/\">videos<\/a>\u00a0relatifs \u00e0 la fili\u00e8re sont disponibles<a href=\"https:\/\/pampat.tn\/en\/documents-telechargeables-tomates-sechees\/\" target=\"_blank\" rel=\"noopener\"> ici<\/a>.<\/strong><\/p>\t\t\t\t\t<\/div>\n\t\t\t\t\t\t<\/div>\n\t\t\t\t<\/div>\n\t\t\t\t\t\t<\/div>\n\t\t\t\t\t<\/div>\n\t\t<\/div>\n\t\t\t\t\t\t\t\t<\/div>\n\t\t\t\t\t<\/div>\n\t\t<\/section>\n\t\t\t\t<section class=\"elementor-section elementor-top-section elementor-element elementor-element-b67344d elementor-section-boxed elementor-section-height-default elementor-section-height-default\" data-id=\"b67344d\" data-element_type=\"section\" data-settings=\"{&quot;background_background&quot;:&quot;classic&quot;}\">\n\t\t\t\t\t\t<div class=\"elementor-container elementor-column-gap-default\">\n\t\t\t\t\t\t\t<div class=\"elementor-row\">\n\t\t\t\t\t<div class=\"elementor-column elementor-col-100 elementor-top-column elementor-element elementor-element-10d36d3\" data-id=\"10d36d3\" data-element_type=\"column\">\n\t\t\t<div class=\"elementor-column-wrap elementor-element-populated\">\n\t\t\t\t\t\t\t<div class=\"elementor-widget-wrap\">\n\t\t\t\t\t\t<div class=\"elementor-element elementor-element-8e3d132 elementor-widget elementor-widget-text-editor\" data-id=\"8e3d132\" data-element_type=\"widget\" data-widget_type=\"text-editor.default\">\n\t\t\t\t<div class=\"elementor-widget-container\">\n\t\t\t\t\t\t\t\t<div class=\"elementor-text-editor elementor-clearfix\">\n\t\t\t\t<p class=\"MsoNormal\" style=\"margin: 0cm 0cm 0.0001pt; line-height: normal;\"><span style=\"font-size: 11pt; text-align: justify;\"><a href=\"https:\/\/www.facebook.com\/Tomatessecheesdetunisie\/\" target=\"_blank\" rel=\"noopener\"> <img loading=\"lazy\" decoding=\"async\" class=\"alignnone wp-image-4990 size-full\" src=\"https:\/\/pampat.tn\/wp-content\/uploads\/2019\/03\/3225194_app_facebook_logo_media_popular_icon.png\" alt=\"\" width=\"48\" height=\"48\" srcset=\"https:\/\/pampat.tn\/wp-content\/uploads\/2019\/03\/3225194_app_facebook_logo_media_popular_icon.png 48w, https:\/\/pampat.tn\/wp-content\/uploads\/2019\/03\/3225194_app_facebook_logo_media_popular_icon-12x12.png 12w\" sizes=\"auto, (max-width: 48px) 100vw, 48px\" \/><\/a> <a href=\"https:\/\/www.facebook.com\/Tomatessecheesdetunisie\/\" target=\"_blank\" rel=\"noopener\">Facebook page to promote the Tunisian dried tomatoes<\/a><\/span><\/p><p>\u00a0<\/p><p>\u00a0<\/p>\t\t\t\t\t<\/div>\n\t\t\t\t\t\t<\/div>\n\t\t\t\t<\/div>\n\t\t\t\t\t\t<\/div>\n\t\t\t\t\t<\/div>\n\t\t<\/div>\n\t\t\t\t\t\t\t\t<\/div>\n\t\t\t\t\t<\/div>\n\t\t<\/section>\n\t\t\t\t\t\t<\/div>\n\t\t\t\t\t\t<\/div>\n\t\t\t\t\t<\/div>","protected":false},"excerpt":{"rendered":"<p>Pr\u00e9sentation de la fili\u00e8re Tomates S\u00e9ch\u00e9es En Tunisie, le secteur de production et de transformation de la tomate occupe une place majeure dans le domaine de l\u2019agroalimentaire. Au niveau de la production, la Tunisie est class\u00e9e parmi les 10 premiers pays transformateurs de tomates dans le monde. Le secteur de la tomate emploie environ 10 [&hellip;]<\/p>","protected":false},"author":1,"featured_media":0,"parent":0,"menu_order":0,"comment_status":"closed","ping_status":"closed","template":"elementor_header_footer","meta":{"footnotes":""},"class_list":["post-1834","page","type-page","status-publish","hentry"],"_links":{"self":[{"href":"https:\/\/pampat.tn\/en\/wp-json\/wp\/v2\/pages\/1834","targetHints":{"allow":["GET"]}}],"collection":[{"href":"https:\/\/pampat.tn\/en\/wp-json\/wp\/v2\/pages"}],"about":[{"href":"https:\/\/pampat.tn\/en\/wp-json\/wp\/v2\/types\/page"}],"author":[{"embeddable":true,"href":"https:\/\/pampat.tn\/en\/wp-json\/wp\/v2\/users\/1"}],"replies":[{"embeddable":true,"href":"https:\/\/pampat.tn\/en\/wp-json\/wp\/v2\/comments?post=1834"}],"version-history":[{"count":72,"href":"https:\/\/pampat.tn\/en\/wp-json\/wp\/v2\/pages\/1834\/revisions"}],"predecessor-version":[{"id":5828,"href":"https:\/\/pampat.tn\/en\/wp-json\/wp\/v2\/pages\/1834\/revisions\/5828"}],"wp:attachment":[{"href":"https:\/\/pampat.tn\/en\/wp-json\/wp\/v2\/media?parent=1834"}],"curies":[{"name":"wp","href":"https:\/\/api.w.org\/{rel}","templated":true}]}}