{"id":1855,"date":"2020-05-07T13:03:21","date_gmt":"2020-05-07T13:03:21","guid":{"rendered":"https:\/\/pampat.tn\/?page_id=1855"},"modified":"2025-09-02T14:10:04","modified_gmt":"2025-09-02T13:10:04","slug":"figue-de-barbarie","status":"publish","type":"page","link":"https:\/\/pampat.tn\/en\/figue-de-barbarie\/","title":{"rendered":"Prickly pear"},"content":{"rendered":"<div data-elementor-type=\"wp-post\" data-elementor-id=\"1855\" class=\"elementor elementor-1855\" data-elementor-settings=\"[]\">\n\t\t\t\t\t\t<div class=\"elementor-inner\">\n\t\t\t\t\t\t\t<div class=\"elementor-section-wrap\">\n\t\t\t\t\t\t\t<section class=\"elementor-section elementor-top-section elementor-element elementor-element-014789c elementor-section-boxed elementor-section-height-default elementor-section-height-default\" data-id=\"014789c\" data-element_type=\"section\" data-settings=\"{&quot;background_background&quot;:&quot;classic&quot;}\">\n\t\t\t\t\t\t\t<div class=\"elementor-background-overlay\"><\/div>\n\t\t\t\t\t\t\t<div class=\"elementor-container elementor-column-gap-default\">\n\t\t\t\t\t\t\t<div class=\"elementor-row\">\n\t\t\t\t\t<div class=\"elementor-column elementor-col-100 elementor-top-column elementor-element elementor-element-60881ed\" data-id=\"60881ed\" data-element_type=\"column\">\n\t\t\t<div class=\"elementor-column-wrap elementor-element-populated\">\n\t\t\t\t\t\t\t<div class=\"elementor-widget-wrap\">\n\t\t\t\t\t\t<div class=\"elementor-element elementor-element-3d18e0b elementor-widget elementor-widget-heading\" data-id=\"3d18e0b\" data-element_type=\"widget\" data-widget_type=\"heading.default\">\n\t\t\t\t<div class=\"elementor-widget-container\">\n\t\t\t<h2 class=\"elementor-heading-title elementor-size-default\">Presentation of the <br>Prickly pear <\/h2>\t\t<\/div>\n\t\t\t\t<\/div>\n\t\t\t\t\t\t<\/div>\n\t\t\t\t\t<\/div>\n\t\t<\/div>\n\t\t\t\t\t\t\t\t<\/div>\n\t\t\t\t\t<\/div>\n\t\t<\/section>\n\t\t\t\t<section class=\"elementor-section elementor-top-section elementor-element elementor-element-5437a86 elementor-section-boxed elementor-section-height-default elementor-section-height-default\" data-id=\"5437a86\" data-element_type=\"section\" data-settings=\"{&quot;background_background&quot;:&quot;classic&quot;}\">\n\t\t\t\t\t\t<div class=\"elementor-container elementor-column-gap-default\">\n\t\t\t\t\t\t\t<div class=\"elementor-row\">\n\t\t\t\t\t<div class=\"elementor-column elementor-col-100 elementor-top-column elementor-element elementor-element-970a104\" data-id=\"970a104\" data-element_type=\"column\">\n\t\t\t<div class=\"elementor-column-wrap elementor-element-populated\">\n\t\t\t\t\t\t\t<div class=\"elementor-widget-wrap\">\n\t\t\t\t\t\t<div class=\"elementor-element elementor-element-6cfb26f elementor-widget elementor-widget-spacer\" data-id=\"6cfb26f\" data-element_type=\"widget\" data-widget_type=\"spacer.default\">\n\t\t\t\t<div class=\"elementor-widget-container\">\n\t\t\t\t\t<div class=\"elementor-spacer\">\n\t\t\t<div class=\"elementor-spacer-inner\"><\/div>\n\t\t<\/div>\n\t\t\t\t<\/div>\n\t\t\t\t<\/div>\n\t\t\t\t\t\t<\/div>\n\t\t\t\t\t<\/div>\n\t\t<\/div>\n\t\t\t\t\t\t\t\t<\/div>\n\t\t\t\t\t<\/div>\n\t\t<\/section>\n\t\t\t\t<section class=\"elementor-section elementor-top-section elementor-element elementor-element-f06469e elementor-section-boxed elementor-section-height-default elementor-section-height-default\" data-id=\"f06469e\" data-element_type=\"section\" data-settings=\"{&quot;background_background&quot;:&quot;classic&quot;}\">\n\t\t\t\t\t\t<div class=\"elementor-container elementor-column-gap-default\">\n\t\t\t\t\t\t\t<div class=\"elementor-row\">\n\t\t\t\t\t<div class=\"elementor-column elementor-col-50 elementor-top-column elementor-element elementor-element-79d51f4\" data-id=\"79d51f4\" data-element_type=\"column\">\n\t\t\t<div class=\"elementor-column-wrap elementor-element-populated\">\n\t\t\t\t\t\t\t<div class=\"elementor-widget-wrap\">\n\t\t\t\t\t\t<div class=\"elementor-element elementor-element-6bb10dc elementor-widget elementor-widget-text-editor\" data-id=\"6bb10dc\" data-element_type=\"widget\" data-widget_type=\"text-editor.default\">\n\t\t\t\t<div class=\"elementor-widget-container\">\n\t\t\t\t\t\t\t\t<div class=\"elementor-text-editor elementor-clearfix\">\n\t\t\t\t<p class=\" translation-block\">The prickly pear, long time considered the fruit of the poor, is now recognized as a real source of socio-economic development in Tunisia. The potential of the hindi fruit - as it is called in the local dialect \u2013 does not need to be proven any longer. Organic prickly pear seed oil, a dermatological anti-aging product, is nowadays considered the flagship product of the Tunisian cosmetics sector. <br><br><\/p>\t\t\t\t\t<\/div>\n\t\t\t\t\t\t<\/div>\n\t\t\t\t<\/div>\n\t\t\t\t\t\t<\/div>\n\t\t\t\t\t<\/div>\n\t\t<\/div>\n\t\t\t\t<div class=\"elementor-column elementor-col-50 elementor-top-column elementor-element elementor-element-29dbf2a\" data-id=\"29dbf2a\" data-element_type=\"column\">\n\t\t\t<div class=\"elementor-column-wrap elementor-element-populated\">\n\t\t\t\t\t\t\t<div class=\"elementor-widget-wrap\">\n\t\t\t\t\t\t<div class=\"elementor-element elementor-element-298c3e7 elementor-widget elementor-widget-image\" data-id=\"298c3e7\" data-element_type=\"widget\" data-widget_type=\"image.default\">\n\t\t\t\t<div class=\"elementor-widget-container\">\n\t\t\t\t\t\t\t\t<div class=\"elementor-image\">\n\t\t\t\t\t\t\t\t\t\t\t\t<img decoding=\"async\" src=\"https:\/\/pampat.tn\/wp-content\/uploads\/elementor\/thumbs\/Logo-F-de-B.Tn-01-p7aldgus2qzz9mrjg849521z8omicystccwvk626cw.png\" title=\"Logo F de B.Tn-01\" alt=\"Logo F de B.Tn-01\" \/>\t\t\t\t\t\t\t\t\t\t\t\t\t\t<\/div>\n\t\t\t\t\t\t<\/div>\n\t\t\t\t<\/div>\n\t\t\t\t\t\t<\/div>\n\t\t\t\t\t<\/div>\n\t\t<\/div>\n\t\t\t\t\t\t\t\t<\/div>\n\t\t\t\t\t<\/div>\n\t\t<\/section>\n\t\t\t\t<section class=\"elementor-section elementor-top-section elementor-element elementor-element-898df09 elementor-section-boxed elementor-section-height-default elementor-section-height-default\" data-id=\"898df09\" data-element_type=\"section\" data-settings=\"{&quot;background_background&quot;:&quot;classic&quot;}\">\n\t\t\t\t\t\t<div class=\"elementor-container elementor-column-gap-default\">\n\t\t\t\t\t\t\t<div class=\"elementor-row\">\n\t\t\t\t\t<div class=\"elementor-column elementor-col-50 elementor-top-column elementor-element elementor-element-3cde4b0\" data-id=\"3cde4b0\" data-element_type=\"column\">\n\t\t\t<div class=\"elementor-column-wrap elementor-element-populated\">\n\t\t\t\t\t\t\t<div class=\"elementor-widget-wrap\">\n\t\t\t\t\t\t<div class=\"elementor-element elementor-element-2eea1fa elementor-widget elementor-widget-image\" data-id=\"2eea1fa\" data-element_type=\"widget\" data-widget_type=\"image.default\">\n\t\t\t\t<div class=\"elementor-widget-container\">\n\t\t\t\t\t\t\t\t<div class=\"elementor-image\">\n\t\t\t\t\t\t\t\t\t\t\t\t<img loading=\"lazy\" decoding=\"async\" width=\"300\" height=\"150\" src=\"https:\/\/pampat.tn\/wp-content\/uploads\/2020\/05\/figue-de-barbarie-300x150.jpg\" class=\"attachment-medium size-medium\" alt=\"\" srcset=\"https:\/\/pampat.tn\/wp-content\/uploads\/2020\/05\/figue-de-barbarie-300x150.jpg 300w, https:\/\/pampat.tn\/wp-content\/uploads\/2020\/05\/figue-de-barbarie-768x384.jpg 768w, https:\/\/pampat.tn\/wp-content\/uploads\/2020\/05\/figue-de-barbarie.jpg 800w\" sizes=\"auto, (max-width: 300px) 100vw, 300px\" \/>\t\t\t\t\t\t\t\t\t\t\t\t\t\t<\/div>\n\t\t\t\t\t\t<\/div>\n\t\t\t\t<\/div>\n\t\t\t\t\t\t<\/div>\n\t\t\t\t\t<\/div>\n\t\t<\/div>\n\t\t\t\t<div class=\"elementor-column elementor-col-50 elementor-top-column elementor-element elementor-element-3ec0b71\" data-id=\"3ec0b71\" data-element_type=\"column\">\n\t\t\t<div class=\"elementor-column-wrap elementor-element-populated\">\n\t\t\t\t\t\t\t<div class=\"elementor-widget-wrap\">\n\t\t\t\t\t\t<div class=\"elementor-element elementor-element-2a0c365 elementor-widget elementor-widget-text-editor\" data-id=\"2a0c365\" data-element_type=\"widget\" data-widget_type=\"text-editor.default\">\n\t\t\t\t<div class=\"elementor-widget-container\">\n\t\t\t\t\t\t\t\t<div class=\"elementor-text-editor elementor-clearfix\">\n\t\t\t\t<p>The prickly pear industry has already received support in the framework of the <a href=\"https:\/\/pampat.tn\/en\/figues-de-barbarie-biologique\/\">PAMPAT1<\/a> When the first phase of the project started in 2013, the value chain was barely developed. There were only five processing companies in Tunisia, prickly pear products were unknown and the hopes placed in this sector were very limited.<\/p>\t\t\t\t\t<\/div>\n\t\t\t\t\t\t<\/div>\n\t\t\t\t<\/div>\n\t\t\t\t\t\t<\/div>\n\t\t\t\t\t<\/div>\n\t\t<\/div>\n\t\t\t\t\t\t\t\t<\/div>\n\t\t\t\t\t<\/div>\n\t\t<\/section>\n\t\t\t\t<section class=\"elementor-section elementor-top-section elementor-element elementor-element-4630152 elementor-section-boxed elementor-section-height-default elementor-section-height-default\" data-id=\"4630152\" data-element_type=\"section\" data-settings=\"{&quot;background_background&quot;:&quot;classic&quot;}\">\n\t\t\t\t\t\t<div class=\"elementor-container elementor-column-gap-default\">\n\t\t\t\t\t\t\t<div class=\"elementor-row\">\n\t\t\t\t\t<div class=\"elementor-column elementor-col-100 elementor-top-column elementor-element elementor-element-5386129\" data-id=\"5386129\" data-element_type=\"column\">\n\t\t\t<div class=\"elementor-column-wrap elementor-element-populated\">\n\t\t\t\t\t\t\t<div class=\"elementor-widget-wrap\">\n\t\t\t\t\t\t<div class=\"elementor-element elementor-element-eec1e34 elementor-widget elementor-widget-text-editor\" data-id=\"eec1e34\" data-element_type=\"widget\" data-widget_type=\"text-editor.default\">\n\t\t\t\t<div class=\"elementor-widget-container\">\n\t\t\t\t\t\t\t\t<div class=\"elementor-text-editor elementor-clearfix\">\n\t\t\t\t<p>Today, the sector already counts 35 companies, the demand for prickly pear products continues to increase and the private sector is organized around the National Cactus Development Association ANADEC. The sector's development objectives have therefore become much more ambitious. Tunisia aims at becoming a leading country in this sector, both regarding agri-food and cosmetics.<\/p><p>The <a href=\"https:\/\/pampat.tn\/en\/presentation-generale\/\">PAMPAT 2 project<\/a> will continue working closely with the Ministry of Agriculture, the Interprofessional Group of Fruits (GIFRUITS) and the Export Promotion Center (CEPEX) to further support the development of the prickly pear industry in Tunisia. The dynamism and growth recorded by the sector in recent years point to a strong development in the future.<\/p><h5><b>The <\/b><b>Inspiring<\/b><b> Story Of <\/b><b>Fatma<\/b> <b>Taamallah( BIOVALLEY)<\/b><\/h5><p><b>Fatma Taamallah<\/b> is the founder of <b>Biovalley<\/b>, a Tunisian cosmetics company that was created in 2022 in the inner region of Kairouan and that specializes in the production of organic prickly pear seed oil products. In the last years, UNIDO has been supporting Biovalley to improve its international competitiveness and market access. The company has been receiving assistance to participate at international trade fairs in France, Italy and Spain and at several B2B events. In this context, the results of the clinical studies developed with UNIDO support that have proven the anti-wrinkle effect of Tunisian cactus seed oil have always been providing crucial sales arguments to Ms. Taamallah. Equally important has been the assistance received to obtain the ISO 22716 certification for good manufacturing practices in cosmetics. Furthermore, Biovalley has received support to improve its online presence and to develop an e-commerce strategy.<\/p><p>\u00a0 \u00a0 \u00a0 \u00a0 \u00a0 \u00a0 \u00a0 \u00a0 \u00a0 \u00a0 \u00a0 \u00a0 \u00a0 \u00a0 \u00a0 \u00a0 \u00a0 \u00a0 \u00a0 \u00a0 \u00a0 \u00a0 \u00a0 \u00a0 \u00a0 \u00a0 \u00a0 \u00a0 \u00a0 \u00a0 \u00a0 \u00a0 \u00a0 \u00a0 \u00a0 \u00a0 \u00a0 \u00a0 \u00a0 \u00a0 \u00a0 \u00a0 \u00a0 \u00a0 \u00a0 \u00a0 \u00a0 \u00a0 \u00a0 \u00a0 \u00a0 \u00a0 \u00a0 \u00a0 <img loading=\"lazy\" decoding=\"async\" class=\"alignnone size-medium wp-image-6033\" src=\"https:\/\/pampat.tn\/wp-content\/uploads\/2019\/03\/DSC_0089-300x200.jpg\" alt=\"\" width=\"300\" height=\"200\" srcset=\"https:\/\/pampat.tn\/wp-content\/uploads\/2019\/03\/DSC_0089-300x200.jpg 300w, https:\/\/pampat.tn\/wp-content\/uploads\/2019\/03\/DSC_0089-1024x681.jpg 1024w, https:\/\/pampat.tn\/wp-content\/uploads\/2019\/03\/DSC_0089-768x511.jpg 768w, https:\/\/pampat.tn\/wp-content\/uploads\/2019\/03\/DSC_0089-1536x1022.jpg 1536w, https:\/\/pampat.tn\/wp-content\/uploads\/2019\/03\/DSC_0089-2048x1362.jpg 2048w, https:\/\/pampat.tn\/wp-content\/uploads\/2019\/03\/DSC_0089-18x12.jpg 18w\" sizes=\"auto, (max-width: 300px) 100vw, 300px\" \/><\/p><p>Biovalley&rsquo;s products are now sold in Germany, Poland, Spain, France, and Switzerland. The increasing demand for its products have led the company to set up a new production site in the capital Tunis. Today Biovalley has become one of Tunisia\u2019s top exporters of certified organic prickly pear seed oil on the European market.<\/p><p>In order to further spur the growth of the Tunisian cactus seed oil sector, Ms. Taamallah serves as Vice President of the Tunisian Cactus Development Association (ANADEC) that represents SMEs from the private sector and receives UNIDO support to promote the inclusive industrial development of the whole Tunisian prickly pear value chain.\u00a0 \u00a0 \u00a0 \u00a0 \u00a0 \u00a0 \u00a0 \u00a0 \u00a0 \u00a0 \u00a0 \u00a0 \u00a0 \u00a0 \u00a0 \u00a0 \u00a0 \u00a0 \u00a0 \u00a0 \u00a0 \u00a0 \u00a0 \u00a0 \u00a0 \u00a0 \u00a0 \u00a0 \u00a0 \u00a0 \u00a0 \u00a0 \u00a0 \u00a0 \u00a0<\/p><p><strong>More <a href=\"https:\/\/pampat.tn\/en\/documents-telechargeables-figue-de-barbarie\/\">documents<\/a> and <a href=\"https:\/\/pampat.tn\/en\/videos-figue-de-barbarie\/\">videos<\/a> relatifs \u00e0 la fili\u00e8re sont disponibles <a href=\"https:\/\/pampat.tn\/en\/documents-telechargeables-figue-de-barbarie\/\" target=\"_blank\" rel=\"noopener\">ici<\/a> :<\/strong><\/p><p><a href=\"https:\/\/www.facebook.com\/Figuedebarbariedetunisie\/\" target=\"_blank\" rel=\"noopener\"><img loading=\"lazy\" decoding=\"async\" class=\"alignnone wp-image-2791\" src=\"https:\/\/pampat.tn\/wp-content\/uploads\/2019\/03\/facebook-300x300.png\" alt=\"\" width=\"40\" height=\"40\" srcset=\"https:\/\/pampat.tn\/wp-content\/uploads\/2019\/03\/facebook-300x300.png 300w, https:\/\/pampat.tn\/wp-content\/uploads\/2019\/03\/facebook-150x150.png 150w, https:\/\/pampat.tn\/wp-content\/uploads\/2019\/03\/facebook-12x12.png 12w, https:\/\/pampat.tn\/wp-content\/uploads\/2019\/03\/facebook.png 512w\" sizes=\"auto, (max-width: 40px) 100vw, 40px\" \/><\/a> <a href=\"https:\/\/www.facebook.com\/Figuedebarbariedetunisie\/\" target=\"_blank\" rel=\"noopener\">Facebook page to promote the Tunisian prickly pear<\/a><\/p><p><a href=\"\/en\/www.anadectunisie.com\/\" target=\"_blank\" rel=\"noopener\"><img loading=\"lazy\" decoding=\"async\" class=\"alignnone wp-image-2793\" src=\"https:\/\/pampat.tn\/wp-content\/uploads\/2019\/03\/etude-de-marche-300x300.png\" alt=\"\" width=\"40\" height=\"40\" srcset=\"https:\/\/pampat.tn\/wp-content\/uploads\/2019\/03\/etude-de-marche-300x300.png 300w, https:\/\/pampat.tn\/wp-content\/uploads\/2019\/03\/etude-de-marche-150x150.png 150w, https:\/\/pampat.tn\/wp-content\/uploads\/2019\/03\/etude-de-marche-12x12.png 12w, https:\/\/pampat.tn\/wp-content\/uploads\/2019\/03\/etude-de-marche.png 512w\" sizes=\"auto, (max-width: 40px) 100vw, 40px\" \/><\/a> <a href=\"\/en\/www.anadectunisie.com\/\" target=\"_blank\" rel=\"noopener\">Website of the Tunisian Association for the Development of Cactus<\/a>\u00a0<\/p>\t\t\t\t\t<\/div>\n\t\t\t\t\t\t<\/div>\n\t\t\t\t<\/div>\n\t\t\t\t\t\t<\/div>\n\t\t\t\t\t<\/div>\n\t\t<\/div>\n\t\t\t\t\t\t\t\t<\/div>\n\t\t\t\t\t<\/div>\n\t\t<\/section>\n\t\t\t\t\t\t<\/div>\n\t\t\t\t\t\t<\/div>\n\t\t\t\t\t<\/div>","protected":false},"excerpt":{"rendered":"<p>Pr\u00e9sentation de la fili\u00e8re Figue de Barbarie La figue de barbarie, longtemps consid\u00e9r\u00e9e comme le fruit des pauvres, est aujourd\u2019hui reconnue comme une source de d\u00e9veloppement socio\u00e9conomique en Tunisie. Le potentiel du hindi comme on l\u2019appelle dans le dialecte local n\u2019est plus \u00e0 prouver. L&rsquo;huile de p\u00e9pins de figue de barbarie bio, un produit dermatologique [&hellip;]<\/p>","protected":false},"author":1,"featured_media":0,"parent":0,"menu_order":0,"comment_status":"closed","ping_status":"closed","template":"elementor_header_footer","meta":{"footnotes":""},"class_list":["post-1855","page","type-page","status-publish","hentry"],"_links":{"self":[{"href":"https:\/\/pampat.tn\/en\/wp-json\/wp\/v2\/pages\/1855","targetHints":{"allow":["GET"]}}],"collection":[{"href":"https:\/\/pampat.tn\/en\/wp-json\/wp\/v2\/pages"}],"about":[{"href":"https:\/\/pampat.tn\/en\/wp-json\/wp\/v2\/types\/page"}],"author":[{"embeddable":true,"href":"https:\/\/pampat.tn\/en\/wp-json\/wp\/v2\/users\/1"}],"replies":[{"embeddable":true,"href":"https:\/\/pampat.tn\/en\/wp-json\/wp\/v2\/comments?post=1855"}],"version-history":[{"count":112,"href":"https:\/\/pampat.tn\/en\/wp-json\/wp\/v2\/pages\/1855\/revisions"}],"predecessor-version":[{"id":6090,"href":"https:\/\/pampat.tn\/en\/wp-json\/wp\/v2\/pages\/1855\/revisions\/6090"}],"wp:attachment":[{"href":"https:\/\/pampat.tn\/en\/wp-json\/wp\/v2\/media?parent=1855"}],"curies":[{"name":"wp","href":"https:\/\/api.w.org\/{rel}","templated":true}]}}