{"id":1862,"date":"2020-05-07T13:11:57","date_gmt":"2020-05-07T13:11:57","guid":{"rendered":"https:\/\/pampat.tn\/?page_id=1862"},"modified":"2026-01-15T18:07:26","modified_gmt":"2026-01-15T17:07:26","slug":"les-regions-pilotes","status":"publish","type":"page","link":"https:\/\/pampat.tn\/en\/les-regions-pilotes\/","title":{"rendered":"Pilot regions"},"content":{"rendered":"<div data-elementor-type=\"wp-post\" data-elementor-id=\"1862\" class=\"elementor elementor-1862\" data-elementor-settings=\"[]\">\n\t\t\t\t\t\t<div class=\"elementor-inner\">\n\t\t\t\t\t\t\t<div class=\"elementor-section-wrap\">\n\t\t\t\t\t\t\t<section class=\"elementor-section elementor-top-section elementor-element elementor-element-5437a86 elementor-section-boxed elementor-section-height-default elementor-section-height-default\" data-id=\"5437a86\" data-element_type=\"section\" data-settings=\"{&quot;background_background&quot;:&quot;classic&quot;}\">\n\t\t\t\t\t\t<div class=\"elementor-container elementor-column-gap-default\">\n\t\t\t\t\t\t\t<div class=\"elementor-row\">\n\t\t\t\t\t<div class=\"elementor-column elementor-col-100 elementor-top-column elementor-element elementor-element-970a104\" data-id=\"970a104\" data-element_type=\"column\">\n\t\t\t<div class=\"elementor-column-wrap elementor-element-populated\">\n\t\t\t\t\t\t\t<div class=\"elementor-widget-wrap\">\n\t\t\t\t\t\t<div class=\"elementor-element elementor-element-6cfb26f elementor-widget elementor-widget-spacer\" data-id=\"6cfb26f\" data-element_type=\"widget\" data-widget_type=\"spacer.default\">\n\t\t\t\t<div class=\"elementor-widget-container\">\n\t\t\t\t\t<div class=\"elementor-spacer\">\n\t\t\t<div class=\"elementor-spacer-inner\"><\/div>\n\t\t<\/div>\n\t\t\t\t<\/div>\n\t\t\t\t<\/div>\n\t\t\t\t<div class=\"elementor-element elementor-element-8cfb62b elementor-widget elementor-widget-heading\" data-id=\"8cfb62b\" data-element_type=\"widget\" data-widget_type=\"heading.default\">\n\t\t\t\t<div class=\"elementor-widget-container\">\n\t\t\t<h2 class=\"elementor-heading-title elementor-size-default\">R\u00e9gion Pilote 1 : Nabeul<\/h2>\t\t<\/div>\n\t\t\t\t<\/div>\n\t\t\t\t\t\t<\/div>\n\t\t\t\t\t<\/div>\n\t\t<\/div>\n\t\t\t\t\t\t\t\t<\/div>\n\t\t\t\t\t<\/div>\n\t\t<\/section>\n\t\t\t\t<section class=\"elementor-section elementor-top-section elementor-element elementor-element-59dfea8 elementor-section-boxed elementor-section-height-default elementor-section-height-default\" data-id=\"59dfea8\" data-element_type=\"section\" data-settings=\"{&quot;background_background&quot;:&quot;classic&quot;}\">\n\t\t\t\t\t\t<div class=\"elementor-container elementor-column-gap-default\">\n\t\t\t\t\t\t\t<div class=\"elementor-row\">\n\t\t\t\t\t<div class=\"elementor-column elementor-col-50 elementor-top-column elementor-element elementor-element-123f49e\" data-id=\"123f49e\" data-element_type=\"column\">\n\t\t\t<div class=\"elementor-column-wrap elementor-element-populated\">\n\t\t\t\t\t\t\t<div class=\"elementor-widget-wrap\">\n\t\t\t\t\t\t<div class=\"elementor-element elementor-element-fbbd4c1 elementor-invisible elementor-widget elementor-widget-image\" data-id=\"fbbd4c1\" data-element_type=\"widget\" data-settings=\"{&quot;_animation&quot;:&quot;pulse&quot;,&quot;_animation_delay&quot;:1100}\" data-widget_type=\"image.default\">\n\t\t\t\t<div class=\"elementor-widget-container\">\n\t\t\t\t\t\t\t\t<div class=\"elementor-image\">\n\t\t\t\t\t\t\t\t\t<figure class=\"wp-caption\">\n\t\t\t\t\t\t\t\t\t\t\t<a href=\"https:\/\/pampat.tn\/wp-content\/uploads\/2019\/03\/Reglement-concours_Nabeul-2026.doc\" target=\"_blank\">\n\t\t\t\t\t\t\t<img loading=\"lazy\" decoding=\"async\" width=\"212\" height=\"300\" src=\"https:\/\/pampat.tn\/wp-content\/uploads\/2026\/01\/concours-2026-212x300.jpeg\" class=\"attachment-medium size-medium\" alt=\"\" srcset=\"https:\/\/pampat.tn\/wp-content\/uploads\/2026\/01\/concours-2026-212x300.jpeg 212w, https:\/\/pampat.tn\/wp-content\/uploads\/2026\/01\/concours-2026-722x1024.jpeg 722w, https:\/\/pampat.tn\/wp-content\/uploads\/2026\/01\/concours-2026-768x1089.jpeg 768w, https:\/\/pampat.tn\/wp-content\/uploads\/2026\/01\/concours-2026-8x12.jpeg 8w, https:\/\/pampat.tn\/wp-content\/uploads\/2026\/01\/concours-2026.jpeg 792w\" sizes=\"auto, (max-width: 212px) 100vw, 212px\" \/>\t\t\t\t\t\t\t\t<\/a>\n\t\t\t\t\t\t\t\t\t\t\t<figcaption class=\"widget-image-caption wp-caption-text\">DOSSIER DE CANDIDATURE \u2013 2\u00e8me \u00c9DITION DU CONCOURS \u00ab ARTITERROIR \u00bb<\/figcaption>\n\t\t\t\t\t\t\t\t\t\t<\/figure>\n\t\t\t\t\t\t\t\t<\/div>\n\t\t\t\t\t\t<\/div>\n\t\t\t\t<\/div>\n\t\t\t\t<div class=\"elementor-element elementor-element-1588883 elementor-widget elementor-widget-image\" data-id=\"1588883\" data-element_type=\"widget\" data-widget_type=\"image.default\">\n\t\t\t\t<div class=\"elementor-widget-container\">\n\t\t\t\t\t\t\t\t<div class=\"elementor-image\">\n\t\t\t\t\t\t\t\t\t<figure class=\"wp-caption\">\n\t\t\t\t\t\t\t\t\t\t\t<a href=\"https:\/\/pampat.tn\/wp-content\/uploads\/2019\/03\/Operateurs-Nabeul-Nov.pdf\" target=\"_blank\">\n\t\t\t\t\t\t\t<img loading=\"lazy\" decoding=\"async\" width=\"211\" height=\"300\" src=\"https:\/\/pampat.tn\/wp-content\/uploads\/2019\/03\/catalogue-Nabeul-211x300.jpeg\" class=\"attachment-medium size-medium\" alt=\"\" srcset=\"https:\/\/pampat.tn\/wp-content\/uploads\/2019\/03\/catalogue-Nabeul-211x300.jpeg 211w, https:\/\/pampat.tn\/wp-content\/uploads\/2019\/03\/catalogue-Nabeul-8x12.jpeg 8w, https:\/\/pampat.tn\/wp-content\/uploads\/2019\/03\/catalogue-Nabeul.jpeg 505w\" sizes=\"auto, (max-width: 211px) 100vw, 211px\" \/>\t\t\t\t\t\t\t\t<\/a>\n\t\t\t\t\t\t\t\t\t\t\t<figcaption class=\"widget-image-caption wp-caption-text\"><\/figcaption>\n\t\t\t\t\t\t\t\t\t\t<\/figure>\n\t\t\t\t\t\t\t\t<\/div>\n\t\t\t\t\t\t<\/div>\n\t\t\t\t<\/div>\n\t\t\t\t<div class=\"elementor-element elementor-element-439f269 elementor-widget elementor-widget-image\" data-id=\"439f269\" data-element_type=\"widget\" data-widget_type=\"image.default\">\n\t\t\t\t<div class=\"elementor-widget-container\">\n\t\t\t\t\t\t\t\t<div class=\"elementor-image\">\n\t\t\t\t\t\t\t\t\t\t\t\t<img loading=\"lazy\" decoding=\"async\" width=\"300\" height=\"260\" src=\"https:\/\/pampat.tn\/wp-content\/uploads\/2020\/06\/Carte-1-300x260.png\" class=\"attachment-medium size-medium\" alt=\"\" srcset=\"https:\/\/pampat.tn\/wp-content\/uploads\/2020\/06\/Carte-1-300x260.png 300w, https:\/\/pampat.tn\/wp-content\/uploads\/2020\/06\/Carte-1.png 692w\" sizes=\"auto, (max-width: 300px) 100vw, 300px\" \/>\t\t\t\t\t\t\t\t\t\t\t\t\t\t<\/div>\n\t\t\t\t\t\t<\/div>\n\t\t\t\t<\/div>\n\t\t\t\t<div class=\"elementor-element elementor-element-1ed8ff2 elementor-widget elementor-widget-image\" data-id=\"1ed8ff2\" data-element_type=\"widget\" data-widget_type=\"image.default\">\n\t\t\t\t<div class=\"elementor-widget-container\">\n\t\t\t\t\t\t\t\t<div class=\"elementor-image\">\n\t\t\t\t\t\t\t\t\t\t\t\t<img loading=\"lazy\" decoding=\"async\" width=\"1024\" height=\"725\" src=\"https:\/\/pampat.tn\/wp-content\/uploads\/2019\/03\/Logo-Terr.Reg-Actu-Nabeul-1-1024x725.png\" class=\"attachment-large size-large\" alt=\"\" srcset=\"https:\/\/pampat.tn\/wp-content\/uploads\/2019\/03\/Logo-Terr.Reg-Actu-Nabeul-1-1024x725.png 1024w, https:\/\/pampat.tn\/wp-content\/uploads\/2019\/03\/Logo-Terr.Reg-Actu-Nabeul-1-300x212.png 300w, https:\/\/pampat.tn\/wp-content\/uploads\/2019\/03\/Logo-Terr.Reg-Actu-Nabeul-1-768x544.png 768w, https:\/\/pampat.tn\/wp-content\/uploads\/2019\/03\/Logo-Terr.Reg-Actu-Nabeul-1-1536x1087.png 1536w, https:\/\/pampat.tn\/wp-content\/uploads\/2019\/03\/Logo-Terr.Reg-Actu-Nabeul-1-18x12.png 18w, https:\/\/pampat.tn\/wp-content\/uploads\/2019\/03\/Logo-Terr.Reg-Actu-Nabeul-1.png 1755w\" sizes=\"auto, (max-width: 1024px) 100vw, 1024px\" \/>\t\t\t\t\t\t\t\t\t\t\t\t\t\t<\/div>\n\t\t\t\t\t\t<\/div>\n\t\t\t\t<\/div>\n\t\t\t\t\t\t<\/div>\n\t\t\t\t\t<\/div>\n\t\t<\/div>\n\t\t\t\t<div class=\"elementor-column elementor-col-50 elementor-top-column elementor-element elementor-element-07acac9\" data-id=\"07acac9\" data-element_type=\"column\">\n\t\t\t<div class=\"elementor-column-wrap elementor-element-populated\">\n\t\t\t\t\t\t\t<div class=\"elementor-widget-wrap\">\n\t\t\t\t\t\t<div class=\"elementor-element elementor-element-bf93a55 elementor-widget elementor-widget-text-editor\" data-id=\"bf93a55\" data-element_type=\"widget\" data-widget_type=\"text-editor.default\">\n\t\t\t\t<div class=\"elementor-widget-container\">\n\t\t\t\t\t\t\t\t<div class=\"elementor-text-editor elementor-clearfix\">\n\t\t\t\t<p>Nabeul est l\u00b4une des deux r\u00e9gions pilotes o\u00f9 la<a href=\"https:\/\/pampat.tn\/en\/developpement-de-la-strategie-nationale\/\"> <u>Strat\u00e9gie Tunisienne de Valorisation et de Promotion des Produits de Terroir<\/u><\/a> est en train d\u00b4\u00eatre mise en \u0153uvre depuis mi- 2022 avec l\u00b4appui du projet <a href=\"https:\/\/pampat.tn\/en\/\"><u>PAMPAT 2 project<\/u><\/a>. Suite \u00e0 un large processus participatif public-priv\u00e9 et des recherches approfondies sur le potentiel de valorisation des diff\u00e9rents produits de terroir r\u00e9gionaux r\u00e9pertori\u00e9s dans <u><a href=\"https:\/\/pampat.tn\/en\/inventaire-des-produits-de-terroir\/\">l\u2019inventaire national des produits de terroir<\/a>, <\/u>trois produits phares ont \u00e9t\u00e9 s\u00e9lectionn\u00e9s\u00a0: la fleur d\u00b4oranger de Nabeul ou <em>Zahr <\/em>en arabe, la<a href=\"https:\/\/pampat.tn\/en\/harissa-avec-food-quality-label-tunisia\/\"> <u>harissa<\/u><\/a> de Nabeul et la <a href=\"https:\/\/pampat.tn\/en\/figue-de-barbarie\/\"><u>figue de barbarie<\/u><\/a> tardive de Bouargoub.<\/p><p>Ces trois produits sont en train d\u00b4\u00eatre valoris\u00e9s gr\u00e2ce \u00e0 l\u00b4engagement de plusieurs institutions locales. Les repr\u00e9sentations r\u00e9gionales des structures publiques engag\u00e9es dans la d\u00e9marche \u00e0 Nabeul rel\u00e8vent du Minist\u00e8res de l\u00b4Agriculture (APIA, CRDA), du Minist\u00e8re du Tourisme et de l\u00b4Artisanat (CRT, ONA, Hub Design de Nabeul), du Minist\u00e8re de la Culture (CRAC, INP), du Minist\u00e8re de l\u00b4Industrie (APII) et du Minist\u00e8re de l\u00b4Economie (CGDR). Du c\u00f4t\u00e9 du secteur priv\u00e9, les institutions impliqu\u00e9es sont l\u00b4URAP, l\u00b4UTICA ainsi que plusieurs autres structures de la soci\u00e9t\u00e9 civile comme l\u00b4Association de Sauvegarde de la Ville de Nabeul (ASVN).<\/p><p>Avec l\u00b4appui du PAMPAT ces structures collaborent pour mettre en \u0153uvre des activit\u00e9s d\u00b4appuis multisectoriels qui permettent d\u00b4am\u00e9liorer la production, la diversification et la commercialisation des trois produits phares locaux d\u2019une part et de promouvoir le marketing territorial, la gastronomie, le tourisme alternatif et les activit\u00e9s culturelles autour des produits de terroir, d\u00b4autre part. Toutes ces initiatives visent \u00e0 transformer Nabeul en un v\u00e9ritable \u00ab\u00a0terroir\u00a0\u00bb o\u00f9 la cr\u00e9ation de la valeur ajout\u00e9e est ax\u00e9e sur le patrimoine mat\u00e9riel et immat\u00e9riel li\u00e9 aux produits locaux.<\/p><p>Aujourd\u00b4hui \u00e0 Nabeul, le PAMPAT soutient 90 b\u00e9n\u00e9ficiaires de diff\u00e9rents secteurs, y compris des entreprises agroalimentaires et cosm\u00e9tiques, des petits producteurs artisans, des groupements de femmes rurales, des apprenants des m\u00e9tiers de l\u2019h\u00f4tellerie, des h\u00f4tels, des maisons d\u00b4h\u00f4tes, des g\u00eetes ruraux, des restaurants, des agences de voyage, des associations culturelles, etc.\u00a0<\/p><p>Le gouvernorat de Nabeul jouit depuis toujours d\u2019une grande r\u00e9putation pour ses produits de terroir. Pourtant, jusqu\u00b4\u00e0 r\u00e9cemment Nabeul est rest\u00e9e avant tout synonyme de tourisme baln\u00e9aire. Aujourd\u00b4hui le gouvernorat ambitionne de changer son positionnement et de miser \u00e9galement sur le tourisme alternatif et les exp\u00e9riences immersives autour du th\u00e8me du \u00ab terroir\u00bb.\u00a0<\/p><p>Gr\u00e2ce \u00e0 la nouvelle dynamique de valorisation et de r\u00e9seautage entre le secteur agricole, agroindustriel, gastronomique, touristique, culturel et de l\u00b4artisanat appuy\u00e9e par le projet PAMPAT, aujourd\u00b4hui les touristes ont l\u00b4opportunit\u00e9 de d\u00e9couvrir la harissa de Nabeul, la fleur d\u00b4oranger et la figue de barbarie sous plusieurs formes. Les h\u00f4tels et maisons d\u00b4h\u00f4tes appuy\u00e9s proposent aux touristes des ateliers de production de harissa ou de pr\u00e9paration de recettes traditionnelles, les entreprises cosm\u00e9tiques \u00e0 base d\u00b4huile de p\u00e9pins de <a href=\"https:\/\/pampat.tn\/en\/figue-de-barbarie\/\"><u>figue de barbarie<\/u><\/a> et de fleurs d\u00b4oranger ouvrent leurs portes pour montrer aux visiteurs le processus de production et de distillation, les producteurs agricoles b\u00e9n\u00e9ficiaires d\u00e9veloppent des programmes d&rsquo;accueil personnalis\u00e9s, les \u00e9coles h\u00f4teli\u00e8res collaborent avec les grands chefs cuisiniers pour mettre sous les projecteurs les produits phares, les restaurants proposent des menus th\u00e9matiques, les artistes utilisent les piments et la harissa comme th\u00e8me de travail et les associations culturelles et sportives contribuent \u00e0 l\u00b4organisation d\u00b4\u00e9v\u00e8nements culturels et de festivals autour des trois produits phares.<\/p><p>Par ailleurs, une collaboration avec le secteur de l\u00b4artisanat local a \u00e9t\u00e9 \u00e9tablie pour d\u00e9velopper des solutions de packaging faites \u00e0 la main \u00e0 base de jonc ou macram\u00e9 pour les bouteilles d\u00b4eau de fleur d\u00b4oranger, pour pr\u00e9parer des petits articles de souvenirs autour des produits de terroir, pour d\u00e9velopper des mosa\u00efques autour du th\u00e8me de la harissa ou encore pour produire de fa\u00e7on artisanale des savons et des bougies parfum\u00e9es \u00e0 base de <em>zahr<\/em>.<\/p><p>En parall\u00e8le, gr\u00e2ce \u00e0 une \u00e9troite collaboration entre le PAMPAT et les structures relevant du Minist\u00e8re du Tourisme en Tunisie et \u00e0 l\u00b4\u00e9tranger, plus de 80 agences de voyages et journalistes sp\u00e9cialis\u00e9s \u00e9trangers de l\u00b4Allemagne, Royaume Uni et Chine ont pu participer pour la premi\u00e8re fois \u00e0 des visites guid\u00e9es immersives autour du th\u00e8me des produits de terroir phares de Nabeul.<\/p><p>Le PAMPAT assure un \u00e9change et un partage d\u00b4exp\u00e9riences r\u00e9guliers avec les partenaires du gouvernorat de <a href=\"https:\/\/pampat.tn\/en\/les-regions-pilotes-2\/\"><u>Kairouan<\/u><\/a>, la deuxi\u00e8me r\u00e9gion pilote o\u00f9 la <a href=\"https:\/\/pampat.tn\/en\/developpement-de-la-strategie-nationale\/\"><u>Strat\u00e9gie Tunisienne de Valorisation et de Promotion des Produits de Terroir<\/u><\/a> est \u00e9galement en train d\u00b4\u00eatre mise en \u0153uvre.<\/p>\t\t\t\t\t<\/div>\n\t\t\t\t\t\t<\/div>\n\t\t\t\t<\/div>\n\t\t\t\t\t\t<\/div>\n\t\t\t\t\t<\/div>\n\t\t<\/div>\n\t\t\t\t\t\t\t\t<\/div>\n\t\t\t\t\t<\/div>\n\t\t<\/section>\n\t\t\t\t<section class=\"elementor-section elementor-top-section elementor-element elementor-element-b67344d elementor-section-boxed elementor-section-height-default elementor-section-height-default\" data-id=\"b67344d\" data-element_type=\"section\" data-settings=\"{&quot;background_background&quot;:&quot;classic&quot;}\">\n\t\t\t\t\t\t<div class=\"elementor-container elementor-column-gap-default\">\n\t\t\t\t\t\t\t<div class=\"elementor-row\">\n\t\t\t\t\t<div class=\"elementor-column elementor-col-100 elementor-top-column elementor-element elementor-element-10d36d3\" data-id=\"10d36d3\" data-element_type=\"column\">\n\t\t\t<div class=\"elementor-column-wrap elementor-element-populated\">\n\t\t\t\t\t\t\t<div class=\"elementor-widget-wrap\">\n\t\t\t\t\t\t<div class=\"elementor-element elementor-element-70a745a elementor-widget elementor-widget-spacer\" data-id=\"70a745a\" data-element_type=\"widget\" data-widget_type=\"spacer.default\">\n\t\t\t\t<div class=\"elementor-widget-container\">\n\t\t\t\t\t<div class=\"elementor-spacer\">\n\t\t\t<div class=\"elementor-spacer-inner\"><\/div>\n\t\t<\/div>\n\t\t\t\t<\/div>\n\t\t\t\t<\/div>\n\t\t\t\t\t\t<\/div>\n\t\t\t\t\t<\/div>\n\t\t<\/div>\n\t\t\t\t\t\t\t\t<\/div>\n\t\t\t\t\t<\/div>\n\t\t<\/section>\n\t\t\t\t\t\t<\/div>\n\t\t\t\t\t\t<\/div>\n\t\t\t\t\t<\/div>","protected":false},"excerpt":{"rendered":"<p>R\u00e9gion Pilote 1 : Nabeul DOSSIER DE CANDIDATURE \u2013 2\u00e8me \u00c9DITION DU CONCOURS \u00ab ARTITERROIR \u00bb Nabeul est l\u00b4une des deux r\u00e9gions pilotes o\u00f9 la Strat\u00e9gie Tunisienne de Valorisation et de Promotion des Produits de Terroir est en train d\u00b4\u00eatre mise en \u0153uvre depuis mi- 2022 avec l\u00b4appui du projet PAMPAT 2. Suite \u00e0 un [&hellip;]<\/p>","protected":false},"author":1,"featured_media":0,"parent":0,"menu_order":0,"comment_status":"closed","ping_status":"closed","template":"elementor_header_footer","meta":{"footnotes":""},"class_list":["post-1862","page","type-page","status-publish","hentry"],"_links":{"self":[{"href":"https:\/\/pampat.tn\/en\/wp-json\/wp\/v2\/pages\/1862","targetHints":{"allow":["GET"]}}],"collection":[{"href":"https:\/\/pampat.tn\/en\/wp-json\/wp\/v2\/pages"}],"about":[{"href":"https:\/\/pampat.tn\/en\/wp-json\/wp\/v2\/types\/page"}],"author":[{"embeddable":true,"href":"https:\/\/pampat.tn\/en\/wp-json\/wp\/v2\/users\/1"}],"replies":[{"embeddable":true,"href":"https:\/\/pampat.tn\/en\/wp-json\/wp\/v2\/comments?post=1862"}],"version-history":[{"count":107,"href":"https:\/\/pampat.tn\/en\/wp-json\/wp\/v2\/pages\/1862\/revisions"}],"predecessor-version":[{"id":6304,"href":"https:\/\/pampat.tn\/en\/wp-json\/wp\/v2\/pages\/1862\/revisions\/6304"}],"wp:attachment":[{"href":"https:\/\/pampat.tn\/en\/wp-json\/wp\/v2\/media?parent=1862"}],"curies":[{"name":"wp","href":"https:\/\/api.w.org\/{rel}","templated":true}]}}