{"id":2105,"date":"2021-03-22T14:11:01","date_gmt":"2021-03-22T14:11:01","guid":{"rendered":"https:\/\/pampat.tn\/?page_id=2105"},"modified":"2026-02-09T14:22:04","modified_gmt":"2026-02-09T13:22:04","slug":"documents-telechargeables-derives-de-dattes","status":"publish","type":"page","link":"https:\/\/pampat.tn\/en\/documents-telechargeables-derives-de-dattes\/","title":{"rendered":"Documents t\u00e9l\u00e9chargeables D\u00e9riv\u00e9s de dattes"},"content":{"rendered":"<div data-elementor-type=\"wp-page\" data-elementor-id=\"2105\" class=\"elementor elementor-2105\" data-elementor-settings=\"[]\">\n\t\t\t\t\t\t<div class=\"elementor-inner\">\n\t\t\t\t\t\t\t<div class=\"elementor-section-wrap\">\n\t\t\t\t\t\t\t<section class=\"elementor-section elementor-top-section elementor-element elementor-element-0481786 elementor-section-boxed elementor-section-height-default elementor-section-height-default\" data-id=\"0481786\" data-element_type=\"section\" data-settings=\"{&quot;background_background&quot;:&quot;classic&quot;}\">\n\t\t\t\t\t\t<div class=\"elementor-container elementor-column-gap-default\">\n\t\t\t\t\t\t\t<div class=\"elementor-row\">\n\t\t\t\t\t<div class=\"elementor-column elementor-col-100 elementor-top-column elementor-element elementor-element-c39a1ef\" data-id=\"c39a1ef\" data-element_type=\"column\">\n\t\t\t<div class=\"elementor-column-wrap elementor-element-populated\">\n\t\t\t\t\t\t\t<div class=\"elementor-widget-wrap\">\n\t\t\t\t\t\t<div class=\"elementor-element elementor-element-e379552 elementor-widget elementor-widget-heading\" data-id=\"e379552\" data-element_type=\"widget\" data-widget_type=\"heading.default\">\n\t\t\t\t<div class=\"elementor-widget-container\">\n\t\t\t<h2 class=\"elementor-heading-title elementor-size-default\">Processed Dates<\/h2>\t\t<\/div>\n\t\t\t\t<\/div>\n\t\t\t\t\t\t<\/div>\n\t\t\t\t\t<\/div>\n\t\t<\/div>\n\t\t\t\t\t\t\t\t<\/div>\n\t\t\t\t\t<\/div>\n\t\t<\/section>\n\t\t\t\t<section class=\"elementor-section elementor-top-section elementor-element elementor-element-b3e5689 elementor-section-boxed elementor-section-height-default elementor-section-height-default\" data-id=\"b3e5689\" data-element_type=\"section\" data-settings=\"{&quot;background_background&quot;:&quot;classic&quot;}\">\n\t\t\t\t\t\t<div class=\"elementor-container elementor-column-gap-default\">\n\t\t\t\t\t\t\t<div class=\"elementor-row\">\n\t\t\t\t\t<div class=\"elementor-column elementor-col-100 elementor-top-column elementor-element elementor-element-51cbdcd\" data-id=\"51cbdcd\" data-element_type=\"column\">\n\t\t\t<div class=\"elementor-column-wrap elementor-element-populated\">\n\t\t\t\t\t\t\t<div class=\"elementor-widget-wrap\">\n\t\t\t\t\t\t<section class=\"elementor-section elementor-inner-section elementor-element elementor-element-3076faa elementor-section-boxed elementor-section-height-default elementor-section-height-default\" data-id=\"3076faa\" data-element_type=\"section\">\n\t\t\t\t\t\t<div class=\"elementor-container elementor-column-gap-default\">\n\t\t\t\t\t\t\t<div class=\"elementor-row\">\n\t\t\t\t\t<div class=\"elementor-column elementor-col-20 elementor-inner-column elementor-element elementor-element-353a21a\" data-id=\"353a21a\" data-element_type=\"column\">\n\t\t\t<div class=\"elementor-column-wrap elementor-element-populated\">\n\t\t\t\t\t\t\t<div class=\"elementor-widget-wrap\">\n\t\t\t\t\t\t<div class=\"elementor-element elementor-element-2619044 elementor-widget elementor-widget-image\" data-id=\"2619044\" data-element_type=\"widget\" data-widget_type=\"image.default\">\n\t\t\t\t<div class=\"elementor-widget-container\">\n\t\t\t\t\t\t\t\t<div class=\"elementor-image\">\n\t\t\t\t\t\t\t\t\t\t\t\t\t<a href=\"https:\/\/pampat.tn\/wp-content\/uploads\/2019\/03\/Web-Livret-Tanwicha-Fr-9-23.pdf\" target=\"_blank\">\n\t\t\t\t\t\t\t<img loading=\"lazy\" decoding=\"async\" width=\"395\" height=\"555\" src=\"https:\/\/pampat.tn\/wp-content\/uploads\/2019\/03\/P.Garde-Livret-recettes-DD_12-2022.jpg\" class=\"attachment-large size-large\" alt=\"\" srcset=\"https:\/\/pampat.tn\/wp-content\/uploads\/2019\/03\/P.Garde-Livret-recettes-DD_12-2022.jpg 395w, https:\/\/pampat.tn\/wp-content\/uploads\/2019\/03\/P.Garde-Livret-recettes-DD_12-2022-214x300.jpg 214w, https:\/\/pampat.tn\/wp-content\/uploads\/2019\/03\/P.Garde-Livret-recettes-DD_12-2022-9x12.jpg 9w\" sizes=\"auto, (max-width: 395px) 100vw, 395px\" \/>\t\t\t\t\t\t\t\t<\/a>\n\t\t\t\t\t\t\t\t\t\t\t\t\t\t<\/div>\n\t\t\t\t\t\t<\/div>\n\t\t\t\t<\/div>\n\t\t\t\t<div class=\"elementor-element elementor-element-733db8c elementor-widget elementor-widget-heading\" data-id=\"733db8c\" data-element_type=\"widget\" data-widget_type=\"heading.default\">\n\t\t\t\t<div class=\"elementor-widget-container\">\n\t\t\t<h3 class=\"elementor-heading-title elementor-size-xl\"><a href=\"https:\/\/pampat.tn\/wp-content\/uploads\/2019\/03\/Web-Livret-Tanwicha-Fr-9-23.pdf\" target=\"_blank\">Recettes \u00e0 base de produits de d\u00e9riv\u00e9s de dattes (FR)<\/a><\/h3>\t\t<\/div>\n\t\t\t\t<\/div>\n\t\t\t\t\t\t<\/div>\n\t\t\t\t\t<\/div>\n\t\t<\/div>\n\t\t\t\t<div class=\"elementor-column elementor-col-20 elementor-inner-column elementor-element elementor-element-4009d5c\" data-id=\"4009d5c\" data-element_type=\"column\">\n\t\t\t<div class=\"elementor-column-wrap elementor-element-populated\">\n\t\t\t\t\t\t\t<div class=\"elementor-widget-wrap\">\n\t\t\t\t\t\t<div class=\"elementor-element elementor-element-0b41e26 elementor-widget elementor-widget-image\" data-id=\"0b41e26\" data-element_type=\"widget\" data-widget_type=\"image.default\">\n\t\t\t\t<div class=\"elementor-widget-container\">\n\t\t\t\t\t\t\t\t<div class=\"elementor-image\">\n\t\t\t\t\t\t\t\t\t\t\t\t\t<a href=\"https:\/\/pampat.tn\/wp-content\/uploads\/2019\/03\/Web-Livret-Tanwicha-Ang-9-23.pdf\" target=\"_blank\">\n\t\t\t\t\t\t\t<img loading=\"lazy\" decoding=\"async\" width=\"391\" height=\"559\" src=\"https:\/\/pampat.tn\/wp-content\/uploads\/2019\/03\/Page-de-garde-Livret-recettes-DD_Eng.png\" class=\"attachment-large size-large\" alt=\"\" srcset=\"https:\/\/pampat.tn\/wp-content\/uploads\/2019\/03\/Page-de-garde-Livret-recettes-DD_Eng.png 391w, https:\/\/pampat.tn\/wp-content\/uploads\/2019\/03\/Page-de-garde-Livret-recettes-DD_Eng-210x300.png 210w, https:\/\/pampat.tn\/wp-content\/uploads\/2019\/03\/Page-de-garde-Livret-recettes-DD_Eng-8x12.png 8w\" sizes=\"auto, (max-width: 391px) 100vw, 391px\" \/>\t\t\t\t\t\t\t\t<\/a>\n\t\t\t\t\t\t\t\t\t\t\t\t\t\t<\/div>\n\t\t\t\t\t\t<\/div>\n\t\t\t\t<\/div>\n\t\t\t\t<div class=\"elementor-element elementor-element-6b76b04 elementor-widget elementor-widget-heading\" data-id=\"6b76b04\" data-element_type=\"widget\" data-widget_type=\"heading.default\">\n\t\t\t\t<div class=\"elementor-widget-container\">\n\t\t\t<h3 class=\"elementor-heading-title elementor-size-xl\"><a href=\"https:\/\/pampat.tn\/wp-content\/uploads\/2019\/03\/Web-Livret-Tanwicha-Ang-9-23.pdf\" target=\"_blank\">Recettes \u00e0 base de produits de d\u00e9riv\u00e9s de dattes (Eng)<\/a><\/h3>\t\t<\/div>\n\t\t\t\t<\/div>\n\t\t\t\t\t\t<\/div>\n\t\t\t\t\t<\/div>\n\t\t<\/div>\n\t\t\t\t<div class=\"elementor-column elementor-col-20 elementor-inner-column elementor-element elementor-element-7878170\" data-id=\"7878170\" data-element_type=\"column\">\n\t\t\t<div class=\"elementor-column-wrap elementor-element-populated\">\n\t\t\t\t\t\t\t<div class=\"elementor-widget-wrap\">\n\t\t\t\t\t\t<div class=\"elementor-element elementor-element-8c84674 elementor-widget elementor-widget-image\" data-id=\"8c84674\" data-element_type=\"widget\" data-widget_type=\"image.default\">\n\t\t\t\t<div class=\"elementor-widget-container\">\n\t\t\t\t\t\t\t\t<div class=\"elementor-image\">\n\t\t\t\t\t\t\t\t\t\t\t\t\t<a href=\"https:\/\/pampat.tn\/wp-content\/uploads\/2019\/03\/6RecettesDD-Enfants-Print.09.24.pdf\" target=\"_blank\">\n\t\t\t\t\t\t\t<img loading=\"lazy\" decoding=\"async\" width=\"381\" height=\"552\" src=\"https:\/\/pampat.tn\/wp-content\/uploads\/2026\/02\/Capture-decran_4-2-2026_12457_pampat.tn_.jpeg\" class=\"attachment-large size-large\" alt=\"\" srcset=\"https:\/\/pampat.tn\/wp-content\/uploads\/2026\/02\/Capture-decran_4-2-2026_12457_pampat.tn_.jpeg 381w, https:\/\/pampat.tn\/wp-content\/uploads\/2026\/02\/Capture-decran_4-2-2026_12457_pampat.tn_-207x300.jpeg 207w, https:\/\/pampat.tn\/wp-content\/uploads\/2026\/02\/Capture-decran_4-2-2026_12457_pampat.tn_-8x12.jpeg 8w\" sizes=\"auto, (max-width: 381px) 100vw, 381px\" \/>\t\t\t\t\t\t\t\t<\/a>\n\t\t\t\t\t\t\t\t\t\t\t\t\t\t<\/div>\n\t\t\t\t\t\t<\/div>\n\t\t\t\t<\/div>\n\t\t\t\t<div class=\"elementor-element elementor-element-ba1d0a9 elementor-widget elementor-widget-heading\" data-id=\"ba1d0a9\" data-element_type=\"widget\" data-widget_type=\"heading.default\">\n\t\t\t\t<div class=\"elementor-widget-container\">\n\t\t\t<h3 class=\"elementor-heading-title elementor-size-xl\"><a href=\"https:\/\/pampat.tn\/wp-content\/uploads\/2019\/03\/6RecettesDD-Enfants-Print.09.24.pdf\" target=\"_blank\">Recettes Go\u00fbter pour enfants \u00e0 base de D\u00e9riv\u00e9s de Dattes<\/a><\/h3>\t\t<\/div>\n\t\t\t\t<\/div>\n\t\t\t\t\t\t<\/div>\n\t\t\t\t\t<\/div>\n\t\t<\/div>\n\t\t\t\t<div class=\"elementor-column elementor-col-20 elementor-inner-column elementor-element elementor-element-00229aa\" data-id=\"00229aa\" data-element_type=\"column\">\n\t\t\t<div class=\"elementor-column-wrap elementor-element-populated\">\n\t\t\t\t\t\t\t<div class=\"elementor-widget-wrap\">\n\t\t\t\t\t\t<div class=\"elementor-element elementor-element-f48a570 elementor-widget elementor-widget-image\" data-id=\"f48a570\" data-element_type=\"widget\" data-widget_type=\"image.default\">\n\t\t\t\t<div class=\"elementor-widget-container\">\n\t\t\t\t\t\t\t\t<div class=\"elementor-image\">\n\t\t\t\t\t\t\t\t\t\t\t\t\t<a href=\"https:\/\/pampat.tn\/wp-content\/uploads\/2019\/03\/Guide.BP-Vinai.Dattes.Web-02-26.pdf\" target=\"_blank\">\n\t\t\t\t\t\t\t<img loading=\"lazy\" decoding=\"async\" width=\"592\" height=\"832\" src=\"https:\/\/pampat.tn\/wp-content\/uploads\/2019\/03\/guide-des-dates_pampat.tn_.jpeg\" class=\"attachment-large size-large\" alt=\"\" srcset=\"https:\/\/pampat.tn\/wp-content\/uploads\/2019\/03\/guide-des-dates_pampat.tn_.jpeg 592w, https:\/\/pampat.tn\/wp-content\/uploads\/2019\/03\/guide-des-dates_pampat.tn_-213x300.jpeg 213w, https:\/\/pampat.tn\/wp-content\/uploads\/2019\/03\/guide-des-dates_pampat.tn_-9x12.jpeg 9w\" sizes=\"auto, (max-width: 592px) 100vw, 592px\" \/>\t\t\t\t\t\t\t\t<\/a>\n\t\t\t\t\t\t\t\t\t\t\t\t\t\t<\/div>\n\t\t\t\t\t\t<\/div>\n\t\t\t\t<\/div>\n\t\t\t\t<div class=\"elementor-element elementor-element-cfc5443 elementor-widget elementor-widget-heading\" data-id=\"cfc5443\" data-element_type=\"widget\" data-widget_type=\"heading.default\">\n\t\t\t\t<div class=\"elementor-widget-container\">\n\t\t\t<h3 class=\"elementor-heading-title elementor-size-xl\"><a href=\"https:\/\/pampat.tn\/wp-content\/uploads\/2019\/03\/Guide.BP-Vinai.Dattes.Web-02-26.pdf\" target=\"_blank\">Guide de bonnes pratiques de production du vinaigre de dattes Janvier 2026<\/a><\/h3>\t\t<\/div>\n\t\t\t\t<\/div>\n\t\t\t\t\t\t<\/div>\n\t\t\t\t\t<\/div>\n\t\t<\/div>\n\t\t\t\t<div class=\"elementor-column elementor-col-20 elementor-inner-column elementor-element elementor-element-0133e74\" data-id=\"0133e74\" data-element_type=\"column\">\n\t\t\t<div class=\"elementor-column-wrap elementor-element-populated\">\n\t\t\t\t\t\t\t<div class=\"elementor-widget-wrap\">\n\t\t\t\t\t\t<div class=\"elementor-element elementor-element-4db30c0 elementor-widget elementor-widget-image\" data-id=\"4db30c0\" data-element_type=\"widget\" data-widget_type=\"image.default\">\n\t\t\t\t<div class=\"elementor-widget-container\">\n\t\t\t\t\t\t\t\t<div class=\"elementor-image\">\n\t\t\t\t\t\t\t\t\t\t\t\t\t<a href=\"https:\/\/pampat.tn\/wp-content\/uploads\/2019\/03\/Guide.BPP-Poud.Dattes-Fev-26.pdf\" target=\"_blank\">\n\t\t\t\t\t\t\t<img loading=\"lazy\" decoding=\"async\" width=\"392\" height=\"550\" src=\"https:\/\/pampat.tn\/wp-content\/uploads\/2019\/03\/Capture-decran_9-2-2026_3237_.jpeg\" class=\"attachment-large size-large\" alt=\"\" srcset=\"https:\/\/pampat.tn\/wp-content\/uploads\/2019\/03\/Capture-decran_9-2-2026_3237_.jpeg 392w, https:\/\/pampat.tn\/wp-content\/uploads\/2019\/03\/Capture-decran_9-2-2026_3237_-214x300.jpeg 214w, https:\/\/pampat.tn\/wp-content\/uploads\/2019\/03\/Capture-decran_9-2-2026_3237_-9x12.jpeg 9w\" sizes=\"auto, (max-width: 392px) 100vw, 392px\" \/>\t\t\t\t\t\t\t\t<\/a>\n\t\t\t\t\t\t\t\t\t\t\t\t\t\t<\/div>\n\t\t\t\t\t\t<\/div>\n\t\t\t\t<\/div>\n\t\t\t\t<div class=\"elementor-element elementor-element-219d972 elementor-widget elementor-widget-heading\" data-id=\"219d972\" data-element_type=\"widget\" data-widget_type=\"heading.default\">\n\t\t\t\t<div class=\"elementor-widget-container\">\n\t\t\t<h3 class=\"elementor-heading-title elementor-size-xl\"><a href=\"https:\/\/pampat.tn\/wp-content\/uploads\/2019\/03\/Guide.BPP-Poud.Dattes-Fev-26.pdf\" target=\"_blank\">Guide de bonnes pratiques de production de la poudre de dattes F\u00e9vrier 2026<\/a><\/h3>\t\t<\/div>\n\t\t\t\t<\/div>\n\t\t\t\t\t\t<\/div>\n\t\t\t\t\t<\/div>\n\t\t<\/div>\n\t\t\t\t\t\t\t\t<\/div>\n\t\t\t\t\t<\/div>\n\t\t<\/section>\n\t\t\t\t\t\t<\/div>\n\t\t\t\t\t<\/div>\n\t\t<\/div>\n\t\t\t\t\t\t\t\t<\/div>\n\t\t\t\t\t<\/div>\n\t\t<\/section>\n\t\t\t\t<section class=\"elementor-section elementor-top-section elementor-element elementor-element-635e905 elementor-section-boxed elementor-section-height-default elementor-section-height-default\" data-id=\"635e905\" data-element_type=\"section\" data-settings=\"{&quot;background_background&quot;:&quot;classic&quot;}\">\n\t\t\t\t\t\t<div class=\"elementor-container elementor-column-gap-default\">\n\t\t\t\t\t\t\t<div class=\"elementor-row\">\n\t\t\t\t\t<div class=\"elementor-column elementor-col-100 elementor-top-column elementor-element elementor-element-2450c92\" data-id=\"2450c92\" data-element_type=\"column\">\n\t\t\t<div class=\"elementor-column-wrap elementor-element-populated\">\n\t\t\t\t\t\t\t<div class=\"elementor-widget-wrap\">\n\t\t\t\t\t\t<section class=\"elementor-section elementor-inner-section elementor-element elementor-element-7120de6 elementor-section-boxed elementor-section-height-default elementor-section-height-default\" data-id=\"7120de6\" data-element_type=\"section\">\n\t\t\t\t\t\t<div class=\"elementor-container elementor-column-gap-default\">\n\t\t\t\t\t\t\t<div class=\"elementor-row\">\n\t\t\t\t\t<div class=\"elementor-column elementor-col-25 elementor-inner-column elementor-element elementor-element-7aa8fc5\" data-id=\"7aa8fc5\" data-element_type=\"column\">\n\t\t\t<div class=\"elementor-column-wrap elementor-element-populated\">\n\t\t\t\t\t\t\t<div class=\"elementor-widget-wrap\">\n\t\t\t\t\t\t<div class=\"elementor-element elementor-element-84f1e71 elementor-widget elementor-widget-image\" data-id=\"84f1e71\" data-element_type=\"widget\" data-widget_type=\"image.default\">\n\t\t\t\t<div class=\"elementor-widget-container\">\n\t\t\t\t\t\t\t\t<div class=\"elementor-image\">\n\t\t\t\t\t\t\t\t\t\t\t\t\t<a href=\"https:\/\/pampat.tn\/wp-content\/uploads\/2019\/03\/Etude-du-marche-des-derives-de-dattes.pdf\">\n\t\t\t\t\t\t\t<img loading=\"lazy\" decoding=\"async\" width=\"346\" height=\"564\" src=\"https:\/\/pampat.tn\/wp-content\/uploads\/2019\/03\/Etude-du-marche-Derives-de-dattes.png\" class=\"attachment-large size-large\" alt=\"\" srcset=\"https:\/\/pampat.tn\/wp-content\/uploads\/2019\/03\/Etude-du-marche-Derives-de-dattes.png 346w, https:\/\/pampat.tn\/wp-content\/uploads\/2019\/03\/Etude-du-marche-Derives-de-dattes-184x300.png 184w, https:\/\/pampat.tn\/wp-content\/uploads\/2019\/03\/Etude-du-marche-Derives-de-dattes-7x12.png 7w\" sizes=\"auto, (max-width: 346px) 100vw, 346px\" \/>\t\t\t\t\t\t\t\t<\/a>\n\t\t\t\t\t\t\t\t\t\t\t\t\t\t<\/div>\n\t\t\t\t\t\t<\/div>\n\t\t\t\t<\/div>\n\t\t\t\t<div class=\"elementor-element elementor-element-92f28ad elementor-widget elementor-widget-heading\" data-id=\"92f28ad\" data-element_type=\"widget\" data-widget_type=\"heading.default\">\n\t\t\t\t<div class=\"elementor-widget-container\">\n\t\t\t<h3 class=\"elementor-heading-title elementor-size-xl\"><a href=\"https:\/\/pampat.tn\/wp-content\/uploads\/2019\/03\/Etude-du-marche-des-derives-de-dattes.pdf\">Etude de march\u00e9 sur les d\u00e9riv\u00e9s de la datte tunisienne<\/a><\/h3>\t\t<\/div>\n\t\t\t\t<\/div>\n\t\t\t\t\t\t<\/div>\n\t\t\t\t\t<\/div>\n\t\t<\/div>\n\t\t\t\t<div class=\"elementor-column elementor-col-25 elementor-inner-column elementor-element elementor-element-aeaca17\" data-id=\"aeaca17\" data-element_type=\"column\">\n\t\t\t<div class=\"elementor-column-wrap elementor-element-populated\">\n\t\t\t\t\t\t\t<div class=\"elementor-widget-wrap\">\n\t\t\t\t\t\t<div class=\"elementor-element elementor-element-e91563a elementor-widget elementor-widget-image\" data-id=\"e91563a\" data-element_type=\"widget\" data-widget_type=\"image.default\">\n\t\t\t\t<div class=\"elementor-widget-container\">\n\t\t\t\t\t\t\t\t<div class=\"elementor-image\">\n\t\t\t\t\t\t\t\t\t\t\t\t\t<a href=\"https:\/\/pampat.tn\/wp-content\/uploads\/2019\/03\/AnnuaireDD-Actu-4-02-25-1.pdf\" target=\"_blank\">\n\t\t\t\t\t\t\t<img loading=\"lazy\" decoding=\"async\" width=\"1024\" height=\"731\" src=\"https:\/\/pampat.tn\/wp-content\/uploads\/2021\/10\/Page-de-garde-annuaire-1024x731.jpg\" class=\"attachment-large size-large\" alt=\"\" srcset=\"https:\/\/pampat.tn\/wp-content\/uploads\/2021\/10\/Page-de-garde-annuaire-1024x731.jpg 1024w, https:\/\/pampat.tn\/wp-content\/uploads\/2021\/10\/Page-de-garde-annuaire-300x214.jpg 300w, https:\/\/pampat.tn\/wp-content\/uploads\/2021\/10\/Page-de-garde-annuaire-768x549.jpg 768w, https:\/\/pampat.tn\/wp-content\/uploads\/2021\/10\/Page-de-garde-annuaire-1536x1097.jpg 1536w, https:\/\/pampat.tn\/wp-content\/uploads\/2021\/10\/Page-de-garde-annuaire-2048x1463.jpg 2048w, https:\/\/pampat.tn\/wp-content\/uploads\/2021\/10\/Page-de-garde-annuaire-18x12.jpg 18w\" sizes=\"auto, (max-width: 1024px) 100vw, 1024px\" \/>\t\t\t\t\t\t\t\t<\/a>\n\t\t\t\t\t\t\t\t\t\t\t\t\t\t<\/div>\n\t\t\t\t\t\t<\/div>\n\t\t\t\t<\/div>\n\t\t\t\t<div class=\"elementor-element elementor-element-86dfd38 elementor-widget elementor-widget-heading\" data-id=\"86dfd38\" data-element_type=\"widget\" data-widget_type=\"heading.default\">\n\t\t\t\t<div class=\"elementor-widget-container\">\n\t\t\t<h3 class=\"elementor-heading-title elementor-size-xl\"><a href=\"https:\/\/pampat.tn\/wp-content\/uploads\/2019\/03\/AnnuaireDD-Actu-4-02-25-1.pdf\" target=\"_blank\">Directory of operators in the processed dates' sector<\/a><\/h3>\t\t<\/div>\n\t\t\t\t<\/div>\n\t\t\t\t\t\t<\/div>\n\t\t\t\t\t<\/div>\n\t\t<\/div>\n\t\t\t\t<div class=\"elementor-column elementor-col-25 elementor-inner-column elementor-element elementor-element-68a7a20\" data-id=\"68a7a20\" data-element_type=\"column\">\n\t\t\t<div class=\"elementor-column-wrap elementor-element-populated\">\n\t\t\t\t\t\t\t<div class=\"elementor-widget-wrap\">\n\t\t\t\t\t\t<div class=\"elementor-element elementor-element-72fb8f3 elementor-widget elementor-widget-image\" data-id=\"72fb8f3\" data-element_type=\"widget\" data-widget_type=\"image.default\">\n\t\t\t\t<div class=\"elementor-widget-container\">\n\t\t\t\t\t\t\t\t<div class=\"elementor-image\">\n\t\t\t\t\t\t\t\t\t\t\t\t\t<a href=\"https:\/\/pampat.tn\/wp-content\/uploads\/2019\/03\/Livret-de-recettes-a-base-de-produits-derives-de-dattes.pdf\">\n\t\t\t\t\t\t\t<img loading=\"lazy\" decoding=\"async\" width=\"836\" height=\"593\" src=\"https:\/\/pampat.tn\/wp-content\/uploads\/2019\/03\/Capture-1.png\" class=\"attachment-large size-large\" alt=\"\" srcset=\"https:\/\/pampat.tn\/wp-content\/uploads\/2019\/03\/Capture-1.png 836w, https:\/\/pampat.tn\/wp-content\/uploads\/2019\/03\/Capture-1-300x213.png 300w, https:\/\/pampat.tn\/wp-content\/uploads\/2019\/03\/Capture-1-768x545.png 768w, https:\/\/pampat.tn\/wp-content\/uploads\/2019\/03\/Capture-1-16x12.png 16w\" sizes=\"auto, (max-width: 836px) 100vw, 836px\" \/>\t\t\t\t\t\t\t\t<\/a>\n\t\t\t\t\t\t\t\t\t\t\t\t\t\t<\/div>\n\t\t\t\t\t\t<\/div>\n\t\t\t\t<\/div>\n\t\t\t\t<div class=\"elementor-element elementor-element-7da53cc elementor-widget elementor-widget-heading\" data-id=\"7da53cc\" data-element_type=\"widget\" data-widget_type=\"heading.default\">\n\t\t\t\t<div class=\"elementor-widget-container\">\n\t\t\t<h3 class=\"elementor-heading-title elementor-size-xl\"><a href=\"https:\/\/pampat.tn\/wp-content\/uploads\/2019\/03\/Livret-de-recettes-a-base-de-produits-derives-de-dattes.pdf\">Processed dates based recipe book<\/a><\/h3>\t\t<\/div>\n\t\t\t\t<\/div>\n\t\t\t\t\t\t<\/div>\n\t\t\t\t\t<\/div>\n\t\t<\/div>\n\t\t\t\t<div class=\"elementor-column elementor-col-25 elementor-inner-column elementor-element elementor-element-94d7573\" data-id=\"94d7573\" data-element_type=\"column\">\n\t\t\t<div class=\"elementor-column-wrap elementor-element-populated\">\n\t\t\t\t\t\t\t<div class=\"elementor-widget-wrap\">\n\t\t\t\t\t\t<div class=\"elementor-element elementor-element-6eb7d30 elementor-widget elementor-widget-image\" data-id=\"6eb7d30\" data-element_type=\"widget\" data-widget_type=\"image.default\">\n\t\t\t\t<div class=\"elementor-widget-container\">\n\t\t\t\t\t\t\t\t<div class=\"elementor-image\">\n\t\t\t\t\t\t\t\t\t\t\t\t\t<a href=\"https:\/\/pampat.tn\/wp-content\/uploads\/2019\/03\/Recettes-web-DD.pdf\" target=\"_blank\">\n\t\t\t\t\t\t\t<img loading=\"lazy\" decoding=\"async\" width=\"613\" height=\"439\" src=\"https:\/\/pampat.tn\/wp-content\/uploads\/2019\/03\/Page-de-garde-recettes-DD.png\" class=\"attachment-large size-large\" alt=\"\" srcset=\"https:\/\/pampat.tn\/wp-content\/uploads\/2019\/03\/Page-de-garde-recettes-DD.png 613w, https:\/\/pampat.tn\/wp-content\/uploads\/2019\/03\/Page-de-garde-recettes-DD-300x215.png 300w, https:\/\/pampat.tn\/wp-content\/uploads\/2019\/03\/Page-de-garde-recettes-DD-18x12.png 18w\" sizes=\"auto, (max-width: 613px) 100vw, 613px\" \/>\t\t\t\t\t\t\t\t<\/a>\n\t\t\t\t\t\t\t\t\t\t\t\t\t\t<\/div>\n\t\t\t\t\t\t<\/div>\n\t\t\t\t<\/div>\n\t\t\t\t<div class=\"elementor-element elementor-element-a75a68b elementor-widget elementor-widget-heading\" data-id=\"a75a68b\" data-element_type=\"widget\" data-widget_type=\"heading.default\">\n\t\t\t\t<div class=\"elementor-widget-container\">\n\t\t\t<h3 class=\"elementor-heading-title elementor-size-xl\"><a href=\"https:\/\/pampat.tn\/wp-content\/uploads\/2019\/03\/Recettes-web-DD.pdf\" target=\"_blank\">Recettes d\u00e9riv\u00e9s de dattes<\/a><\/h3>\t\t<\/div>\n\t\t\t\t<\/div>\n\t\t\t\t\t\t<\/div>\n\t\t\t\t\t<\/div>\n\t\t<\/div>\n\t\t\t\t\t\t\t\t<\/div>\n\t\t\t\t\t<\/div>\n\t\t<\/section>\n\t\t\t\t\t\t<\/div>\n\t\t\t\t\t<\/div>\n\t\t<\/div>\n\t\t\t\t\t\t\t\t<\/div>\n\t\t\t\t\t<\/div>\n\t\t<\/section>\n\t\t\t\t\t\t<\/div>\n\t\t\t\t\t\t<\/div>\n\t\t\t\t\t<\/div>","protected":false},"excerpt":{"rendered":"<p>D\u00e9riv\u00e9s de dattes Recettes \u00e0 base de produits de d\u00e9riv\u00e9s de dattes (FR) Recettes \u00e0 base de produits de d\u00e9riv\u00e9s de dattes (Eng) Recettes Go\u00fbter pour enfants \u00e0 base de D\u00e9riv\u00e9s de Dattes Guide de bonnes pratiques de production du vinaigre de dattes Janvier 2026 Guide de bonnes pratiques de production de la poudre de [&hellip;]<\/p>","protected":false},"author":2,"featured_media":0,"parent":0,"menu_order":0,"comment_status":"closed","ping_status":"closed","template":"elementor_header_footer","meta":{"footnotes":""},"class_list":["post-2105","page","type-page","status-publish","hentry"],"_links":{"self":[{"href":"https:\/\/pampat.tn\/en\/wp-json\/wp\/v2\/pages\/2105","targetHints":{"allow":["GET"]}}],"collection":[{"href":"https:\/\/pampat.tn\/en\/wp-json\/wp\/v2\/pages"}],"about":[{"href":"https:\/\/pampat.tn\/en\/wp-json\/wp\/v2\/types\/page"}],"author":[{"embeddable":true,"href":"https:\/\/pampat.tn\/en\/wp-json\/wp\/v2\/users\/2"}],"replies":[{"embeddable":true,"href":"https:\/\/pampat.tn\/en\/wp-json\/wp\/v2\/comments?post=2105"}],"version-history":[{"count":106,"href":"https:\/\/pampat.tn\/en\/wp-json\/wp\/v2\/pages\/2105\/revisions"}],"predecessor-version":[{"id":6382,"href":"https:\/\/pampat.tn\/en\/wp-json\/wp\/v2\/pages\/2105\/revisions\/6382"}],"wp:attachment":[{"href":"https:\/\/pampat.tn\/en\/wp-json\/wp\/v2\/media?parent=2105"}],"curies":[{"name":"wp","href":"https:\/\/api.w.org\/{rel}","templated":true}]}}