{"id":2417,"date":"2021-04-02T10:01:34","date_gmt":"2021-04-02T10:01:34","guid":{"rendered":"https:\/\/pampat.tn\/?page_id=2417"},"modified":"2021-05-21T21:10:42","modified_gmt":"2021-05-21T21:10:42","slug":"presentation-pampat-1","status":"publish","type":"page","link":"https:\/\/pampat.tn\/en\/presentation-pampat-1\/","title":{"rendered":"Presentation PAMPAT 1"},"content":{"rendered":"<div data-elementor-type=\"wp-post\" data-elementor-id=\"2417\" class=\"elementor elementor-2417\" data-elementor-settings=\"[]\">\n\t\t\t\t\t\t<div class=\"elementor-inner\">\n\t\t\t\t\t\t\t<div class=\"elementor-section-wrap\">\n\t\t\t\t\t\t\t<section class=\"elementor-section elementor-top-section elementor-element elementor-element-dc561e7 elementor-section-boxed elementor-section-height-default elementor-section-height-default\" data-id=\"dc561e7\" data-element_type=\"section\" data-settings=\"{&quot;background_background&quot;:&quot;classic&quot;}\">\n\t\t\t\t\t\t<div class=\"elementor-container elementor-column-gap-default\">\n\t\t\t\t\t\t\t<div class=\"elementor-row\">\n\t\t\t\t\t<div class=\"elementor-column elementor-col-100 elementor-top-column elementor-element elementor-element-0b143c0\" data-id=\"0b143c0\" data-element_type=\"column\">\n\t\t\t<div class=\"elementor-column-wrap elementor-element-populated\">\n\t\t\t\t\t\t\t<div class=\"elementor-widget-wrap\">\n\t\t\t\t\t\t<div class=\"elementor-element elementor-element-53dc089 elementor-widget elementor-widget-heading\" data-id=\"53dc089\" data-element_type=\"widget\" data-widget_type=\"heading.default\">\n\t\t\t\t<div class=\"elementor-widget-container\">\n\t\t\t<h2 class=\"elementor-heading-title elementor-size-default\">Presentation PAMPAT 1<\/h2>\t\t<\/div>\n\t\t\t\t<\/div>\n\t\t\t\t<div class=\"elementor-element elementor-element-2233dd3 elementor-widget elementor-widget-image\" data-id=\"2233dd3\" data-element_type=\"widget\" data-widget_type=\"image.default\">\n\t\t\t\t<div class=\"elementor-widget-container\">\n\t\t\t\t\t\t\t\t<div class=\"elementor-image\">\n\t\t\t\t\t\t\t\t\t\t\t\t<img loading=\"lazy\" decoding=\"async\" width=\"1024\" height=\"259\" src=\"https:\/\/pampat.tn\/wp-content\/uploads\/2021\/05\/pampat1-1024x259.jpg\" class=\"attachment-large size-large\" alt=\"\" srcset=\"https:\/\/pampat.tn\/wp-content\/uploads\/2021\/05\/pampat1-1024x259.jpg 1024w, https:\/\/pampat.tn\/wp-content\/uploads\/2021\/05\/pampat1-300x76.jpg 300w, https:\/\/pampat.tn\/wp-content\/uploads\/2021\/05\/pampat1-768x194.jpg 768w, https:\/\/pampat.tn\/wp-content\/uploads\/2021\/05\/pampat1-1536x388.jpg 1536w, https:\/\/pampat.tn\/wp-content\/uploads\/2021\/05\/pampat1-2048x517.jpg 2048w, https:\/\/pampat.tn\/wp-content\/uploads\/2021\/05\/pampat1-16x4.jpg 16w\" sizes=\"auto, (max-width: 1024px) 100vw, 1024px\" \/>\t\t\t\t\t\t\t\t\t\t\t\t\t\t<\/div>\n\t\t\t\t\t\t<\/div>\n\t\t\t\t<\/div>\n\t\t\t\t\t\t<\/div>\n\t\t\t\t\t<\/div>\n\t\t<\/div>\n\t\t\t\t\t\t\t\t<\/div>\n\t\t\t\t\t<\/div>\n\t\t<\/section>\n\t\t\t\t<section class=\"elementor-section elementor-top-section elementor-element elementor-element-4ec74c3 elementor-section-height-min-height elementor-section-items-top elementor-section-boxed elementor-section-height-default\" data-id=\"4ec74c3\" data-element_type=\"section\" data-settings=\"{&quot;background_background&quot;:&quot;classic&quot;}\">\n\t\t\t\t\t\t<div class=\"elementor-container elementor-column-gap-default\">\n\t\t\t\t\t\t\t<div class=\"elementor-row\">\n\t\t\t\t\t<div class=\"elementor-column elementor-col-100 elementor-top-column elementor-element elementor-element-580512a\" data-id=\"580512a\" data-element_type=\"column\">\n\t\t\t<div class=\"elementor-column-wrap elementor-element-populated\">\n\t\t\t\t\t\t\t<div class=\"elementor-widget-wrap\">\n\t\t\t\t\t\t<div class=\"elementor-element elementor-element-95e925d elementor-drop-cap-yes elementor-drop-cap-view-default elementor-widget elementor-widget-text-editor\" data-id=\"95e925d\" data-element_type=\"widget\" data-settings=\"{&quot;drop_cap&quot;:&quot;yes&quot;}\" data-widget_type=\"text-editor.default\">\n\t\t\t\t<div class=\"elementor-widget-container\">\n\t\t\t\t\t\t\t\t<div class=\"elementor-text-editor elementor-clearfix\">\n\t\t\t\t<p class=\" translation-block\">The PAMPAT 2 project represents the follow-up phase of the PAMPAT 1 project that has been implemented between 2013 and 2019 by the United Nations Industrial Development Organization (UNIDO) in collaboration with the Tunisian Ministries of Industry and Agriculture. The project had a budget of 5 million CHF and was funded by the State Secretariat for Economic Affairs of the Swiss Confederation (SECO).<br><br><\/p><p>The PAMPAT 1 approach focused on the development of agro-industrial value chains, the promotion\nof origin-linked quality labels and the implementation of a collective communication and marketing plan in order to ensure sales of regional products both on national and international markets.<br><br><\/p><p class=\" translation-block\">The final independent evaluation of PAMPAT 1 highlighted the pioneering role that the project has played in the promotion of the agroindustrial value chain approach in Tunisia. The evaluation also confirmed that PAMPAT 1 has played an important role in putting the topic of origin-based food products into the spotlight, in particular thanks to the preparation of the first <a href=\"https:\/\/pampat.tn\/en\/inventaire-des-produits-de-terroir\/\"> Tunisian mapping of local products<\/a>.<br><br><\/p><p class=\" translation-block\">During phase 1, project activities have focused particularly on the valorization of Tunisian <a href=\"https:\/\/pampat.tn\/en\/harissa-avec-food-quality-label-tunisia\/\">harissa <\/a>with the Food Quality Label Tunisia, the <a href=\"https:\/\/pampat.tn\/en\/figues-de-djebba-aoc\/\">Djebba Fig <\/a>with a protected geographical indication and the <a href=\"https:\/\/pampat.tn\/en\/figues-de-barbarie-biologique\/\">organic prickly pear<\/a>, as well as on the set-up of the biennial <a href=\"https:\/\/pampat.tn\/en\/le-concours-tunisien-des-produits-du-terroir-et-linventaire-national\/\">Tunisian Contest of Typical Food Products<\/a>.<\/p>\t\t\t\t\t<\/div>\n\t\t\t\t\t\t<\/div>\n\t\t\t\t<\/div>\n\t\t\t\t<div class=\"elementor-element elementor-element-697c786 elementor-drop-cap-yes elementor-drop-cap-view-default elementor-widget elementor-widget-text-editor\" data-id=\"697c786\" data-element_type=\"widget\" data-settings=\"{&quot;drop_cap&quot;:&quot;yes&quot;}\" data-widget_type=\"text-editor.default\">\n\t\t\t\t<div class=\"elementor-widget-container\">\n\t\t\t\t\t\t\t\t<div class=\"elementor-text-editor elementor-clearfix\">\n\t\t\t\t<p><a href=\"https:\/\/pampat.tn\/wp-content\/uploads\/2019\/03\/Newletter-PAMPAT-N-1.pdf\"><img loading=\"lazy\" decoding=\"async\" class=\"alignnone  wp-image-2939\" src=\"https:\/\/pampat.tn\/wp-content\/uploads\/2019\/03\/newsletter-300x300.png\" alt=\"\" width=\"35\" height=\"35\" srcset=\"https:\/\/pampat.tn\/wp-content\/uploads\/2019\/03\/newsletter-300x300.png 300w, https:\/\/pampat.tn\/wp-content\/uploads\/2019\/03\/newsletter-150x150.png 150w, https:\/\/pampat.tn\/wp-content\/uploads\/2019\/03\/newsletter-12x12.png 12w, https:\/\/pampat.tn\/wp-content\/uploads\/2019\/03\/newsletter.png 512w\" sizes=\"auto, (max-width: 35px) 100vw, 35px\" \/><\/a> Newsletter PAMPAT N\u00b0 1<\/p><p><a href=\"https:\/\/pampat.tn\/wp-content\/uploads\/2019\/03\/Newletter-PAMPAT-N-2.pdf\"><img loading=\"lazy\" decoding=\"async\" class=\"alignnone  wp-image-2939\" src=\"https:\/\/pampat.tn\/wp-content\/uploads\/2019\/03\/newsletter-300x300.png\" alt=\"\" width=\"35\" height=\"35\" srcset=\"https:\/\/pampat.tn\/wp-content\/uploads\/2019\/03\/newsletter-300x300.png 300w, https:\/\/pampat.tn\/wp-content\/uploads\/2019\/03\/newsletter-150x150.png 150w, https:\/\/pampat.tn\/wp-content\/uploads\/2019\/03\/newsletter-12x12.png 12w, https:\/\/pampat.tn\/wp-content\/uploads\/2019\/03\/newsletter.png 512w\" sizes=\"auto, (max-width: 35px) 100vw, 35px\" \/><\/a> Newsletter PAMPAT N\u00b0 2<\/p><p><a href=\"https:\/\/pampat.tn\/wp-content\/uploads\/2019\/03\/Newletter-PAMPAT-N-3.pdf\"><img loading=\"lazy\" decoding=\"async\" class=\"alignnone  wp-image-2939\" src=\"https:\/\/pampat.tn\/wp-content\/uploads\/2019\/03\/newsletter-300x300.png\" alt=\"\" width=\"35\" height=\"35\" srcset=\"https:\/\/pampat.tn\/wp-content\/uploads\/2019\/03\/newsletter-300x300.png 300w, https:\/\/pampat.tn\/wp-content\/uploads\/2019\/03\/newsletter-150x150.png 150w, https:\/\/pampat.tn\/wp-content\/uploads\/2019\/03\/newsletter-12x12.png 12w, https:\/\/pampat.tn\/wp-content\/uploads\/2019\/03\/newsletter.png 512w\" sizes=\"auto, (max-width: 35px) 100vw, 35px\" \/><\/a> Newsletter PAMPAT N\u00b0 3<\/p><p><a href=\"https:\/\/pampat.tn\/wp-content\/uploads\/2019\/03\/Newletter-PAMPAT-N-4.pdf\"><img loading=\"lazy\" decoding=\"async\" class=\"alignnone  wp-image-2939\" src=\"https:\/\/pampat.tn\/wp-content\/uploads\/2019\/03\/newsletter-300x300.png\" alt=\"\" width=\"35\" height=\"35\" srcset=\"https:\/\/pampat.tn\/wp-content\/uploads\/2019\/03\/newsletter-300x300.png 300w, https:\/\/pampat.tn\/wp-content\/uploads\/2019\/03\/newsletter-150x150.png 150w, https:\/\/pampat.tn\/wp-content\/uploads\/2019\/03\/newsletter-12x12.png 12w, https:\/\/pampat.tn\/wp-content\/uploads\/2019\/03\/newsletter.png 512w\" sizes=\"auto, (max-width: 35px) 100vw, 35px\" \/><\/a> Newsletter PAMPAT N\u00b0 4<\/p><p><a href=\"https:\/\/pampat.tn\/wp-content\/uploads\/2019\/03\/Newletter-PAMPAT-N-5.pdf\"><img loading=\"lazy\" decoding=\"async\" class=\"alignnone  wp-image-2939\" src=\"https:\/\/pampat.tn\/wp-content\/uploads\/2019\/03\/newsletter-300x300.png\" alt=\"\" width=\"35\" height=\"35\" srcset=\"https:\/\/pampat.tn\/wp-content\/uploads\/2019\/03\/newsletter-300x300.png 300w, https:\/\/pampat.tn\/wp-content\/uploads\/2019\/03\/newsletter-150x150.png 150w, https:\/\/pampat.tn\/wp-content\/uploads\/2019\/03\/newsletter-12x12.png 12w, https:\/\/pampat.tn\/wp-content\/uploads\/2019\/03\/newsletter.png 512w\" sizes=\"auto, (max-width: 35px) 100vw, 35px\" \/><\/a> Newsletter PAMPAT N\u00b0 5<\/p><p><a href=\"https:\/\/pampat.tn\/wp-content\/uploads\/2019\/03\/Newletter-PAMPAT-N-6.pdf\"><img loading=\"lazy\" decoding=\"async\" class=\"alignnone  wp-image-2939\" src=\"https:\/\/pampat.tn\/wp-content\/uploads\/2019\/03\/newsletter-300x300.png\" alt=\"\" width=\"35\" height=\"35\" srcset=\"https:\/\/pampat.tn\/wp-content\/uploads\/2019\/03\/newsletter-300x300.png 300w, https:\/\/pampat.tn\/wp-content\/uploads\/2019\/03\/newsletter-150x150.png 150w, https:\/\/pampat.tn\/wp-content\/uploads\/2019\/03\/newsletter-12x12.png 12w, https:\/\/pampat.tn\/wp-content\/uploads\/2019\/03\/newsletter.png 512w\" sizes=\"auto, (max-width: 35px) 100vw, 35px\" \/><\/a> Newsletter PAMPAT N\u00b0 6<\/p>\t\t\t\t\t<\/div>\n\t\t\t\t\t\t<\/div>\n\t\t\t\t<\/div>\n\t\t\t\t\t\t<\/div>\n\t\t\t\t\t<\/div>\n\t\t<\/div>\n\t\t\t\t\t\t\t\t<\/div>\n\t\t\t\t\t<\/div>\n\t\t<\/section>\n\t\t\t\t\t\t<\/div>\n\t\t\t\t\t\t<\/div>\n\t\t\t\t\t<\/div>","protected":false},"excerpt":{"rendered":"<p>Pr\u00e9sentation PAMPAT 1 Le projet PAMPAT 2 repr\u00e9sente la suite du projet PAMPAT 1, qui a \u00e9t\u00e9 mis en \u0153uvre entre 2013 et 2019 par l\u2019Organisation des Nations Unies pour le D\u00e9veloppement Industriel (ONUDI) en \u00e9troite collaboration avec le Minist\u00e8re de l\u2019Industrie et le Minist\u00e8re de l\u2019Agriculture tunisiens avec un financement de 5 millions de [&hellip;]<\/p>","protected":false},"author":1,"featured_media":0,"parent":0,"menu_order":0,"comment_status":"closed","ping_status":"closed","template":"elementor_header_footer","meta":{"footnotes":""},"class_list":["post-2417","page","type-page","status-publish","hentry"],"_links":{"self":[{"href":"https:\/\/pampat.tn\/en\/wp-json\/wp\/v2\/pages\/2417","targetHints":{"allow":["GET"]}}],"collection":[{"href":"https:\/\/pampat.tn\/en\/wp-json\/wp\/v2\/pages"}],"about":[{"href":"https:\/\/pampat.tn\/en\/wp-json\/wp\/v2\/types\/page"}],"author":[{"embeddable":true,"href":"https:\/\/pampat.tn\/en\/wp-json\/wp\/v2\/users\/1"}],"replies":[{"embeddable":true,"href":"https:\/\/pampat.tn\/en\/wp-json\/wp\/v2\/comments?post=2417"}],"version-history":[{"count":40,"href":"https:\/\/pampat.tn\/en\/wp-json\/wp\/v2\/pages\/2417\/revisions"}],"predecessor-version":[{"id":3372,"href":"https:\/\/pampat.tn\/en\/wp-json\/wp\/v2\/pages\/2417\/revisions\/3372"}],"wp:attachment":[{"href":"https:\/\/pampat.tn\/en\/wp-json\/wp\/v2\/media?parent=2417"}],"curies":[{"name":"wp","href":"https:\/\/api.w.org\/{rel}","templated":true}]}}