{"id":2419,"date":"2021-04-02T10:01:52","date_gmt":"2021-04-02T10:01:52","guid":{"rendered":"https:\/\/pampat.tn\/?page_id=2419"},"modified":"2021-05-17T11:43:51","modified_gmt":"2021-05-17T11:43:51","slug":"inventaire-des-produits-de-terroir","status":"publish","type":"page","link":"https:\/\/pampat.tn\/en\/inventaire-des-produits-de-terroir\/","title":{"rendered":"Mapping of typical products"},"content":{"rendered":"<div data-elementor-type=\"wp-post\" data-elementor-id=\"2419\" class=\"elementor elementor-2419\" data-elementor-settings=\"[]\">\n\t\t\t\t\t\t<div class=\"elementor-inner\">\n\t\t\t\t\t\t\t<div class=\"elementor-section-wrap\">\n\t\t\t\t\t\t\t<section class=\"elementor-section elementor-top-section elementor-element elementor-element-43aa89ee elementor-section-boxed elementor-section-height-default elementor-section-height-default\" data-id=\"43aa89ee\" data-element_type=\"section\" data-settings=\"{&quot;background_background&quot;:&quot;classic&quot;}\">\n\t\t\t\t\t\t\t<div class=\"elementor-background-overlay\"><\/div>\n\t\t\t\t\t\t\t<div class=\"elementor-container elementor-column-gap-default\">\n\t\t\t\t\t\t\t<div class=\"elementor-row\">\n\t\t\t\t\t<div class=\"elementor-column elementor-col-100 elementor-top-column elementor-element elementor-element-7060f485\" data-id=\"7060f485\" data-element_type=\"column\">\n\t\t\t<div class=\"elementor-column-wrap elementor-element-populated\">\n\t\t\t\t\t\t\t<div class=\"elementor-widget-wrap\">\n\t\t\t\t\t\t<div class=\"elementor-element elementor-element-6efe6141 elementor-widget elementor-widget-ova_header_breadcrumbs\" data-id=\"6efe6141\" data-element_type=\"widget\" data-widget_type=\"ova_header_breadcrumbs.default\">\n\t\t\t\t<div class=\"elementor-widget-container\">\n\t\t\t\t\t \t<!-- Display when you choose background per Post -->\n\t\t \t<div class=\"ova_header_el_bg\">\n\t\t \t\t<div class=\"cover_color\"><\/div>\n\t\t \t<\/div>\n\n\t\t\t<div class=\"ova_header_el\">\n\t\t\t\t\n\t\t\t\t\t\t\t\t\t<h1 class=\"second_font header_title\">\n\t\t\t\t\t\tMapping of typical products\t\t\t\t\t<\/h1>\n\t\t\t\t\n\n\t\t\t\t\n\t\t\t<\/div>\n\t\t\t\t<\/div>\n\t\t\t\t<\/div>\n\t\t\t\t\t\t<\/div>\n\t\t\t\t\t<\/div>\n\t\t<\/div>\n\t\t\t\t\t\t\t\t<\/div>\n\t\t\t\t\t<\/div>\n\t\t<\/section>\n\t\t\t\t<section class=\"elementor-section elementor-top-section elementor-element elementor-element-ed6fc4c elementor-section-boxed elementor-section-height-default elementor-section-height-default\" data-id=\"ed6fc4c\" data-element_type=\"section\" data-settings=\"{&quot;background_background&quot;:&quot;classic&quot;}\">\n\t\t\t\t\t\t<div class=\"elementor-container elementor-column-gap-default\">\n\t\t\t\t\t\t\t<div class=\"elementor-row\">\n\t\t\t\t\t<div class=\"elementor-column elementor-col-33 elementor-top-column elementor-element elementor-element-e680b59\" data-id=\"e680b59\" data-element_type=\"column\">\n\t\t\t<div class=\"elementor-column-wrap elementor-element-populated\">\n\t\t\t\t\t\t\t<div class=\"elementor-widget-wrap\">\n\t\t\t\t\t\t<div class=\"elementor-element elementor-element-dc183da elementor-align-center elementor-widget elementor-widget-button\" data-id=\"dc183da\" data-element_type=\"widget\" data-widget_type=\"button.default\">\n\t\t\t\t<div class=\"elementor-widget-container\">\n\t\t\t\t\t<div class=\"elementor-button-wrapper\">\n\t\t\t<a href=\"https:\/\/pampat.tn\/wp-content\/uploads\/2019\/03\/Inventaire-des-produits-de-terroir-Regions-du-NORD.pdf\" target=\"_blank\" class=\"elementor-button-link elementor-button elementor-size-lg\" role=\"button\">\n\t\t\t\t\t\t<span class=\"elementor-button-content-wrapper\">\n\t\t\t\t\t\t<span class=\"elementor-button-text\">North of Tunisia<\/span>\n\t\t<\/span>\n\t\t\t\t\t<\/a>\n\t\t<\/div>\n\t\t\t\t<\/div>\n\t\t\t\t<\/div>\n\t\t\t\t\t\t<\/div>\n\t\t\t\t\t<\/div>\n\t\t<\/div>\n\t\t\t\t<div class=\"elementor-column elementor-col-33 elementor-top-column elementor-element elementor-element-603e8ab\" data-id=\"603e8ab\" data-element_type=\"column\">\n\t\t\t<div class=\"elementor-column-wrap elementor-element-populated\">\n\t\t\t\t\t\t\t<div class=\"elementor-widget-wrap\">\n\t\t\t\t\t\t<div class=\"elementor-element elementor-element-c343aaf elementor-align-center elementor-widget elementor-widget-button\" data-id=\"c343aaf\" data-element_type=\"widget\" data-widget_type=\"button.default\">\n\t\t\t\t<div class=\"elementor-widget-container\">\n\t\t\t\t\t<div class=\"elementor-button-wrapper\">\n\t\t\t<a href=\"https:\/\/pampat.tn\/wp-content\/uploads\/2019\/03\/Inventaire-des-produits-de-terroir-Regions-du-CENTRE.pdf\" target=\"_blank\" class=\"elementor-button-link elementor-button elementor-size-lg\" role=\"button\">\n\t\t\t\t\t\t<span class=\"elementor-button-content-wrapper\">\n\t\t\t\t\t\t<span class=\"elementor-button-text\">Centre of Tunisia<\/span>\n\t\t<\/span>\n\t\t\t\t\t<\/a>\n\t\t<\/div>\n\t\t\t\t<\/div>\n\t\t\t\t<\/div>\n\t\t\t\t\t\t<\/div>\n\t\t\t\t\t<\/div>\n\t\t<\/div>\n\t\t\t\t<div class=\"elementor-column elementor-col-33 elementor-top-column elementor-element elementor-element-5c2ba9f\" data-id=\"5c2ba9f\" data-element_type=\"column\">\n\t\t\t<div class=\"elementor-column-wrap elementor-element-populated\">\n\t\t\t\t\t\t\t<div class=\"elementor-widget-wrap\">\n\t\t\t\t\t\t<div class=\"elementor-element elementor-element-d27eca9 elementor-align-center elementor-widget elementor-widget-button\" data-id=\"d27eca9\" data-element_type=\"widget\" data-widget_type=\"button.default\">\n\t\t\t\t<div class=\"elementor-widget-container\">\n\t\t\t\t\t<div class=\"elementor-button-wrapper\">\n\t\t\t<a href=\"https:\/\/pampat.tn\/wp-content\/uploads\/2019\/03\/Inventaire-des-produits-de-terroir-Regions-du-SUD.pdf\" target=\"_blank\" class=\"elementor-button-link elementor-button elementor-size-lg\" role=\"button\">\n\t\t\t\t\t\t<span class=\"elementor-button-content-wrapper\">\n\t\t\t\t\t\t<span class=\"elementor-button-text\">South of Tunisia<\/span>\n\t\t<\/span>\n\t\t\t\t\t<\/a>\n\t\t<\/div>\n\t\t\t\t<\/div>\n\t\t\t\t<\/div>\n\t\t\t\t\t\t<\/div>\n\t\t\t\t\t<\/div>\n\t\t<\/div>\n\t\t\t\t\t\t\t\t<\/div>\n\t\t\t\t\t<\/div>\n\t\t<\/section>\n\t\t\t\t<section class=\"elementor-section elementor-top-section elementor-element elementor-element-8d87942 elementor-section-boxed elementor-section-height-default elementor-section-height-default\" data-id=\"8d87942\" data-element_type=\"section\" data-settings=\"{&quot;background_background&quot;:&quot;classic&quot;}\">\n\t\t\t\t\t\t<div class=\"elementor-container elementor-column-gap-default\">\n\t\t\t\t\t\t\t<div class=\"elementor-row\">\n\t\t\t\t\t<div class=\"elementor-column elementor-col-100 elementor-top-column elementor-element elementor-element-f0045e6\" data-id=\"f0045e6\" data-element_type=\"column\">\n\t\t\t<div class=\"elementor-column-wrap elementor-element-populated\">\n\t\t\t\t\t\t\t<div class=\"elementor-widget-wrap\">\n\t\t\t\t\t\t<div class=\"elementor-element elementor-element-7a0f6a0 elementor-widget elementor-widget-text-editor\" data-id=\"7a0f6a0\" data-element_type=\"widget\" data-widget_type=\"text-editor.default\">\n\t\t\t\t<div class=\"elementor-widget-container\">\n\t\t\t\t\t\t\t\t<div class=\"elementor-text-editor elementor-clearfix\">\n\t\t\t\t<p>Even though Tunisia has a very rich agricultural and agrifood heritage, a consolidated list of this wealth did not exist until recently. Thus, in 2016 the Agricultural Investment Promotion Agency (APIA) in collaboration with the Ministry of Agriculture, the Ministry Industry and with the support of PAMPAT 1, launched a process to identify Tunisia\u2019s most representative and unique food products. Participatory workshops in the South, the Center and the North of the country were organized to compile and validate a list of Tunisian local food products.<br><br> Over 200 representatives from the public and private sectors as well as independent researchers and experts contributed to the preparation of the first mapping of typical food products that covered the country\u2019s 24 governorates.<br><br>  Following initial field research, 415 potential products were identified, but only half of them were included in the final list after passing a meticulous screening process based on four criteria: <br><br><\/p><p>Ainsi, en 2016 un processus d\u2019identification des produits les plus repr\u00e9sentatifs et uniques de la Tunisie a \u00e9t\u00e9 mis en place par l\u2019Agence de Promotion des Investissements Agricoles (APIA) en collaboration avec le Minist\u00e8re de l\u2019Agriculture et le Minist\u00e8re de l\u2019Industrie et avec l\u2019appui du PAMPAT 1.<\/p><p>Des ateliers participatifs dans le Sud, le Centre et le Nord de la Tunisie ont \u00e9t\u00e9 organis\u00e9s pour compiler et valider une liste du potentiel tunisien en mati\u00e8re du terroir.<\/p><p>Plus de 200 repr\u00e9sentants du secteur public et priv\u00e9 ainsi que des chercheurs et experts ind\u00e9pendants ont contribu\u00e9 \u00e0 la pr\u00e9paration de l\u2019inventaire des produits typiques de tous les 24 gouvernorats du pays. Suite aux recherches initiales sur terrain, 415 produits potentiels ont \u00e9t\u00e9 identifi\u00e9s, dont la moiti\u00e9 a \u00e9t\u00e9 retenue dans la liste finale apr\u00e8s un tri rigoureux bas\u00e9 sur quatre crit\u00e8res\u00a0:<\/p><ul><li>Typicity<\/li><li>Territorial embedding<\/li><li>Historical embedding<\/li><li>Link to local know-how and local culture<\/li><\/ul><p><br \/>220 typical local food products were included in the final mapping document. The list has now become a reference document for the Ministry of Agriculture.<\/p>\t\t\t\t\t<\/div>\n\t\t\t\t\t\t<\/div>\n\t\t\t\t<\/div>\n\t\t\t\t\t\t<\/div>\n\t\t\t\t\t<\/div>\n\t\t<\/div>\n\t\t\t\t\t\t\t\t<\/div>\n\t\t\t\t\t<\/div>\n\t\t<\/section>\n\t\t\t\t\t\t<\/div>\n\t\t\t\t\t\t<\/div>\n\t\t\t\t\t<\/div>","protected":false},"excerpt":{"rendered":"<p>Inventaire des produits de terroir R\u00e9gion du Nord R\u00e9gion du Centre R\u00e9gion du Sud M\u00eame si la Tunisie poss\u00e8de un patrimoine agricole et agroalimentaire tr\u00e8s vaste, une liste consolid\u00e9e de cette richesse n\u2019avait pas \u00e9t\u00e9 \u00e9labor\u00e9e jusqu\u2019\u00e0 r\u00e9cemment. Ainsi, en 2016 un processus d\u2019identification des produits les plus repr\u00e9sentatifs et uniques de la Tunisie a [&hellip;]<\/p>","protected":false},"author":1,"featured_media":0,"parent":0,"menu_order":0,"comment_status":"closed","ping_status":"closed","template":"elementor_header_footer","meta":{"footnotes":""},"class_list":["post-2419","page","type-page","status-publish","hentry"],"_links":{"self":[{"href":"https:\/\/pampat.tn\/en\/wp-json\/wp\/v2\/pages\/2419","targetHints":{"allow":["GET"]}}],"collection":[{"href":"https:\/\/pampat.tn\/en\/wp-json\/wp\/v2\/pages"}],"about":[{"href":"https:\/\/pampat.tn\/en\/wp-json\/wp\/v2\/types\/page"}],"author":[{"embeddable":true,"href":"https:\/\/pampat.tn\/en\/wp-json\/wp\/v2\/users\/1"}],"replies":[{"embeddable":true,"href":"https:\/\/pampat.tn\/en\/wp-json\/wp\/v2\/comments?post=2419"}],"version-history":[{"count":28,"href":"https:\/\/pampat.tn\/en\/wp-json\/wp\/v2\/pages\/2419\/revisions"}],"predecessor-version":[{"id":3144,"href":"https:\/\/pampat.tn\/en\/wp-json\/wp\/v2\/pages\/2419\/revisions\/3144"}],"wp:attachment":[{"href":"https:\/\/pampat.tn\/en\/wp-json\/wp\/v2\/media?parent=2419"}],"curies":[{"name":"wp","href":"https:\/\/api.w.org\/{rel}","templated":true}]}}