{"id":37,"date":"2019-03-16T04:06:05","date_gmt":"2019-03-16T04:06:05","guid":{"rendered":"http:\/\/demo.ovathemes.com\/pogon\/?page_id=37"},"modified":"2021-06-01T15:13:04","modified_gmt":"2021-06-01T15:13:04","slug":"figues-de-djebba-aoc","status":"publish","type":"page","link":"https:\/\/pampat.tn\/en\/figues-de-djebba-aoc\/","title":{"rendered":"DJEBBA FIG GI"},"content":{"rendered":"<div data-elementor-type=\"wp-post\" data-elementor-id=\"37\" class=\"elementor elementor-37\" data-elementor-settings=\"[]\">\n\t\t\t\t\t\t<div class=\"elementor-inner\">\n\t\t\t\t\t\t\t<div class=\"elementor-section-wrap\">\n\t\t\t\t\t\t\t<section class=\"elementor-section elementor-top-section elementor-element elementor-element-aa6ca57 elementor-section-boxed elementor-section-height-default elementor-section-height-default\" data-id=\"aa6ca57\" data-element_type=\"section\" data-settings=\"{&quot;background_background&quot;:&quot;classic&quot;}\">\n\t\t\t\t\t\t\t<div class=\"elementor-background-overlay\"><\/div>\n\t\t\t\t\t\t\t<div class=\"elementor-container elementor-column-gap-default\">\n\t\t\t\t\t\t\t<div class=\"elementor-row\">\n\t\t\t\t\t<div class=\"elementor-column elementor-col-100 elementor-top-column elementor-element elementor-element-7ec1889\" data-id=\"7ec1889\" data-element_type=\"column\">\n\t\t\t<div class=\"elementor-column-wrap elementor-element-populated\">\n\t\t\t\t\t\t\t<div class=\"elementor-widget-wrap\">\n\t\t\t\t\t\t<div class=\"elementor-element elementor-element-1706a58 elementor-widget elementor-widget-ova_header_breadcrumbs\" data-id=\"1706a58\" data-element_type=\"widget\" data-widget_type=\"ova_header_breadcrumbs.default\">\n\t\t\t\t<div class=\"elementor-widget-container\">\n\t\t\t\t\t \t<!-- Display when you choose background per Post -->\n\t\t \t<div class=\"ova_header_el_bg\">\n\t\t \t\t<div class=\"cover_color\"><\/div>\n\t\t \t<\/div>\n\n\t\t\t<div class=\"ova_header_el\">\n\t\t\t\t\n\t\t\t\t\t\t\t\t\t<h1 class=\"second_font header_title\">\n\t\t\t\t\t\tDJEBBA FIG GI\t\t\t\t\t<\/h1>\n\t\t\t\t\n\n\t\t\t\t\n\t\t\t<\/div>\n\t\t\t\t<\/div>\n\t\t\t\t<\/div>\n\t\t\t\t\t\t<\/div>\n\t\t\t\t\t<\/div>\n\t\t<\/div>\n\t\t\t\t\t\t\t\t<\/div>\n\t\t\t\t\t<\/div>\n\t\t<\/section>\n\t\t\t\t<section class=\"elementor-section elementor-top-section elementor-element elementor-element-e343c2b elementor-section-content-space-between elementor-section-boxed elementor-section-height-default elementor-section-height-default\" data-id=\"e343c2b\" data-element_type=\"section\" data-settings=\"{&quot;background_background&quot;:&quot;classic&quot;}\">\n\t\t\t\t\t\t<div class=\"elementor-container elementor-column-gap-no\">\n\t\t\t\t\t\t\t<div class=\"elementor-row\">\n\t\t\t\t\t<div class=\"elementor-column elementor-col-100 elementor-top-column elementor-element elementor-element-4e1ba92\" data-id=\"4e1ba92\" data-element_type=\"column\">\n\t\t\t<div class=\"elementor-column-wrap elementor-element-populated\">\n\t\t\t\t\t\t\t<div class=\"elementor-widget-wrap\">\n\t\t\t\t\t\t<div class=\"elementor-element elementor-element-5ae039e elementor-widget elementor-widget-image\" data-id=\"5ae039e\" data-element_type=\"widget\" data-widget_type=\"image.default\">\n\t\t\t\t<div class=\"elementor-widget-container\">\n\t\t\t\t\t\t\t\t<div class=\"elementor-image\">\n\t\t\t\t\t\t\t\t\t\t\t\t<img loading=\"lazy\" decoding=\"async\" width=\"150\" height=\"150\" src=\"https:\/\/pampat.tn\/wp-content\/uploads\/2019\/03\/AOC-Figue-de-Djebba-01-150x150.png\" class=\"attachment-thumbnail size-thumbnail\" alt=\"\" srcset=\"https:\/\/pampat.tn\/wp-content\/uploads\/2019\/03\/AOC-Figue-de-Djebba-01-150x150.png 150w, https:\/\/pampat.tn\/wp-content\/uploads\/2019\/03\/AOC-Figue-de-Djebba-01-300x300.png 300w, https:\/\/pampat.tn\/wp-content\/uploads\/2019\/03\/AOC-Figue-de-Djebba-01-1024x1024.png 1024w, https:\/\/pampat.tn\/wp-content\/uploads\/2019\/03\/AOC-Figue-de-Djebba-01-768x768.png 768w, https:\/\/pampat.tn\/wp-content\/uploads\/2019\/03\/AOC-Figue-de-Djebba-01.png 1181w\" sizes=\"auto, (max-width: 150px) 100vw, 150px\" \/>\t\t\t\t\t\t\t\t\t\t\t\t\t\t<\/div>\n\t\t\t\t\t\t<\/div>\n\t\t\t\t<\/div>\n\t\t\t\t\t\t<\/div>\n\t\t\t\t\t<\/div>\n\t\t<\/div>\n\t\t\t\t\t\t\t\t<\/div>\n\t\t\t\t\t<\/div>\n\t\t<\/section>\n\t\t\t\t<section class=\"elementor-section elementor-top-section elementor-element elementor-element-2547e62 elementor-section-boxed elementor-section-height-default elementor-section-height-default\" data-id=\"2547e62\" data-element_type=\"section\" data-settings=\"{&quot;background_background&quot;:&quot;classic&quot;}\">\n\t\t\t\t\t\t<div class=\"elementor-container elementor-column-gap-default\">\n\t\t\t\t\t\t\t<div class=\"elementor-row\">\n\t\t\t\t\t<div class=\"elementor-column elementor-col-66 elementor-top-column elementor-element elementor-element-7434b8a\" data-id=\"7434b8a\" data-element_type=\"column\">\n\t\t\t<div class=\"elementor-column-wrap elementor-element-populated\">\n\t\t\t\t\t\t\t<div class=\"elementor-widget-wrap\">\n\t\t\t\t\t\t<div class=\"elementor-element elementor-element-90c095b elementor-drop-cap-yes elementor-drop-cap-view-default elementor-widget elementor-widget-text-editor\" data-id=\"90c095b\" data-element_type=\"widget\" data-settings=\"{&quot;drop_cap&quot;:&quot;yes&quot;}\" data-widget_type=\"text-editor.default\">\n\t\t\t\t<div class=\"elementor-widget-container\">\n\t\t\t\t\t\t\t\t<div class=\"elementor-text-editor elementor-clearfix\">\n\t\t\t\t<p>In 2012, the Djebba fig became the first fruit in Tunisia to be protected by a geographical indication (GI).<\/p><p>The Bouhouli fig variety is indeed unique in the world and only grows in Djebba, a mountain village in the governorate of Beja from where it draws all its authenticity and typicality.\u00a0<\/p><p>When the PAMPAT 1 project started, the GI was not yet implemented and no farmer was labeling the figs. UNIDO has collaborated with the Ministry of Agriculture and the Inter-professional Fruits Group (GIFRUITS) to train farmers on respecting the product specifications and to encourage labeling.\u00a0<\/p>\t\t\t\t\t<\/div>\n\t\t\t\t\t\t<\/div>\n\t\t\t\t<\/div>\n\t\t\t\t\t\t<\/div>\n\t\t\t\t\t<\/div>\n\t\t<\/div>\n\t\t\t\t<div class=\"elementor-column elementor-col-33 elementor-top-column elementor-element elementor-element-3b4e54d\" data-id=\"3b4e54d\" data-element_type=\"column\">\n\t\t\t<div class=\"elementor-column-wrap elementor-element-populated\">\n\t\t\t\t\t\t\t<div class=\"elementor-widget-wrap\">\n\t\t\t\t\t\t<div class=\"elementor-element elementor-element-fc1f58a elementor-widget elementor-widget-image\" data-id=\"fc1f58a\" data-element_type=\"widget\" data-widget_type=\"image.default\">\n\t\t\t\t<div class=\"elementor-widget-container\">\n\t\t\t\t\t\t\t\t<div class=\"elementor-image\">\n\t\t\t\t\t\t\t\t\t\t\t\t<img loading=\"lazy\" decoding=\"async\" width=\"960\" height=\"720\" src=\"https:\/\/pampat.tn\/wp-content\/uploads\/2019\/03\/66527131_2368704566728957_2411225185781809152_n.jpg\" class=\"attachment-large size-large\" alt=\"\" srcset=\"https:\/\/pampat.tn\/wp-content\/uploads\/2019\/03\/66527131_2368704566728957_2411225185781809152_n.jpg 960w, https:\/\/pampat.tn\/wp-content\/uploads\/2019\/03\/66527131_2368704566728957_2411225185781809152_n-300x225.jpg 300w, https:\/\/pampat.tn\/wp-content\/uploads\/2019\/03\/66527131_2368704566728957_2411225185781809152_n-768x576.jpg 768w\" sizes=\"auto, (max-width: 960px) 100vw, 960px\" \/>\t\t\t\t\t\t\t\t\t\t\t\t\t\t<\/div>\n\t\t\t\t\t\t<\/div>\n\t\t\t\t<\/div>\n\t\t\t\t\t\t<\/div>\n\t\t\t\t\t<\/div>\n\t\t<\/div>\n\t\t\t\t\t\t\t\t<\/div>\n\t\t\t\t\t<\/div>\n\t\t<\/section>\n\t\t\t\t<section class=\"elementor-section elementor-top-section elementor-element elementor-element-31b86da elementor-section-boxed elementor-section-height-default elementor-section-height-default\" data-id=\"31b86da\" data-element_type=\"section\" data-settings=\"{&quot;background_background&quot;:&quot;classic&quot;}\">\n\t\t\t\t\t\t<div class=\"elementor-container elementor-column-gap-default\">\n\t\t\t\t\t\t\t<div class=\"elementor-row\">\n\t\t\t\t\t<div class=\"elementor-column elementor-col-33 elementor-top-column elementor-element elementor-element-a98c356\" data-id=\"a98c356\" data-element_type=\"column\">\n\t\t\t<div class=\"elementor-column-wrap elementor-element-populated\">\n\t\t\t\t\t\t\t<div class=\"elementor-widget-wrap\">\n\t\t\t\t\t\t<div class=\"elementor-element elementor-element-fead50a elementor-widget elementor-widget-image\" data-id=\"fead50a\" data-element_type=\"widget\" data-widget_type=\"image.default\">\n\t\t\t\t<div class=\"elementor-widget-container\">\n\t\t\t\t\t\t\t\t<div class=\"elementor-image\">\n\t\t\t\t\t\t\t\t\t\t\t\t<img loading=\"lazy\" decoding=\"async\" width=\"540\" height=\"960\" src=\"https:\/\/pampat.tn\/wp-content\/uploads\/2019\/03\/De\u0301gustation-au-MG-Tunis.jpg\" class=\"attachment-medium_large size-medium_large\" alt=\"\" srcset=\"https:\/\/pampat.tn\/wp-content\/uploads\/2019\/03\/De\u0301gustation-au-MG-Tunis.jpg 540w, https:\/\/pampat.tn\/wp-content\/uploads\/2019\/03\/De\u0301gustation-au-MG-Tunis-169x300.jpg 169w\" sizes=\"auto, (max-width: 540px) 100vw, 540px\" \/>\t\t\t\t\t\t\t\t\t\t\t\t\t\t<\/div>\n\t\t\t\t\t\t<\/div>\n\t\t\t\t<\/div>\n\t\t\t\t\t\t<\/div>\n\t\t\t\t\t<\/div>\n\t\t<\/div>\n\t\t\t\t<div class=\"elementor-column elementor-col-66 elementor-top-column elementor-element elementor-element-2f035f6\" data-id=\"2f035f6\" data-element_type=\"column\">\n\t\t\t<div class=\"elementor-column-wrap elementor-element-populated\">\n\t\t\t\t\t\t\t<div class=\"elementor-widget-wrap\">\n\t\t\t\t\t\t<div class=\"elementor-element elementor-element-f2b2c10 elementor-drop-cap-yes elementor-drop-cap-view-default elementor-widget elementor-widget-text-editor\" data-id=\"f2b2c10\" data-element_type=\"widget\" data-settings=\"{&quot;drop_cap&quot;:&quot;yes&quot;}\" data-widget_type=\"text-editor.default\">\n\t\t\t\t<div class=\"elementor-widget-container\">\n\t\t\t\t\t\t\t\t<div class=\"elementor-text-editor elementor-clearfix\">\n\t\t\t\t<p>The Djebba fig has thus become the first product with a geographical indication in Tunisia to be certified through an external audit process carried out by INNORPI.<\/p><p>In 2018 a local association in Djebba has been designated for the first time in Tunisia by law to be responsible for the promotion and management of the GI.\u00a0<\/p><p>Today 25% of eligible local fig production is certified with the GI. In order to promote the marketing of the GI Djebba fig, the PAMPAT project has provided support to the producers of the region regarding technical, logistical and marketing issues.<\/p><p>Moreover, under the leadership of GIFRUITS, a public-private promotional program has been set up to make the certified fruit known to Tunisian and foreign consumers through tasting days in supermarkets or gastronomic, cultural and touristic events around the GI Djebba fig.<\/p><p>During the production season, the GI figs are sold to supermarket chains and are exported to the Gulf countries and Canada. The commercial success of the Djebba figs has doubled sales prices for farmers.<\/p><p>In order to generate income outside the agricultural season, PAMPAT has supported several rural women groups in Djebba to start the production of processed fig products, including dried figs, jams, pastries and juices.\u00a0<\/p><p>The GI fig as a local flagship product, has made the village famous, has improved the reputation of Djebba and is attracting more and more visitors.<\/p>\t\t\t\t\t<\/div>\n\t\t\t\t\t\t<\/div>\n\t\t\t\t<\/div>\n\t\t\t\t\t\t<\/div>\n\t\t\t\t\t<\/div>\n\t\t<\/div>\n\t\t\t\t\t\t\t\t<\/div>\n\t\t\t\t\t<\/div>\n\t\t<\/section>\n\t\t\t\t<section class=\"elementor-section elementor-top-section elementor-element elementor-element-6490a7e elementor-section-boxed elementor-section-height-default elementor-section-height-default\" data-id=\"6490a7e\" data-element_type=\"section\" data-settings=\"{&quot;background_background&quot;:&quot;classic&quot;}\">\n\t\t\t\t\t\t<div class=\"elementor-container elementor-column-gap-default\">\n\t\t\t\t\t\t\t<div class=\"elementor-row\">\n\t\t\t\t\t<div class=\"elementor-column elementor-col-66 elementor-top-column elementor-element elementor-element-3c05e21\" data-id=\"3c05e21\" data-element_type=\"column\">\n\t\t\t<div class=\"elementor-column-wrap elementor-element-populated\">\n\t\t\t\t\t\t\t<div class=\"elementor-widget-wrap\">\n\t\t\t\t\t\t<div class=\"elementor-element elementor-element-c6c2c0b elementor-drop-cap-yes elementor-drop-cap-view-default elementor-widget elementor-widget-text-editor\" data-id=\"c6c2c0b\" data-element_type=\"widget\" data-settings=\"{&quot;drop_cap&quot;:&quot;yes&quot;}\" data-widget_type=\"text-editor.default\">\n\t\t\t\t<div class=\"elementor-widget-container\">\n\t\t\t\t\t\t\t\t<div class=\"elementor-text-editor elementor-clearfix\">\n\t\t\t\t<p>Djebba has indeed an enchanting landscape and is located at an altitude of 700 meters at the foot of the Goraa mountain.<\/p><p>At the end of 2018, the Tunisian National Tourist Office (ONTT), with the support of PAMPAT started several activities to promote Djebba as a tourism destination.<br \/>The number of visitors has increased by 150 % between 2015 and 2019. Today the inhabitants of Djebba are embracing new ways to further strengthen the link between the flagship product and the region in order to attract even more tourists.<\/p><p>\u00a0<\/p><p>More\u00a0<a href=\"https:\/\/pampat.tn\/en\/documents-telechargeables-figue-de-djebba\/\">documents<\/a>\u00a0and\u00a0<a href=\"https:\/\/pampat.tn\/en\/videos-figue-de-djebba\/\">videos<\/a>\u00a0related to this field are available here.<\/p><p><a href=\"\/en\/www.youtube.com\/watch\/?v=PESm6MvcCxg\"><img loading=\"lazy\" decoding=\"async\" class=\"alignnone wp-image-2638\" src=\"https:\/\/pampat.tn\/wp-content\/uploads\/2019\/03\/1384060-300x300.png\" alt=\"\" width=\"46\" height=\"46\" srcset=\"https:\/\/pampat.tn\/wp-content\/uploads\/2019\/03\/1384060-300x300.png 300w, https:\/\/pampat.tn\/wp-content\/uploads\/2019\/03\/1384060-150x150.png 150w, https:\/\/pampat.tn\/wp-content\/uploads\/2019\/03\/1384060-12x12.png 12w, https:\/\/pampat.tn\/wp-content\/uploads\/2019\/03\/1384060.png 512w\" sizes=\"auto, (max-width: 46px) 100vw, 46px\" \/><\/a>\u00a0 <em>Video about the Djebba Fig GI<\/em><\/p><p><a href=\"\/en\/www.aoc-figuedjebba.com\/\" target=\"_blank\" rel=\"noopener\"><img loading=\"lazy\" decoding=\"async\" src=\"https:\/\/image.flaticon.com\/icons\/png\/512\/93\/93618.png\" alt=\"\" width=\"40\" height=\"40\" \/> \u00a0<\/a><em>Website of the Djebba Fig GI<\/em><\/p>\t\t\t\t\t<\/div>\n\t\t\t\t\t\t<\/div>\n\t\t\t\t<\/div>\n\t\t\t\t\t\t<\/div>\n\t\t\t\t\t<\/div>\n\t\t<\/div>\n\t\t\t\t<div class=\"elementor-column elementor-col-33 elementor-top-column elementor-element elementor-element-d2abeb1\" data-id=\"d2abeb1\" data-element_type=\"column\">\n\t\t\t<div class=\"elementor-column-wrap elementor-element-populated\">\n\t\t\t\t\t\t\t<div class=\"elementor-widget-wrap\">\n\t\t\t\t\t\t<div class=\"elementor-element elementor-element-a8ab88a elementor-widget elementor-widget-image\" data-id=\"a8ab88a\" data-element_type=\"widget\" data-widget_type=\"image.default\">\n\t\t\t\t<div class=\"elementor-widget-container\">\n\t\t\t\t\t\t\t\t<div class=\"elementor-image\">\n\t\t\t\t\t\t\t\t\t\t\t\t<img loading=\"lazy\" decoding=\"async\" width=\"1024\" height=\"576\" src=\"https:\/\/pampat.tn\/wp-content\/uploads\/2019\/03\/Camion-frigo-Figues-AOC-1024x576.jpg\" class=\"attachment-large size-large\" alt=\"\" srcset=\"https:\/\/pampat.tn\/wp-content\/uploads\/2019\/03\/Camion-frigo-Figues-AOC-1024x576.jpg 1024w, https:\/\/pampat.tn\/wp-content\/uploads\/2019\/03\/Camion-frigo-Figues-AOC-300x169.jpg 300w, https:\/\/pampat.tn\/wp-content\/uploads\/2019\/03\/Camion-frigo-Figues-AOC-768x432.jpg 768w, https:\/\/pampat.tn\/wp-content\/uploads\/2019\/03\/Camion-frigo-Figues-AOC-1536x864.jpg 1536w, https:\/\/pampat.tn\/wp-content\/uploads\/2019\/03\/Camion-frigo-Figues-AOC.jpg 2048w\" sizes=\"auto, (max-width: 1024px) 100vw, 1024px\" \/>\t\t\t\t\t\t\t\t\t\t\t\t\t\t<\/div>\n\t\t\t\t\t\t<\/div>\n\t\t\t\t<\/div>\n\t\t\t\t\t\t<\/div>\n\t\t\t\t\t<\/div>\n\t\t<\/div>\n\t\t\t\t\t\t\t\t<\/div>\n\t\t\t\t\t<\/div>\n\t\t<\/section>\n\t\t\t\t<section class=\"elementor-section elementor-top-section elementor-element elementor-element-2048e9e elementor-section-boxed elementor-section-height-default elementor-section-height-default\" data-id=\"2048e9e\" data-element_type=\"section\" data-settings=\"{&quot;background_background&quot;:&quot;classic&quot;}\">\n\t\t\t\t\t\t<div class=\"elementor-container elementor-column-gap-default\">\n\t\t\t\t\t\t\t<div class=\"elementor-row\">\n\t\t\t\t\t<div class=\"elementor-column elementor-col-100 elementor-top-column elementor-element elementor-element-249b28f\" data-id=\"249b28f\" data-element_type=\"column\">\n\t\t\t<div class=\"elementor-column-wrap elementor-element-populated\">\n\t\t\t\t\t\t\t<div class=\"elementor-widget-wrap\">\n\t\t\t\t\t\t<div class=\"elementor-element elementor-element-00cf880 elementor-widget elementor-widget-image\" data-id=\"00cf880\" data-element_type=\"widget\" data-widget_type=\"image.default\">\n\t\t\t\t<div class=\"elementor-widget-container\">\n\t\t\t\t\t\t\t\t<div class=\"elementor-image\">\n\t\t\t\t\t\t\t\t\t\t\t\t<img loading=\"lazy\" decoding=\"async\" width=\"700\" height=\"282\" src=\"https:\/\/pampat.tn\/wp-content\/uploads\/2019\/03\/icone1veng.png\" class=\"attachment-large size-large\" alt=\"\" srcset=\"https:\/\/pampat.tn\/wp-content\/uploads\/2019\/03\/icone1veng.png 700w, https:\/\/pampat.tn\/wp-content\/uploads\/2019\/03\/icone1veng-300x121.png 300w, https:\/\/pampat.tn\/wp-content\/uploads\/2019\/03\/icone1veng-16x6.png 16w\" sizes=\"auto, (max-width: 700px) 100vw, 700px\" \/>\t\t\t\t\t\t\t\t\t\t\t\t\t\t<\/div>\n\t\t\t\t\t\t<\/div>\n\t\t\t\t<\/div>\n\t\t\t\t\t\t<\/div>\n\t\t\t\t\t<\/div>\n\t\t<\/div>\n\t\t\t\t\t\t\t\t<\/div>\n\t\t\t\t\t<\/div>\n\t\t<\/section>\n\t\t\t\t\t\t<\/div>\n\t\t\t\t\t\t<\/div>\n\t\t\t\t\t<\/div>","protected":false},"excerpt":{"rendered":"<p>Figues de Djebba AOC La figue de Djebba est devenue en 2012 le premier fruit en Tunisie \u00e0 \u00eatre prot\u00e9g\u00e9 par une Appellation d\u2019 Origine Contr\u00f4l\u00e9e (AOC). La vari\u00e9t\u00e9 de figues Bouhouli est en effet unique au monde et ne pousse qu\u2019\u00e0 Djebba, un village de montagne dans le gouvernorat de B\u00e9ja d\u2019o\u00f9 elle tire [&hellip;]<\/p>","protected":false},"author":1,"featured_media":0,"parent":0,"menu_order":0,"comment_status":"closed","ping_status":"closed","template":"elementor_header_footer","meta":{"footnotes":""},"class_list":["post-37","page","type-page","status-publish","hentry"],"_links":{"self":[{"href":"https:\/\/pampat.tn\/en\/wp-json\/wp\/v2\/pages\/37","targetHints":{"allow":["GET"]}}],"collection":[{"href":"https:\/\/pampat.tn\/en\/wp-json\/wp\/v2\/pages"}],"about":[{"href":"https:\/\/pampat.tn\/en\/wp-json\/wp\/v2\/types\/page"}],"author":[{"embeddable":true,"href":"https:\/\/pampat.tn\/en\/wp-json\/wp\/v2\/users\/1"}],"replies":[{"embeddable":true,"href":"https:\/\/pampat.tn\/en\/wp-json\/wp\/v2\/comments?post=37"}],"version-history":[{"count":48,"href":"https:\/\/pampat.tn\/en\/wp-json\/wp\/v2\/pages\/37\/revisions"}],"predecessor-version":[{"id":4996,"href":"https:\/\/pampat.tn\/en\/wp-json\/wp\/v2\/pages\/37\/revisions\/4996"}],"wp:attachment":[{"href":"https:\/\/pampat.tn\/en\/wp-json\/wp\/v2\/media?parent=37"}],"curies":[{"name":"wp","href":"https:\/\/api.w.org\/{rel}","templated":true}]}}