{"id":4811,"date":"2024-08-07T11:26:00","date_gmt":"2024-08-07T10:26:00","guid":{"rendered":"https:\/\/pampat.tn\/?page_id=4811"},"modified":"2025-07-24T14:34:33","modified_gmt":"2025-07-24T13:34:33","slug":"developpement-de-la-strategie-nationale-2","status":"publish","type":"page","link":"https:\/\/pampat.tn\/en\/developpement-de-la-strategie-nationale-2\/","title":{"rendered":"D\u00e9veloppement de la Strat\u00e9gie Nationale"},"content":{"rendered":"<div data-elementor-type=\"wp-post\" data-elementor-id=\"4811\" class=\"elementor elementor-4811\" data-elementor-settings=\"[]\">\n\t\t\t\t\t\t<div class=\"elementor-inner\">\n\t\t\t\t\t\t\t<div class=\"elementor-section-wrap\">\n\t\t\t\t\t\t\t<section class=\"elementor-section elementor-top-section elementor-element elementor-element-5437a86 elementor-section-boxed elementor-section-height-default elementor-section-height-default\" data-id=\"5437a86\" data-element_type=\"section\" data-settings=\"{&quot;background_background&quot;:&quot;classic&quot;}\">\n\t\t\t\t\t\t<div class=\"elementor-container elementor-column-gap-default\">\n\t\t\t\t\t\t\t<div class=\"elementor-row\">\n\t\t\t\t\t<div class=\"elementor-column elementor-col-100 elementor-top-column elementor-element elementor-element-970a104\" data-id=\"970a104\" data-element_type=\"column\">\n\t\t\t<div class=\"elementor-column-wrap elementor-element-populated\">\n\t\t\t\t\t\t\t<div class=\"elementor-widget-wrap\">\n\t\t\t\t\t\t<div class=\"elementor-element elementor-element-6cfb26f elementor-widget elementor-widget-spacer\" data-id=\"6cfb26f\" data-element_type=\"widget\" data-widget_type=\"spacer.default\">\n\t\t\t\t<div class=\"elementor-widget-container\">\n\t\t\t\t\t<div class=\"elementor-spacer\">\n\t\t\t<div class=\"elementor-spacer-inner\"><\/div>\n\t\t<\/div>\n\t\t\t\t<\/div>\n\t\t\t\t<\/div>\n\t\t\t\t<div class=\"elementor-element elementor-element-543e600 elementor--h-position-center elementor--v-position-middle elementor-arrows-position-inside elementor-pagination-position-inside elementor-widget elementor-widget-slides\" data-id=\"543e600\" data-element_type=\"widget\" data-settings=\"{&quot;autoplay_speed&quot;:2000,&quot;transition_speed&quot;:300,&quot;navigation&quot;:&quot;both&quot;,&quot;autoplay&quot;:&quot;yes&quot;,&quot;pause_on_hover&quot;:&quot;yes&quot;,&quot;pause_on_interaction&quot;:&quot;yes&quot;,&quot;infinite&quot;:&quot;yes&quot;,&quot;transition&quot;:&quot;slide&quot;}\" data-widget_type=\"slides.default\">\n\t\t\t\t<div class=\"elementor-widget-container\">\n\t\t\t\t\t<div class=\"elementor-swiper\">\n\t\t\t<div class=\"elementor-slides-wrapper elementor-main-swiper swiper-container\" dir=\"ltr\" data-animation=\"fadeInUp\">\n\t\t\t\t<div class=\"swiper-wrapper elementor-slides\">\n\t\t\t\t\t\t\t\t\t\t<div class=\"elementor-repeater-item-1abe663 swiper-slide\"><div class=\"swiper-slide-bg\"><\/div><div class=\"swiper-slide-inner\" ><div class=\"swiper-slide-contents\"><\/div><\/div><\/div><div class=\"elementor-repeater-item-4fd6374 swiper-slide\"><div class=\"swiper-slide-bg\"><\/div><div class=\"swiper-slide-inner\" ><div class=\"swiper-slide-contents\"><\/div><\/div><\/div>\t\t\t\t<\/div>\n\t\t\t\t\t\t\t\t\t\t\t\t\t\t\t<div class=\"swiper-pagination\"><\/div>\n\t\t\t\t\t\t\t\t\t\t\t\t\t\t\t\t<div class=\"elementor-swiper-button elementor-swiper-button-prev\">\n\t\t\t\t\t\t\t<i aria-hidden=\"true\" class=\"eicon-chevron-left\"><\/i>\t\t\t\t\t\t\t<span class=\"elementor-screen-only\">Previous<\/span>\n\t\t\t\t\t\t<\/div>\n\t\t\t\t\t\t<div class=\"elementor-swiper-button elementor-swiper-button-next\">\n\t\t\t\t\t\t\t<i aria-hidden=\"true\" class=\"eicon-chevron-right\"><\/i>\t\t\t\t\t\t\t<span class=\"elementor-screen-only\">Next<\/span>\n\t\t\t\t\t\t<\/div>\n\t\t\t\t\t\t\t\t\t\t\t\t<\/div>\n\t\t<\/div>\n\t\t\t\t<\/div>\n\t\t\t\t<\/div>\n\t\t\t\t<div class=\"elementor-element elementor-element-ad49224 elementor-widget elementor-widget-heading\" data-id=\"ad49224\" data-element_type=\"widget\" data-widget_type=\"heading.default\">\n\t\t\t\t<div class=\"elementor-widget-container\">\n\t\t\t<h2 class=\"elementor-heading-title elementor-size-default\">Pr\u00e9sentation de la Strat\u00e9gie Nationale<\/h2>\t\t<\/div>\n\t\t\t\t<\/div>\n\t\t\t\t\t\t<\/div>\n\t\t\t\t\t<\/div>\n\t\t<\/div>\n\t\t\t\t\t\t\t\t<\/div>\n\t\t\t\t\t<\/div>\n\t\t<\/section>\n\t\t\t\t<section class=\"elementor-section elementor-top-section elementor-element elementor-element-4630152 elementor-section-boxed elementor-section-height-default elementor-section-height-default\" data-id=\"4630152\" data-element_type=\"section\" data-settings=\"{&quot;background_background&quot;:&quot;classic&quot;}\">\n\t\t\t\t\t\t<div class=\"elementor-container elementor-column-gap-default\">\n\t\t\t\t\t\t\t<div class=\"elementor-row\">\n\t\t\t\t\t<div class=\"elementor-column elementor-col-100 elementor-top-column elementor-element elementor-element-5386129\" data-id=\"5386129\" data-element_type=\"column\">\n\t\t\t<div class=\"elementor-column-wrap elementor-element-populated\">\n\t\t\t\t\t\t\t<div class=\"elementor-widget-wrap\">\n\t\t\t\t\t\t<div class=\"elementor-element elementor-element-bf93a55 elementor-widget elementor-widget-text-editor\" data-id=\"bf93a55\" data-element_type=\"widget\" data-widget_type=\"text-editor.default\">\n\t\t\t\t<div class=\"elementor-widget-container\">\n\t\t\t\t\t\t\t\t<div class=\"elementor-text-editor elementor-clearfix\">\n\t\t\t\t<p>En Tunisie, la promotion des produits locaux fait l&rsquo;objet d&rsquo;une attention croissante, le secteur public et priv\u00e9 reconnaissant l&rsquo;importance socio-\u00e9conomique des produits alimentaires traditionnels.<\/p><p>Afin d\u2019impulser davantage le d\u00e9veloppement du sous-secteur des produits du terroir, le Minist\u00e8re de l\u2019Agriculture (DGPA, APIA) avec l\u2019appui du <a href=\"https:\/\/pampat.tn\/en\/\"><u>projet PAMPAT 2<\/u><\/a> a pilot\u00e9 depuis fin 2020 des travaux multi-institutionnels et participatifs au niveau national pour aboutir \u00e0 l\u2019\u00e9laboration de la premi\u00e8re Strat\u00e9gie Tunisienne de Valorisation et de Promotion des Produits de Terroir. La Strat\u00e9gie a \u00e9t\u00e9 lanc\u00e9e officiellement en mai 2022 par le Ministre de l\u00b4Agriculture tunisien.<\/p><p>Le d\u00e9veloppement et la mise en \u0153uvre de la Strat\u00e9gie sous le logo promotionnel \u00ab\u00a0<em>Terroirs de nos R\u00e9gions &#8211; Tunisie<\/em>\u00a0\u00bb, sont assur\u00e9s par un Comit\u00e9 de Pilotage national multi-institutionnel cr\u00e9e par la d\u00e9cision N\u00b03781 (2020) du Ministre de l\u2019Agriculture. Le Comit\u00e9 est int\u00e9gr\u00e9 par 7 Minist\u00e8res\u00a0:<\/p><ul><li>Le Minist\u00e8re de l\u00b4Agriculture et le Minist\u00e8re de l\u00b4Industrie sont charg\u00e9s de la promotion agroalimentaire des produits de terroir ;<\/li><li>Le Minist\u00e8re du Tourisme et de l\u00b4Artisanat, le Minist\u00e8re des Affaires Culturelles et le Minist\u00e8re de l\u00b4Environnement\u00a0sont charg\u00e9s de la promotion touristique et gastronomique ainsi que de la valorisation du patrimoine culturel et de la mise en valeur de l\u2019impact \u00e9cologique li\u00e9s aux produits de terroir<\/li><li>Le Minist\u00e8re du Commerce et le Minist\u00e8re de l\u00b4Economie sont charg\u00e9s de la promotion \u00e9conomique et commerciale en Tunisie et \u00e0 l&rsquo;international.<\/li><\/ul><p>Au niveau du secteur priv\u00e9, les membres du Comit\u00e9 de Pilotage de la Strat\u00e9gie sont :<\/p><ul><li>l&rsquo;Union Tunisienne de l\u2019Agriculture et de la P\u00eache (UTAP),<\/li><li>l&rsquo;Union Tunisienne de l\u2019Industrie du Commerce et de l\u2019Artisanat (UTICA)<\/li><li>la Conf\u00e9d\u00e9ration des Entreprises Citoyennes de Tunisie (CONECT)<\/li><\/ul><p>A travers l\u2019\u00e9laboration de la Strat\u00e9gie, c\u2019est le d\u00e9veloppement r\u00e9gional autour des produits de terroir qui est vis\u00e9 ainsi que le positionnement de la Tunisie en tant que destination touristique gourmande, riche en traditions et coutumes. La Strat\u00e9gie propose des orientations pour pouvoir exploiter tout le potentiel de croissance qui \u00e9mane des produits du terroir et qui va bien au-del\u00e0 de la vente de denr\u00e9es traditionnelles. Le but ultime de la valorisation des produits du terroir est la cr\u00e9ation d\u2019emplois, des revenus et surtout de la richesse qui d\u00e9coule notamment de la cr\u00e9ation d\u2019activit\u00e9s \u00e9conomiques annexes tels que l\u2019agrotourisme, les festivals culturels, la gastronomie, l\u00b4artisanat et le d\u00e9veloppement de nouveaux produits transform\u00e9s \u00e0 partir des produits phares de chaque r\u00e9gion.<\/p><p>Ainsi le plan d\u2019action national qui fait partie de la Strat\u00e9gie se concentre sur quatre axes cl\u00e9s :<\/p><ol><li>Production agricole et valorisation des produits du terroir,<\/li><li>Commercialisation des produits du terroir,<\/li><li>Marketing territorial, patrimoine immat\u00e9riel et tourisme autour des produits du terroir,<\/li><li>Gouvernance et structuration du sous-secteur des produits du terroir.<\/li><\/ol><p>La Strat\u00e9gie Tunisienne de Valorisation et de Promotion des Produits de Terroir est en train d\u00b4\u00eatre mise en \u0153uvre depuis juin 2022 dans les deux r\u00e9gions pilotes <a href=\"https:\/\/pampat.tn\/en\/les-regions-pilotes-2\/\"><u>Kairouan <\/u><\/a>et <a href=\"https:\/\/pampat.tn\/en\/les-regions-pilotes\/\"><u>Nabeul<\/u> <\/a>avec l&rsquo;appui du projet PAMPAT 2. La mise en place de la <a href=\"https:\/\/pampat.tn\/en\/presentation-de-la-filiere-grenades\/\"><u>Route Th\u00e9matique de la Grenade de Testour<\/u><\/a> est \u00e9galement en phase avec les orientations de valorisation multisectorielle de la Strat\u00e9gie Nationale.<\/p><p><a href=\"https:\/\/pampat.tn\/wp-content\/uploads\/2019\/03\/Broch.Strategie-Nat-1.pdf\" target=\"_blank\" rel=\"noopener\"><img loading=\"lazy\" decoding=\"async\" class=\"alignnone size-full wp-image-4992\" src=\"https:\/\/pampat.tn\/wp-content\/uploads\/2019\/03\/3018567_data_database_directory_fix_index_icon.png\" alt=\"\" width=\"48\" height=\"48\" srcset=\"https:\/\/pampat.tn\/wp-content\/uploads\/2019\/03\/3018567_data_database_directory_fix_index_icon.png 48w, https:\/\/pampat.tn\/wp-content\/uploads\/2019\/03\/3018567_data_database_directory_fix_index_icon-12x12.png 12w\" sizes=\"auto, (max-width: 48px) 100vw, 48px\" \/> Brochure de la premi\u00e8re strat\u00e9gie tunisienne des produits de terroir<\/a><\/p><p><a href=\"https:\/\/www.calameo.com\/read\/006676301a7b5866b9b3b\" target=\"_blank\" rel=\"noopener\"> <img loading=\"lazy\" decoding=\"async\" class=\"alignnone size-full wp-image-4992\" src=\"https:\/\/pampat.tn\/wp-content\/uploads\/2019\/03\/3018567_data_database_directory_fix_index_icon.png\" alt=\"\" width=\"48\" height=\"48\" srcset=\"https:\/\/pampat.tn\/wp-content\/uploads\/2019\/03\/3018567_data_database_directory_fix_index_icon.png 48w, https:\/\/pampat.tn\/wp-content\/uploads\/2019\/03\/3018567_data_database_directory_fix_index_icon-12x12.png 12w\" sizes=\"auto, (max-width: 48px) 100vw, 48px\" \/> Revue de presse La premi\u00e8re strat\u00e9gie Tunisienne des produits de terroir Octobre- Novembre 2024<\/a><\/p>\t\t\t\t\t<\/div>\n\t\t\t\t\t\t<\/div>\n\t\t\t\t<\/div>\n\t\t\t\t<div class=\"elementor-element elementor-element-2cf2bd3 elementor-widget elementor-widget-heading\" data-id=\"2cf2bd3\" data-element_type=\"widget\" data-widget_type=\"heading.default\">\n\t\t\t\t<div class=\"elementor-widget-container\">\n\t\t\t<h2 class=\"elementor-heading-title elementor-size-large\">Partners<\/h2>\t\t<\/div>\n\t\t\t\t<\/div>\n\t\t\t\t<div class=\"elementor-element elementor-element-03a3592 elementor-widget elementor-widget-image\" data-id=\"03a3592\" data-element_type=\"widget\" data-widget_type=\"image.default\">\n\t\t\t\t<div class=\"elementor-widget-container\">\n\t\t\t\t\t\t\t\t<div class=\"elementor-image\">\n\t\t\t\t\t\t\t\t\t\t\t\t<img loading=\"lazy\" decoding=\"async\" width=\"1241\" height=\"296\" src=\"https:\/\/pampat.tn\/wp-content\/uploads\/2019\/03\/Logo-Strategie_Plan-de-travail-1.png\" class=\"attachment-1536x1536 size-1536x1536\" alt=\"\" srcset=\"https:\/\/pampat.tn\/wp-content\/uploads\/2019\/03\/Logo-Strategie_Plan-de-travail-1.png 1241w, https:\/\/pampat.tn\/wp-content\/uploads\/2019\/03\/Logo-Strategie_Plan-de-travail-1-300x72.png 300w, https:\/\/pampat.tn\/wp-content\/uploads\/2019\/03\/Logo-Strategie_Plan-de-travail-1-1024x244.png 1024w, https:\/\/pampat.tn\/wp-content\/uploads\/2019\/03\/Logo-Strategie_Plan-de-travail-1-768x183.png 768w, https:\/\/pampat.tn\/wp-content\/uploads\/2019\/03\/Logo-Strategie_Plan-de-travail-1-18x4.png 18w\" sizes=\"auto, (max-width: 1241px) 100vw, 1241px\" \/>\t\t\t\t\t\t\t\t\t\t\t\t\t\t<\/div>\n\t\t\t\t\t\t<\/div>\n\t\t\t\t<\/div>\n\t\t\t\t\t\t<\/div>\n\t\t\t\t\t<\/div>\n\t\t<\/div>\n\t\t\t\t\t\t\t\t<\/div>\n\t\t\t\t\t<\/div>\n\t\t<\/section>\n\t\t\t\t\t\t<\/div>\n\t\t\t\t\t\t<\/div>\n\t\t\t\t\t<\/div>","protected":false},"excerpt":{"rendered":"<p>Pr\u00e9c\u00e9dent Suivant Pr\u00e9sentation de la Strat\u00e9gie Nationale En Tunisie, la promotion des produits locaux fait l&rsquo;objet d&rsquo;une attention croissante, le secteur public et priv\u00e9 reconnaissant l&rsquo;importance socio-\u00e9conomique des produits alimentaires traditionnels. Afin d\u2019impulser davantage le d\u00e9veloppement du sous-secteur des produits du terroir, le Minist\u00e8re de l\u2019Agriculture (DGPA, APIA) avec l\u2019appui du projet PAMPAT 2 a [&hellip;]<\/p>","protected":false},"author":3,"featured_media":0,"parent":0,"menu_order":0,"comment_status":"closed","ping_status":"closed","template":"elementor_header_footer","meta":{"footnotes":""},"class_list":["post-4811","page","type-page","status-publish","hentry"],"_links":{"self":[{"href":"https:\/\/pampat.tn\/en\/wp-json\/wp\/v2\/pages\/4811","targetHints":{"allow":["GET"]}}],"collection":[{"href":"https:\/\/pampat.tn\/en\/wp-json\/wp\/v2\/pages"}],"about":[{"href":"https:\/\/pampat.tn\/en\/wp-json\/wp\/v2\/types\/page"}],"author":[{"embeddable":true,"href":"https:\/\/pampat.tn\/en\/wp-json\/wp\/v2\/users\/3"}],"replies":[{"embeddable":true,"href":"https:\/\/pampat.tn\/en\/wp-json\/wp\/v2\/comments?post=4811"}],"version-history":[{"count":113,"href":"https:\/\/pampat.tn\/en\/wp-json\/wp\/v2\/pages\/4811\/revisions"}],"predecessor-version":[{"id":5980,"href":"https:\/\/pampat.tn\/en\/wp-json\/wp\/v2\/pages\/4811\/revisions\/5980"}],"wp:attachment":[{"href":"https:\/\/pampat.tn\/en\/wp-json\/wp\/v2\/media?parent=4811"}],"curies":[{"name":"wp","href":"https:\/\/api.w.org\/{rel}","templated":true}]}}